{"id":19,"date":"2024-04-23T15:10:42","date_gmt":"2024-04-23T18:10:42","guid":{"rendered":"https:\/\/quickshot.com.br\/es\/?page_id=19"},"modified":"2024-05-02T02:04:41","modified_gmt":"2024-05-02T05:04:41","slug":"tecnologia","status":"publish","type":"page","link":"https:\/\/quickshot.com.br\/es\/tecnologia\/","title":{"rendered":"Tecnolog\u00eda"},"content":{"rendered":"\t\t<div data-elementor-type=\"wp-page\" data-elementor-id=\"19\" class=\"elementor elementor-19\" data-elementor-post-type=\"page\">\n\t\t\t\t<div class=\"elementor-element elementor-element-57e93f7 e-flex e-con-boxed e-con e-parent\" data-id=\"57e93f7\" data-element_type=\"container\" data-e-type=\"container\">\n\t\t\t\t\t<div class=\"e-con-inner\">\n\t\t<div class=\"elementor-element elementor-element-066ed8b e-con-full e-flex e-con e-child\" data-id=\"066ed8b\" data-element_type=\"container\" data-e-type=\"container\">\n\t\t\t\t<div class=\"elementor-element elementor-element-cb5b030 elementor-widget elementor-widget-text-editor\" data-id=\"cb5b030\" data-element_type=\"widget\" data-e-type=\"widget\" data-widget_type=\"text-editor.default\">\n\t\t\t\t<div class=\"elementor-widget-container\">\n\t\t\t\t\t\t\t\t\t<p>Dos fen\u00f3menos que van de la mano en el tiro son el retroceso y la precisi\u00f3n del arma. Encontrar el punto de equilibrio para obtener los mejores resultados es un trabajo arduo, que exige conocimientos y muchas pruebas.<\/p><p>Seg\u00fan las conclusiones de nuestro departamento de ingenier\u00eda y desarrollo, el retroceso de las armas de resorte y pist\u00f3n, que dificulta su control y en consecuencia su precisi\u00f3n, resulta del \u00edndice de rigidez, en el caso de los resortes helicoidales, y de la curva de presi\u00f3n, en el caso de resortes de gas (Gas Ram).<\/p><p><strong>GAS RAM<\/strong><\/p><p>En cuanto al Gas Ram, la curva de presi\u00f3n determina el esfuerzo para amartillar el rifle de aire, as\u00ed como la energ\u00eda generada por el pist\u00f3n de gas y el retroceso del arma, y el punto crucial para obtener el mejor rendimiento del rifle de aire es determinar su aplicaci\u00f3n de antemano, es decir, ya sea para disparos de largo alcance, donde se requiere la mayor energ\u00eda o para disparos de medio alcance donde la precisi\u00f3n y no la alta energ\u00eda es la prioridad del tirador.<\/p>\t\t\t\t\t\t\t\t<\/div>\n\t\t\t\t<\/div>\n\t\t\t\t<\/div>\n\t\t<div class=\"elementor-element elementor-element-f051194 e-con-full e-flex e-con e-child\" data-id=\"f051194\" data-element_type=\"container\" data-e-type=\"container\">\n\t\t\t\t<div class=\"elementor-element elementor-element-3df250e elementor-widget elementor-widget-image\" data-id=\"3df250e\" data-element_type=\"widget\" data-e-type=\"widget\" data-widget_type=\"image.default\">\n\t\t\t\t<div class=\"elementor-widget-container\">\n\t\t\t\t\t\t\t\t\t\t\t\t\t\t\t<img fetchpriority=\"high\" decoding=\"async\" width=\"800\" height=\"535\" src=\"https:\/\/quickshot.com.br\/es\/wp-content\/uploads\/2024\/04\/banner_01-1024x685.jpg\" class=\"attachment-large size-large wp-image-409\" alt=\"\" srcset=\"https:\/\/quickshot.com.br\/es\/wp-content\/uploads\/2024\/04\/banner_01-1024x685.jpg 1024w, https:\/\/quickshot.com.br\/es\/wp-content\/uploads\/2024\/04\/banner_01-300x201.jpg 300w, https:\/\/quickshot.com.br\/es\/wp-content\/uploads\/2024\/04\/banner_01-768x514.jpg 768w, https:\/\/quickshot.com.br\/es\/wp-content\/uploads\/2024\/04\/banner_01-1536x1028.jpg 1536w, https:\/\/quickshot.com.br\/es\/wp-content\/uploads\/2024\/04\/banner_01.jpg 1920w\" sizes=\"(max-width: 800px) 100vw, 800px\" \/>\t\t\t\t\t\t\t\t\t\t\t\t\t\t\t<\/div>\n\t\t\t\t<\/div>\n\t\t\t\t<\/div>\n\t\t\t\t\t<\/div>\n\t\t\t\t<\/div>\n\t\t<div class=\"elementor-element elementor-element-c3f2254 e-flex e-con-boxed e-con e-parent\" data-id=\"c3f2254\" data-element_type=\"container\" data-e-type=\"container\">\n\t\t\t\t\t<div class=\"e-con-inner\">\n\t\t\t\t<div class=\"elementor-element elementor-element-4533c03 elementor-widget elementor-widget-text-editor\" data-id=\"4533c03\" data-element_type=\"widget\" data-e-type=\"widget\" data-widget_type=\"text-editor.default\">\n\t\t\t\t<div class=\"elementor-widget-container\">\n\t\t\t\t\t\t\t\t\t<p>La curva de presi\u00f3n define el tipo de uso de la arma de aire, por lo que una curva de presi\u00f3n m\u00e1s pronunciada da como resultado m\u00e1s energ\u00eda y una curva de presi\u00f3n m\u00e1s plana da como resultado menos retroceso, pero tambi\u00e9n con menos energ\u00eda y m\u00e1s esfuerzo para amartillar la arma de aire.<\/p><p>Por ejemplo, un rifle de aire equipado con un Gas Ram de 40 kgf (aprox. 88 lbf) que genera 10 Julios (7,37 lb-pie) de energ\u00eda tiene menos retroceso que un rifle equipado con un Gas Ram de 35 kgf (aprox. 77 lbf) que tambi\u00e9n genera 10 Julios de energ\u00eda. Esto ocurre porque para generar la misma energ\u00eda que 10 Julios (7,37 ft-lb), el Gas Ram de 40 kgf tiene una curva de presi\u00f3n m\u00e1s plana.<\/p><p>Sin embargo, cuando el objetivo es generar m\u00e1s energ\u00eda, se necesita acentuar m\u00e1s la curva de presi\u00f3n, as\u00ed, por ejemplo, se puede fabricar un Gas Ram de 40 kgf (88 lbf) que genera 14 o 16 Julios (10 o 12 ft-lb), pero producir\u00e1 un mayor retroceso que el Gas Ram de 40 kgf que genera solo 10 Julios (7,37 ft-lb). Por lo tanto, la conclusi\u00f3n es que el retroceso es el resultado de la mayor energ\u00eda generada por el rifle de aire. En estos casos disponemos de carabinas de aire comprimido en el sistema de compresi\u00f3n r\u00e1pida y compresi\u00f3n lenta, tambi\u00e9n clasificadas como cerbatana y expansi\u00f3n r\u00e1pida (popgun).<\/p><p><strong>RESORTE HELICOIDAL<\/strong><\/p><p>Estos fen\u00f3menos ocurren de la misma manera en las armas de aire equipadas con un resorte helicoidal. La diferencia es que en este caso, el comportamiento del rifle de aire depende del \u00edndice de rigidez del resorte, que no debe confundirse con el m\u00f3dulo de elasticidad, ya que son factores diferentes.<\/p><p>Entonces, en el caso del resorte helicoidal, la mayor relaci\u00f3n de rigidez tambi\u00e9n provoca una descompresi\u00f3n m\u00e1s r\u00e1pida y, por lo tanto, un mayor retroceso, mientras que la menor relaci\u00f3n de rigidez da como resultado un menor retroceso del rifle de aire.<\/p><p>Por lo tanto, es necesario aplicar los conocimientos de ingenier\u00eda adecuados para dise\u00f1ar y fabricar resortes helicoidales que cumplan con las diferentes condiciones de uso de la carabina de aire, ya que, como ya hemos dicho, las carabinas para tiro de largo alcance donde la energ\u00eda es la prioridad, act\u00faan de manera diferente de aquellas armas de aire comprimido para tiro al blanco a distancias cortas o medias, donde se espera un retroceso m\u00ednimo para facilitar el control del arma por parte del tirador y mejorar as\u00ed la precisi\u00f3n.<\/p><p><em><strong>Sin embargo, para las armas de aire comprimido de alta potencia, para que el esfuerzo de amartillado sea m\u00e1s c\u00f3modo, debemos elegir un resorte helicoidal con un \u00edndice m\u00e1s alto de rigidez o un ariete de gas (Gas Ram) con una curva de presi\u00f3n m\u00e1s alta, lo que resultar\u00e1 en algo de retroceso, pero con menos esfuerzo para amartillar la arma de aire.<\/strong><\/em><\/p><p><em><strong>En QuickShot somos capaces de desarrollar el sistema Gas Ram o Resorte Helicoidal que mejor se adapte a las condiciones de tiro que busca cada tirador.<\/strong><\/em><\/p>\t\t\t\t\t\t\t\t<\/div>\n\t\t\t\t<\/div>\n\t\t\t\t\t<\/div>\n\t\t\t\t<\/div>\n\t\t\t\t<\/div>\n\t\t","protected":false},"excerpt":{"rendered":"<p>Dos fen\u00f3menos que van de la mano en el tiro son el retroceso y la precisi\u00f3n del arma. Encontrar el punto de equilibrio para obtener los mejores resultados es un trabajo arduo, que exige conocimientos y muchas pruebas. Seg\u00fan las conclusiones de nuestro departamento de ingenier\u00eda y desarrollo, el retroceso de las armas de resorte [&hellip;]<\/p>\n","protected":false},"author":1,"featured_media":0,"parent":0,"menu_order":0,"comment_status":"closed","ping_status":"closed","template":"","meta":{"footnotes":""},"class_list":["post-19","page","type-page","status-publish","hentry"],"yoast_head":"<!-- This site is optimized with the Yoast SEO plugin v27.4 - https:\/\/yoast.com\/product\/yoast-seo-wordpress\/ -->\n<title>Quick Shot | Art\u00edculos deportivos | Cont\u00e1ctenos: +55 19 3801-1000 | Tecnolog\u00eda<\/title>\n<meta name=\"description\" content=\"Uno de los mayores fabricantes de Ram Gas y accesorios para pistolas de aire comprimido del pa\u00eds. Accesorios exclusivos para Carabina y Airsoft. Componentes que se adaptan a diferentes marcas y modelos de armas a\u00e9reas. La \u00faltima tecnolog\u00eda en repuestos y accesorios para pistolas de aire comprimido.\" \/>\n<meta name=\"robots\" content=\"index, follow, max-snippet:-1, max-image-preview:large, max-video-preview:-1\" \/>\n<link rel=\"canonical\" href=\"https:\/\/quickshot.com.br\/es\/tecnologia\/\" \/>\n<meta property=\"og:locale\" content=\"en_US\" \/>\n<meta property=\"og:type\" content=\"article\" \/>\n<meta property=\"og:title\" content=\"Quick Shot | Art\u00edculos deportivos | Cont\u00e1ctenos: +55 19 3801-1000 | Tecnolog\u00eda\" \/>\n<meta property=\"og:description\" content=\"Uno de los mayores fabricantes de Ram Gas y accesorios para pistolas de aire comprimido del pa\u00eds. Accesorios exclusivos para Carabina y Airsoft. Componentes que se adaptan a diferentes marcas y modelos de armas a\u00e9reas. La \u00faltima tecnolog\u00eda en repuestos y accesorios para pistolas de aire comprimido.\" \/>\n<meta property=\"og:url\" content=\"https:\/\/quickshot.com.br\/es\/tecnologia\/\" \/>\n<meta property=\"og:site_name\" content=\"Quick Shot\" \/>\n<meta property=\"article:modified_time\" content=\"2024-05-02T05:04:41+00:00\" \/>\n<meta property=\"og:image\" content=\"https:\/\/quickshot.com.br\/es\/wp-content\/uploads\/2024\/04\/banner_01-1024x685.jpg\" \/>\n<meta name=\"twitter:card\" content=\"summary_large_image\" \/>\n<meta name=\"twitter:label1\" content=\"Est. reading time\" \/>\n\t<meta name=\"twitter:data1\" content=\"4 minutes\" \/>\n<script type=\"application\/ld+json\" class=\"yoast-schema-graph\">{\"@context\":\"https:\\\/\\\/schema.org\",\"@graph\":[{\"@type\":\"WebPage\",\"@id\":\"https:\\\/\\\/quickshot.com.br\\\/es\\\/tecnologia\\\/\",\"url\":\"https:\\\/\\\/quickshot.com.br\\\/es\\\/tecnologia\\\/\",\"name\":\"Quick Shot | Art\u00edculos deportivos | Cont\u00e1ctenos: +55 19 3801-1000 | Tecnolog\u00eda\",\"isPartOf\":{\"@id\":\"https:\\\/\\\/quickshot.com.br\\\/es\\\/#website\"},\"primaryImageOfPage\":{\"@id\":\"https:\\\/\\\/quickshot.com.br\\\/es\\\/tecnologia\\\/#primaryimage\"},\"image\":{\"@id\":\"https:\\\/\\\/quickshot.com.br\\\/es\\\/tecnologia\\\/#primaryimage\"},\"thumbnailUrl\":\"https:\\\/\\\/quickshot.com.br\\\/es\\\/wp-content\\\/uploads\\\/2024\\\/04\\\/banner_01-1024x685.jpg\",\"datePublished\":\"2024-04-23T18:10:42+00:00\",\"dateModified\":\"2024-05-02T05:04:41+00:00\",\"description\":\"Uno de los mayores fabricantes de Ram Gas y accesorios para pistolas de aire comprimido del pa\u00eds. Accesorios exclusivos para Carabina y Airsoft. Componentes que se adaptan a diferentes marcas y modelos de armas a\u00e9reas. La \u00faltima tecnolog\u00eda en repuestos y accesorios para pistolas de aire comprimido.\",\"breadcrumb\":{\"@id\":\"https:\\\/\\\/quickshot.com.br\\\/es\\\/tecnologia\\\/#breadcrumb\"},\"inLanguage\":\"en-US\",\"potentialAction\":[{\"@type\":\"ReadAction\",\"target\":[\"https:\\\/\\\/quickshot.com.br\\\/es\\\/tecnologia\\\/\"]}]},{\"@type\":\"ImageObject\",\"inLanguage\":\"en-US\",\"@id\":\"https:\\\/\\\/quickshot.com.br\\\/es\\\/tecnologia\\\/#primaryimage\",\"url\":\"https:\\\/\\\/quickshot.com.br\\\/es\\\/wp-content\\\/uploads\\\/2024\\\/04\\\/banner_01.jpg\",\"contentUrl\":\"https:\\\/\\\/quickshot.com.br\\\/es\\\/wp-content\\\/uploads\\\/2024\\\/04\\\/banner_01.jpg\",\"width\":1920,\"height\":1285},{\"@type\":\"BreadcrumbList\",\"@id\":\"https:\\\/\\\/quickshot.com.br\\\/es\\\/tecnologia\\\/#breadcrumb\",\"itemListElement\":[{\"@type\":\"ListItem\",\"position\":1,\"name\":\"Home\",\"item\":\"https:\\\/\\\/quickshot.com.br\\\/es\\\/\"},{\"@type\":\"ListItem\",\"position\":2,\"name\":\"Tecnolog\u00eda\"}]},{\"@type\":\"WebSite\",\"@id\":\"https:\\\/\\\/quickshot.com.br\\\/es\\\/#website\",\"url\":\"https:\\\/\\\/quickshot.com.br\\\/es\\\/\",\"name\":\"Quick Shot\",\"description\":\"Uno de los mayores fabricantes de Ram Gas y accesorios para pistolas de aire comprimido del pa\u00eds. Accesorios exclusivos para Carabina y Airsoft. Componentes que se adaptan a diferentes marcas y modelos de armas a\u00e9reas. La \u00faltima tecnolog\u00eda en repuestos y accesorios para pistolas de aire comprimido.\",\"publisher\":{\"@id\":\"https:\\\/\\\/quickshot.com.br\\\/es\\\/#organization\"},\"alternateName\":\"Quick Shot | Art\u00edculos deportivos | Cont\u00e1ctenos: +55 19 3801-1000\",\"potentialAction\":[{\"@type\":\"SearchAction\",\"target\":{\"@type\":\"EntryPoint\",\"urlTemplate\":\"https:\\\/\\\/quickshot.com.br\\\/es\\\/?s={search_term_string}\"},\"query-input\":{\"@type\":\"PropertyValueSpecification\",\"valueRequired\":true,\"valueName\":\"search_term_string\"}}],\"inLanguage\":\"en-US\"},{\"@type\":\"Organization\",\"@id\":\"https:\\\/\\\/quickshot.com.br\\\/es\\\/#organization\",\"name\":\"Quick Shot\",\"alternateName\":\"Quick Shot | Art\u00edculos deportivos | Cont\u00e1ctenos: +55 19 3801-1000\",\"url\":\"https:\\\/\\\/quickshot.com.br\\\/es\\\/\",\"logo\":{\"@type\":\"ImageObject\",\"inLanguage\":\"en-US\",\"@id\":\"https:\\\/\\\/quickshot.com.br\\\/es\\\/#\\\/schema\\\/logo\\\/image\\\/\",\"url\":\"https:\\\/\\\/quickshot.com.br\\\/es\\\/wp-content\\\/uploads\\\/2024\\\/04\\\/logo.jpg\",\"contentUrl\":\"https:\\\/\\\/quickshot.com.br\\\/es\\\/wp-content\\\/uploads\\\/2024\\\/04\\\/logo.jpg\",\"width\":450,\"height\":156,\"caption\":\"Quick Shot\"},\"image\":{\"@id\":\"https:\\\/\\\/quickshot.com.br\\\/es\\\/#\\\/schema\\\/logo\\\/image\\\/\"}}]}<\/script>\n<!-- \/ Yoast SEO plugin. -->","yoast_head_json":{"title":"Quick Shot | Art\u00edculos deportivos | Cont\u00e1ctenos: +55 19 3801-1000 | Tecnolog\u00eda","description":"Uno de los mayores fabricantes de Ram Gas y accesorios para pistolas de aire comprimido del pa\u00eds. Accesorios exclusivos para Carabina y Airsoft. Componentes que se adaptan a diferentes marcas y modelos de armas a\u00e9reas. La \u00faltima tecnolog\u00eda en repuestos y accesorios para pistolas de aire comprimido.","robots":{"index":"index","follow":"follow","max-snippet":"max-snippet:-1","max-image-preview":"max-image-preview:large","max-video-preview":"max-video-preview:-1"},"canonical":"https:\/\/quickshot.com.br\/es\/tecnologia\/","og_locale":"en_US","og_type":"article","og_title":"Quick Shot | Art\u00edculos deportivos | Cont\u00e1ctenos: +55 19 3801-1000 | Tecnolog\u00eda","og_description":"Uno de los mayores fabricantes de Ram Gas y accesorios para pistolas de aire comprimido del pa\u00eds. Accesorios exclusivos para Carabina y Airsoft. Componentes que se adaptan a diferentes marcas y modelos de armas a\u00e9reas. La \u00faltima tecnolog\u00eda en repuestos y accesorios para pistolas de aire comprimido.","og_url":"https:\/\/quickshot.com.br\/es\/tecnologia\/","og_site_name":"Quick Shot","article_modified_time":"2024-05-02T05:04:41+00:00","og_image":[{"url":"https:\/\/quickshot.com.br\/es\/wp-content\/uploads\/2024\/04\/banner_01-1024x685.jpg","type":"","width":"","height":""}],"twitter_card":"summary_large_image","twitter_misc":{"Est. reading time":"4 minutes"},"schema":{"@context":"https:\/\/schema.org","@graph":[{"@type":"WebPage","@id":"https:\/\/quickshot.com.br\/es\/tecnologia\/","url":"https:\/\/quickshot.com.br\/es\/tecnologia\/","name":"Quick Shot | Art\u00edculos deportivos | Cont\u00e1ctenos: +55 19 3801-1000 | Tecnolog\u00eda","isPartOf":{"@id":"https:\/\/quickshot.com.br\/es\/#website"},"primaryImageOfPage":{"@id":"https:\/\/quickshot.com.br\/es\/tecnologia\/#primaryimage"},"image":{"@id":"https:\/\/quickshot.com.br\/es\/tecnologia\/#primaryimage"},"thumbnailUrl":"https:\/\/quickshot.com.br\/es\/wp-content\/uploads\/2024\/04\/banner_01-1024x685.jpg","datePublished":"2024-04-23T18:10:42+00:00","dateModified":"2024-05-02T05:04:41+00:00","description":"Uno de los mayores fabricantes de Ram Gas y accesorios para pistolas de aire comprimido del pa\u00eds. Accesorios exclusivos para Carabina y Airsoft. Componentes que se adaptan a diferentes marcas y modelos de armas a\u00e9reas. La \u00faltima tecnolog\u00eda en repuestos y accesorios para pistolas de aire comprimido.","breadcrumb":{"@id":"https:\/\/quickshot.com.br\/es\/tecnologia\/#breadcrumb"},"inLanguage":"en-US","potentialAction":[{"@type":"ReadAction","target":["https:\/\/quickshot.com.br\/es\/tecnologia\/"]}]},{"@type":"ImageObject","inLanguage":"en-US","@id":"https:\/\/quickshot.com.br\/es\/tecnologia\/#primaryimage","url":"https:\/\/quickshot.com.br\/es\/wp-content\/uploads\/2024\/04\/banner_01.jpg","contentUrl":"https:\/\/quickshot.com.br\/es\/wp-content\/uploads\/2024\/04\/banner_01.jpg","width":1920,"height":1285},{"@type":"BreadcrumbList","@id":"https:\/\/quickshot.com.br\/es\/tecnologia\/#breadcrumb","itemListElement":[{"@type":"ListItem","position":1,"name":"Home","item":"https:\/\/quickshot.com.br\/es\/"},{"@type":"ListItem","position":2,"name":"Tecnolog\u00eda"}]},{"@type":"WebSite","@id":"https:\/\/quickshot.com.br\/es\/#website","url":"https:\/\/quickshot.com.br\/es\/","name":"Quick Shot","description":"Uno de los mayores fabricantes de Ram Gas y accesorios para pistolas de aire comprimido del pa\u00eds. Accesorios exclusivos para Carabina y Airsoft. Componentes que se adaptan a diferentes marcas y modelos de armas a\u00e9reas. La \u00faltima tecnolog\u00eda en repuestos y accesorios para pistolas de aire comprimido.","publisher":{"@id":"https:\/\/quickshot.com.br\/es\/#organization"},"alternateName":"Quick Shot | Art\u00edculos deportivos | Cont\u00e1ctenos: +55 19 3801-1000","potentialAction":[{"@type":"SearchAction","target":{"@type":"EntryPoint","urlTemplate":"https:\/\/quickshot.com.br\/es\/?s={search_term_string}"},"query-input":{"@type":"PropertyValueSpecification","valueRequired":true,"valueName":"search_term_string"}}],"inLanguage":"en-US"},{"@type":"Organization","@id":"https:\/\/quickshot.com.br\/es\/#organization","name":"Quick Shot","alternateName":"Quick Shot | Art\u00edculos deportivos | Cont\u00e1ctenos: +55 19 3801-1000","url":"https:\/\/quickshot.com.br\/es\/","logo":{"@type":"ImageObject","inLanguage":"en-US","@id":"https:\/\/quickshot.com.br\/es\/#\/schema\/logo\/image\/","url":"https:\/\/quickshot.com.br\/es\/wp-content\/uploads\/2024\/04\/logo.jpg","contentUrl":"https:\/\/quickshot.com.br\/es\/wp-content\/uploads\/2024\/04\/logo.jpg","width":450,"height":156,"caption":"Quick Shot"},"image":{"@id":"https:\/\/quickshot.com.br\/es\/#\/schema\/logo\/image\/"}}]}},"_links":{"self":[{"href":"https:\/\/quickshot.com.br\/es\/wp-json\/wp\/v2\/pages\/19","targetHints":{"allow":["GET"]}}],"collection":[{"href":"https:\/\/quickshot.com.br\/es\/wp-json\/wp\/v2\/pages"}],"about":[{"href":"https:\/\/quickshot.com.br\/es\/wp-json\/wp\/v2\/types\/page"}],"author":[{"embeddable":true,"href":"https:\/\/quickshot.com.br\/es\/wp-json\/wp\/v2\/users\/1"}],"replies":[{"embeddable":true,"href":"https:\/\/quickshot.com.br\/es\/wp-json\/wp\/v2\/comments?post=19"}],"version-history":[{"count":5,"href":"https:\/\/quickshot.com.br\/es\/wp-json\/wp\/v2\/pages\/19\/revisions"}],"predecessor-version":[{"id":1650,"href":"https:\/\/quickshot.com.br\/es\/wp-json\/wp\/v2\/pages\/19\/revisions\/1650"}],"wp:attachment":[{"href":"https:\/\/quickshot.com.br\/es\/wp-json\/wp\/v2\/media?parent=19"}],"curies":[{"name":"wp","href":"https:\/\/api.w.org\/{rel}","templated":true}]}}