{"id":21,"date":"2024-04-23T15:10:54","date_gmt":"2024-04-23T18:10:54","guid":{"rendered":"https:\/\/quickshot.com.br\/es\/?page_id=21"},"modified":"2024-05-02T00:49:54","modified_gmt":"2024-05-02T03:49:54","slug":"airgun","status":"publish","type":"page","link":"https:\/\/quickshot.com.br\/es\/airgun\/","title":{"rendered":"Airgun"},"content":{"rendered":"\t\t<div data-elementor-type=\"wp-page\" data-elementor-id=\"21\" class=\"elementor elementor-21\" data-elementor-post-type=\"page\">\n\t\t\t\t<div class=\"elementor-element elementor-element-775f4cc e-flex e-con-boxed e-con e-parent\" data-id=\"775f4cc\" data-element_type=\"container\" data-e-type=\"container\">\n\t\t\t\t\t<div class=\"e-con-inner\">\n\t\t\t\t<div class=\"elementor-element elementor-element-8aa018c elementor-posts--align-center elementor-grid-3 elementor-grid-tablet-2 elementor-grid-mobile-1 elementor-posts--thumbnail-top elementor-widget elementor-widget-posts\" data-id=\"8aa018c\" data-element_type=\"widget\" data-e-type=\"widget\" data-settings=\"{&quot;classic_columns&quot;:&quot;3&quot;,&quot;classic_columns_tablet&quot;:&quot;2&quot;,&quot;classic_columns_mobile&quot;:&quot;1&quot;,&quot;classic_row_gap&quot;:{&quot;unit&quot;:&quot;px&quot;,&quot;size&quot;:35,&quot;sizes&quot;:[]},&quot;classic_row_gap_tablet&quot;:{&quot;unit&quot;:&quot;px&quot;,&quot;size&quot;:&quot;&quot;,&quot;sizes&quot;:[]},&quot;classic_row_gap_mobile&quot;:{&quot;unit&quot;:&quot;px&quot;,&quot;size&quot;:&quot;&quot;,&quot;sizes&quot;:[]}}\" data-widget_type=\"posts.classic\">\n\t\t\t\t<div class=\"elementor-widget-container\">\n\t\t\t\t\t\t\t<div class=\"elementor-posts-container elementor-posts elementor-posts--skin-classic elementor-grid\" role=\"list\">\n\t\t\t\t<article class=\"elementor-post elementor-grid-item post-544 page type-page status-publish has-post-thumbnail hentry\" role=\"listitem\">\n\t\t\t\t<a class=\"elementor-post__thumbnail__link\" href=\"https:\/\/quickshot.com.br\/es\/airgun\/kits-gas-ram\/\" tabindex=\"-1\" >\n\t\t\t<div class=\"elementor-post__thumbnail\"><img fetchpriority=\"high\" decoding=\"async\" width=\"300\" height=\"300\" src=\"https:\/\/quickshot.com.br\/es\/wp-content\/uploads\/2024\/04\/kit-gas-ram-300x300.jpg\" class=\"attachment-medium size-medium wp-image-546\" alt=\"\" srcset=\"https:\/\/quickshot.com.br\/es\/wp-content\/uploads\/2024\/04\/kit-gas-ram-300x300.jpg 300w, https:\/\/quickshot.com.br\/es\/wp-content\/uploads\/2024\/04\/kit-gas-ram-150x150.jpg 150w, https:\/\/quickshot.com.br\/es\/wp-content\/uploads\/2024\/04\/kit-gas-ram-768x768.jpg 768w, https:\/\/quickshot.com.br\/es\/wp-content\/uploads\/2024\/04\/kit-gas-ram.jpg 1000w\" sizes=\"(max-width: 300px) 100vw, 300px\" \/><\/div>\n\t\t<\/a>\n\t\t\t\t<div class=\"elementor-post__text\">\n\t\t\t\t<h3 class=\"elementor-post__title\">\n\t\t\t<a href=\"https:\/\/quickshot.com.br\/es\/airgun\/kits-gas-ram\/\" >\n\t\t\t\tKits Gas Ram\t\t\t<\/a>\n\t\t<\/h3>\n\t\t\t\t<\/div>\n\t\t\t\t<\/article>\n\t\t\t\t<article class=\"elementor-post elementor-grid-item post-586 page type-page status-publish has-post-thumbnail hentry\" role=\"listitem\">\n\t\t\t\t<a class=\"elementor-post__thumbnail__link\" href=\"https:\/\/quickshot.com.br\/es\/airgun\/kits-resorte-helicoidal-prime-alloy\/\" tabindex=\"-1\" >\n\t\t\t<div class=\"elementor-post__thumbnail\"><img decoding=\"async\" width=\"300\" height=\"300\" src=\"https:\/\/quickshot.com.br\/es\/wp-content\/uploads\/2024\/04\/mola-de-aco-300x300.jpg\" class=\"attachment-medium size-medium wp-image-595\" alt=\"\" srcset=\"https:\/\/quickshot.com.br\/es\/wp-content\/uploads\/2024\/04\/mola-de-aco-300x300.jpg 300w, https:\/\/quickshot.com.br\/es\/wp-content\/uploads\/2024\/04\/mola-de-aco-150x150.jpg 150w, https:\/\/quickshot.com.br\/es\/wp-content\/uploads\/2024\/04\/mola-de-aco-768x768.jpg 768w, https:\/\/quickshot.com.br\/es\/wp-content\/uploads\/2024\/04\/mola-de-aco.jpg 1000w\" sizes=\"(max-width: 300px) 100vw, 300px\" \/><\/div>\n\t\t<\/a>\n\t\t\t\t<div class=\"elementor-post__text\">\n\t\t\t\t<h3 class=\"elementor-post__title\">\n\t\t\t<a href=\"https:\/\/quickshot.com.br\/es\/airgun\/kits-resorte-helicoidal-prime-alloy\/\" >\n\t\t\t\tKits Resorte Helicoidal PRIME ALLOY\t\t\t<\/a>\n\t\t<\/h3>\n\t\t\t\t<\/div>\n\t\t\t\t<\/article>\n\t\t\t\t<article class=\"elementor-post elementor-grid-item post-597 page type-page status-publish has-post-thumbnail hentry\" role=\"listitem\">\n\t\t\t\t<a class=\"elementor-post__thumbnail__link\" href=\"https:\/\/quickshot.com.br\/es\/airgun\/regulador-de-presion\/\" tabindex=\"-1\" >\n\t\t\t<div class=\"elementor-post__thumbnail\"><img decoding=\"async\" width=\"300\" height=\"300\" src=\"https:\/\/quickshot.com.br\/es\/wp-content\/uploads\/2024\/04\/valvulas-reguladoras-1.jpg\" class=\"attachment-medium size-medium wp-image-594\" alt=\"\" srcset=\"https:\/\/quickshot.com.br\/es\/wp-content\/uploads\/2024\/04\/valvulas-reguladoras-1.jpg 300w, https:\/\/quickshot.com.br\/es\/wp-content\/uploads\/2024\/04\/valvulas-reguladoras-1-150x150.jpg 150w\" sizes=\"(max-width: 300px) 100vw, 300px\" \/><\/div>\n\t\t<\/a>\n\t\t\t\t<div class=\"elementor-post__text\">\n\t\t\t\t<h3 class=\"elementor-post__title\">\n\t\t\t<a href=\"https:\/\/quickshot.com.br\/es\/airgun\/regulador-de-presion\/\" >\n\t\t\t\tRegulador de Presi\u00f3n\t\t\t<\/a>\n\t\t<\/h3>\n\t\t\t\t<\/div>\n\t\t\t\t<\/article>\n\t\t\t\t<article class=\"elementor-post elementor-grid-item post-599 page type-page status-publish has-post-thumbnail hentry\" role=\"listitem\">\n\t\t\t\t<a class=\"elementor-post__thumbnail__link\" href=\"https:\/\/quickshot.com.br\/es\/airgun\/sello-del-piston\/\" tabindex=\"-1\" >\n\t\t\t<div class=\"elementor-post__thumbnail\"><img loading=\"lazy\" decoding=\"async\" width=\"300\" height=\"300\" src=\"https:\/\/quickshot.com.br\/es\/wp-content\/uploads\/2024\/04\/familia_buchas-300x300.jpg\" class=\"attachment-medium size-medium wp-image-589\" alt=\"\" srcset=\"https:\/\/quickshot.com.br\/es\/wp-content\/uploads\/2024\/04\/familia_buchas-300x300.jpg 300w, https:\/\/quickshot.com.br\/es\/wp-content\/uploads\/2024\/04\/familia_buchas-150x150.jpg 150w, https:\/\/quickshot.com.br\/es\/wp-content\/uploads\/2024\/04\/familia_buchas-768x768.jpg 768w, https:\/\/quickshot.com.br\/es\/wp-content\/uploads\/2024\/04\/familia_buchas.jpg 1000w\" sizes=\"(max-width: 300px) 100vw, 300px\" \/><\/div>\n\t\t<\/a>\n\t\t\t\t<div class=\"elementor-post__text\">\n\t\t\t\t<h3 class=\"elementor-post__title\">\n\t\t\t<a href=\"https:\/\/quickshot.com.br\/es\/airgun\/sello-del-piston\/\" >\n\t\t\t\tSello del Pist\u00f3n\t\t\t<\/a>\n\t\t<\/h3>\n\t\t\t\t<\/div>\n\t\t\t\t<\/article>\n\t\t\t\t<article class=\"elementor-post elementor-grid-item post-601 page type-page status-publish has-post-thumbnail hentry\" role=\"listitem\">\n\t\t\t\t<a class=\"elementor-post__thumbnail__link\" href=\"https:\/\/quickshot.com.br\/es\/airgun\/gatillos\/\" tabindex=\"-1\" >\n\t\t\t<div class=\"elementor-post__thumbnail\"><img loading=\"lazy\" decoding=\"async\" width=\"300\" height=\"300\" src=\"https:\/\/quickshot.com.br\/es\/wp-content\/uploads\/2024\/04\/gatilhos_destaque-300x300.jpg\" class=\"attachment-medium size-medium wp-image-591\" alt=\"\" srcset=\"https:\/\/quickshot.com.br\/es\/wp-content\/uploads\/2024\/04\/gatilhos_destaque-300x300.jpg 300w, https:\/\/quickshot.com.br\/es\/wp-content\/uploads\/2024\/04\/gatilhos_destaque-150x150.jpg 150w, https:\/\/quickshot.com.br\/es\/wp-content\/uploads\/2024\/04\/gatilhos_destaque-768x768.jpg 768w, https:\/\/quickshot.com.br\/es\/wp-content\/uploads\/2024\/04\/gatilhos_destaque.jpg 1000w\" sizes=\"(max-width: 300px) 100vw, 300px\" \/><\/div>\n\t\t<\/a>\n\t\t\t\t<div class=\"elementor-post__text\">\n\t\t\t\t<h3 class=\"elementor-post__title\">\n\t\t\t<a href=\"https:\/\/quickshot.com.br\/es\/airgun\/gatillos\/\" >\n\t\t\t\tGatillos\t\t\t<\/a>\n\t\t<\/h3>\n\t\t\t\t<\/div>\n\t\t\t\t<\/article>\n\t\t\t\t<article class=\"elementor-post elementor-grid-item post-603 page type-page status-publish has-post-thumbnail hentry\" role=\"listitem\">\n\t\t\t\t<a class=\"elementor-post__thumbnail__link\" href=\"https:\/\/quickshot.com.br\/es\/airgun\/bocahas-cubierta-del-canon-y-air-strippes\/\" tabindex=\"-1\" >\n\t\t\t<div class=\"elementor-post__thumbnail\"><img loading=\"lazy\" decoding=\"async\" width=\"300\" height=\"300\" src=\"https:\/\/quickshot.com.br\/es\/wp-content\/uploads\/2024\/04\/muzzle-300x300.jpg\" class=\"attachment-medium size-medium wp-image-593\" alt=\"\" srcset=\"https:\/\/quickshot.com.br\/es\/wp-content\/uploads\/2024\/04\/muzzle-300x300.jpg 300w, https:\/\/quickshot.com.br\/es\/wp-content\/uploads\/2024\/04\/muzzle-150x150.jpg 150w, https:\/\/quickshot.com.br\/es\/wp-content\/uploads\/2024\/04\/muzzle-768x768.jpg 768w, https:\/\/quickshot.com.br\/es\/wp-content\/uploads\/2024\/04\/muzzle.jpg 1000w\" sizes=\"(max-width: 300px) 100vw, 300px\" \/><\/div>\n\t\t<\/a>\n\t\t\t\t<div class=\"elementor-post__text\">\n\t\t\t\t<h3 class=\"elementor-post__title\">\n\t\t\t<a href=\"https:\/\/quickshot.com.br\/es\/airgun\/bocahas-cubierta-del-canon-y-air-strippes\/\" >\n\t\t\t\tBocahas, Cubierta del Ca\u00f1\u00f3n y Air Strippes\t\t\t<\/a>\n\t\t<\/h3>\n\t\t\t\t<\/div>\n\t\t\t\t<\/article>\n\t\t\t\t<article class=\"elementor-post elementor-grid-item post-605 page type-page status-publish has-post-thumbnail hentry\" role=\"listitem\">\n\t\t\t\t<a class=\"elementor-post__thumbnail__link\" href=\"https:\/\/quickshot.com.br\/es\/airgun\/piston\/\" tabindex=\"-1\" >\n\t\t\t<div class=\"elementor-post__thumbnail\"><img loading=\"lazy\" decoding=\"async\" width=\"300\" height=\"300\" src=\"https:\/\/quickshot.com.br\/es\/wp-content\/uploads\/2024\/04\/embolos-300x300.jpg\" class=\"attachment-medium size-medium wp-image-588\" alt=\"\" srcset=\"https:\/\/quickshot.com.br\/es\/wp-content\/uploads\/2024\/04\/embolos-300x300.jpg 300w, https:\/\/quickshot.com.br\/es\/wp-content\/uploads\/2024\/04\/embolos-150x150.jpg 150w, https:\/\/quickshot.com.br\/es\/wp-content\/uploads\/2024\/04\/embolos-768x768.jpg 768w, https:\/\/quickshot.com.br\/es\/wp-content\/uploads\/2024\/04\/embolos.jpg 1000w\" sizes=\"(max-width: 300px) 100vw, 300px\" \/><\/div>\n\t\t<\/a>\n\t\t\t\t<div class=\"elementor-post__text\">\n\t\t\t\t<h3 class=\"elementor-post__title\">\n\t\t\t<a href=\"https:\/\/quickshot.com.br\/es\/airgun\/piston\/\" >\n\t\t\t\tPist\u00f3n\t\t\t<\/a>\n\t\t<\/h3>\n\t\t\t\t<\/div>\n\t\t\t\t<\/article>\n\t\t\t\t<article class=\"elementor-post elementor-grid-item post-609 page type-page status-publish has-post-thumbnail hentry\" role=\"listitem\">\n\t\t\t\t<a class=\"elementor-post__thumbnail__link\" href=\"https:\/\/quickshot.com.br\/es\/airgun\/miras-abiertas\/\" tabindex=\"-1\" >\n\t\t\t<div class=\"elementor-post__thumbnail\"><img loading=\"lazy\" decoding=\"async\" width=\"300\" height=\"300\" src=\"https:\/\/quickshot.com.br\/es\/wp-content\/uploads\/2024\/04\/familia_mira_aberta-300x300.jpg\" class=\"attachment-medium size-medium wp-image-590\" alt=\"\" srcset=\"https:\/\/quickshot.com.br\/es\/wp-content\/uploads\/2024\/04\/familia_mira_aberta-300x300.jpg 300w, https:\/\/quickshot.com.br\/es\/wp-content\/uploads\/2024\/04\/familia_mira_aberta-150x150.jpg 150w, https:\/\/quickshot.com.br\/es\/wp-content\/uploads\/2024\/04\/familia_mira_aberta-768x768.jpg 768w, https:\/\/quickshot.com.br\/es\/wp-content\/uploads\/2024\/04\/familia_mira_aberta.jpg 1000w\" sizes=\"(max-width: 300px) 100vw, 300px\" \/><\/div>\n\t\t<\/a>\n\t\t\t\t<div class=\"elementor-post__text\">\n\t\t\t\t<h3 class=\"elementor-post__title\">\n\t\t\t<a href=\"https:\/\/quickshot.com.br\/es\/airgun\/miras-abiertas\/\" >\n\t\t\t\tMiras Abiertas\t\t\t<\/a>\n\t\t<\/h3>\n\t\t\t\t<\/div>\n\t\t\t\t<\/article>\n\t\t\t\t<article class=\"elementor-post elementor-grid-item post-611 page type-page status-publish has-post-thumbnail hentry\" role=\"listitem\">\n\t\t\t\t<a class=\"elementor-post__thumbnail__link\" href=\"https:\/\/quickshot.com.br\/es\/airgun\/mantenimiento\/\" tabindex=\"-1\" >\n\t\t\t<div class=\"elementor-post__thumbnail\"><img loading=\"lazy\" decoding=\"async\" width=\"300\" height=\"300\" src=\"https:\/\/quickshot.com.br\/es\/wp-content\/uploads\/2024\/04\/manutencao-300x300.jpg\" class=\"attachment-medium size-medium wp-image-592\" alt=\"\" srcset=\"https:\/\/quickshot.com.br\/es\/wp-content\/uploads\/2024\/04\/manutencao-300x300.jpg 300w, https:\/\/quickshot.com.br\/es\/wp-content\/uploads\/2024\/04\/manutencao-150x150.jpg 150w, https:\/\/quickshot.com.br\/es\/wp-content\/uploads\/2024\/04\/manutencao-768x768.jpg 768w, https:\/\/quickshot.com.br\/es\/wp-content\/uploads\/2024\/04\/manutencao.jpg 1000w\" sizes=\"(max-width: 300px) 100vw, 300px\" \/><\/div>\n\t\t<\/a>\n\t\t\t\t<div class=\"elementor-post__text\">\n\t\t\t\t<h3 class=\"elementor-post__title\">\n\t\t\t<a href=\"https:\/\/quickshot.com.br\/es\/airgun\/mantenimiento\/\" >\n\t\t\t\tMantenimiento\t\t\t<\/a>\n\t\t<\/h3>\n\t\t\t\t<\/div>\n\t\t\t\t<\/article>\n\t\t\t\t<\/div>\n\t\t\n\t\t\t\t\t\t<\/div>\n\t\t\t\t<\/div>\n\t\t\t\t\t<\/div>\n\t\t\t\t<\/div>\n\t\t\t\t<\/div>\n\t\t","protected":false},"excerpt":{"rendered":"","protected":false},"author":1,"featured_media":0,"parent":0,"menu_order":0,"comment_status":"closed","ping_status":"closed","template":"","meta":{"footnotes":""},"class_list":["post-21","page","type-page","status-publish","hentry"],"yoast_head":"<!-- This site is optimized with the Yoast SEO plugin v27.4 - https:\/\/yoast.com\/product\/yoast-seo-wordpress\/ -->\n<title>Quick Shot | Art\u00edculos deportivos | Cont\u00e1ctenos: +55 19 3801-1000 | Airgun<\/title>\n<meta name=\"description\" content=\"Uno de los mayores fabricantes de Ram Gas y accesorios para pistolas de aire comprimido del pa\u00eds. Accesorios exclusivos para Carabina y Airsoft. Componentes que se adaptan a diferentes marcas y modelos de armas a\u00e9reas. La \u00faltima tecnolog\u00eda en repuestos y accesorios para pistolas de aire comprimido.\" \/>\n<meta name=\"robots\" content=\"index, follow, max-snippet:-1, max-image-preview:large, max-video-preview:-1\" \/>\n<link rel=\"canonical\" href=\"https:\/\/quickshot.com.br\/es\/airgun\/\" \/>\n<meta property=\"og:locale\" content=\"en_US\" \/>\n<meta property=\"og:type\" content=\"article\" \/>\n<meta property=\"og:title\" content=\"Quick Shot | Art\u00edculos deportivos | Cont\u00e1ctenos: +55 19 3801-1000 | Airgun\" \/>\n<meta property=\"og:description\" content=\"Uno de los mayores fabricantes de Ram Gas y accesorios para pistolas de aire comprimido del pa\u00eds. Accesorios exclusivos para Carabina y Airsoft. Componentes que se adaptan a diferentes marcas y modelos de armas a\u00e9reas. La \u00faltima tecnolog\u00eda en repuestos y accesorios para pistolas de aire comprimido.\" \/>\n<meta property=\"og:url\" content=\"https:\/\/quickshot.com.br\/es\/airgun\/\" \/>\n<meta property=\"og:site_name\" content=\"Quick Shot\" \/>\n<meta property=\"article:modified_time\" content=\"2024-05-02T03:49:54+00:00\" \/>\n<meta name=\"twitter:card\" content=\"summary_large_image\" \/>\n<script type=\"application\/ld+json\" class=\"yoast-schema-graph\">{\"@context\":\"https:\\\/\\\/schema.org\",\"@graph\":[{\"@type\":\"WebPage\",\"@id\":\"https:\\\/\\\/quickshot.com.br\\\/es\\\/airgun\\\/\",\"url\":\"https:\\\/\\\/quickshot.com.br\\\/es\\\/airgun\\\/\",\"name\":\"Quick Shot | Art\u00edculos deportivos | Cont\u00e1ctenos: +55 19 3801-1000 | Airgun\",\"isPartOf\":{\"@id\":\"https:\\\/\\\/quickshot.com.br\\\/es\\\/#website\"},\"datePublished\":\"2024-04-23T18:10:54+00:00\",\"dateModified\":\"2024-05-02T03:49:54+00:00\",\"description\":\"Uno de los mayores fabricantes de Ram Gas y accesorios para pistolas de aire comprimido del pa\u00eds. Accesorios exclusivos para Carabina y Airsoft. Componentes que se adaptan a diferentes marcas y modelos de armas a\u00e9reas. La \u00faltima tecnolog\u00eda en repuestos y accesorios para pistolas de aire comprimido.\",\"breadcrumb\":{\"@id\":\"https:\\\/\\\/quickshot.com.br\\\/es\\\/airgun\\\/#breadcrumb\"},\"inLanguage\":\"en-US\",\"potentialAction\":[{\"@type\":\"ReadAction\",\"target\":[\"https:\\\/\\\/quickshot.com.br\\\/es\\\/airgun\\\/\"]}]},{\"@type\":\"BreadcrumbList\",\"@id\":\"https:\\\/\\\/quickshot.com.br\\\/es\\\/airgun\\\/#breadcrumb\",\"itemListElement\":[{\"@type\":\"ListItem\",\"position\":1,\"name\":\"Home\",\"item\":\"https:\\\/\\\/quickshot.com.br\\\/es\\\/\"},{\"@type\":\"ListItem\",\"position\":2,\"name\":\"Airgun\"}]},{\"@type\":\"WebSite\",\"@id\":\"https:\\\/\\\/quickshot.com.br\\\/es\\\/#website\",\"url\":\"https:\\\/\\\/quickshot.com.br\\\/es\\\/\",\"name\":\"Quick Shot\",\"description\":\"Uno de los mayores fabricantes de Ram Gas y accesorios para pistolas de aire comprimido del pa\u00eds. Accesorios exclusivos para Carabina y Airsoft. Componentes que se adaptan a diferentes marcas y modelos de armas a\u00e9reas. La \u00faltima tecnolog\u00eda en repuestos y accesorios para pistolas de aire comprimido.\",\"publisher\":{\"@id\":\"https:\\\/\\\/quickshot.com.br\\\/es\\\/#organization\"},\"alternateName\":\"Quick Shot | Art\u00edculos deportivos | Cont\u00e1ctenos: +55 19 3801-1000\",\"potentialAction\":[{\"@type\":\"SearchAction\",\"target\":{\"@type\":\"EntryPoint\",\"urlTemplate\":\"https:\\\/\\\/quickshot.com.br\\\/es\\\/?s={search_term_string}\"},\"query-input\":{\"@type\":\"PropertyValueSpecification\",\"valueRequired\":true,\"valueName\":\"search_term_string\"}}],\"inLanguage\":\"en-US\"},{\"@type\":\"Organization\",\"@id\":\"https:\\\/\\\/quickshot.com.br\\\/es\\\/#organization\",\"name\":\"Quick Shot\",\"alternateName\":\"Quick Shot | Art\u00edculos deportivos | Cont\u00e1ctenos: +55 19 3801-1000\",\"url\":\"https:\\\/\\\/quickshot.com.br\\\/es\\\/\",\"logo\":{\"@type\":\"ImageObject\",\"inLanguage\":\"en-US\",\"@id\":\"https:\\\/\\\/quickshot.com.br\\\/es\\\/#\\\/schema\\\/logo\\\/image\\\/\",\"url\":\"https:\\\/\\\/quickshot.com.br\\\/es\\\/wp-content\\\/uploads\\\/2024\\\/04\\\/logo.jpg\",\"contentUrl\":\"https:\\\/\\\/quickshot.com.br\\\/es\\\/wp-content\\\/uploads\\\/2024\\\/04\\\/logo.jpg\",\"width\":450,\"height\":156,\"caption\":\"Quick Shot\"},\"image\":{\"@id\":\"https:\\\/\\\/quickshot.com.br\\\/es\\\/#\\\/schema\\\/logo\\\/image\\\/\"}}]}<\/script>\n<!-- \/ Yoast SEO plugin. -->","yoast_head_json":{"title":"Quick Shot | Art\u00edculos deportivos | Cont\u00e1ctenos: +55 19 3801-1000 | Airgun","description":"Uno de los mayores fabricantes de Ram Gas y accesorios para pistolas de aire comprimido del pa\u00eds. Accesorios exclusivos para Carabina y Airsoft. Componentes que se adaptan a diferentes marcas y modelos de armas a\u00e9reas. La \u00faltima tecnolog\u00eda en repuestos y accesorios para pistolas de aire comprimido.","robots":{"index":"index","follow":"follow","max-snippet":"max-snippet:-1","max-image-preview":"max-image-preview:large","max-video-preview":"max-video-preview:-1"},"canonical":"https:\/\/quickshot.com.br\/es\/airgun\/","og_locale":"en_US","og_type":"article","og_title":"Quick Shot | Art\u00edculos deportivos | Cont\u00e1ctenos: +55 19 3801-1000 | Airgun","og_description":"Uno de los mayores fabricantes de Ram Gas y accesorios para pistolas de aire comprimido del pa\u00eds. Accesorios exclusivos para Carabina y Airsoft. Componentes que se adaptan a diferentes marcas y modelos de armas a\u00e9reas. La \u00faltima tecnolog\u00eda en repuestos y accesorios para pistolas de aire comprimido.","og_url":"https:\/\/quickshot.com.br\/es\/airgun\/","og_site_name":"Quick Shot","article_modified_time":"2024-05-02T03:49:54+00:00","twitter_card":"summary_large_image","schema":{"@context":"https:\/\/schema.org","@graph":[{"@type":"WebPage","@id":"https:\/\/quickshot.com.br\/es\/airgun\/","url":"https:\/\/quickshot.com.br\/es\/airgun\/","name":"Quick Shot | Art\u00edculos deportivos | Cont\u00e1ctenos: +55 19 3801-1000 | Airgun","isPartOf":{"@id":"https:\/\/quickshot.com.br\/es\/#website"},"datePublished":"2024-04-23T18:10:54+00:00","dateModified":"2024-05-02T03:49:54+00:00","description":"Uno de los mayores fabricantes de Ram Gas y accesorios para pistolas de aire comprimido del pa\u00eds. Accesorios exclusivos para Carabina y Airsoft. Componentes que se adaptan a diferentes marcas y modelos de armas a\u00e9reas. La \u00faltima tecnolog\u00eda en repuestos y accesorios para pistolas de aire comprimido.","breadcrumb":{"@id":"https:\/\/quickshot.com.br\/es\/airgun\/#breadcrumb"},"inLanguage":"en-US","potentialAction":[{"@type":"ReadAction","target":["https:\/\/quickshot.com.br\/es\/airgun\/"]}]},{"@type":"BreadcrumbList","@id":"https:\/\/quickshot.com.br\/es\/airgun\/#breadcrumb","itemListElement":[{"@type":"ListItem","position":1,"name":"Home","item":"https:\/\/quickshot.com.br\/es\/"},{"@type":"ListItem","position":2,"name":"Airgun"}]},{"@type":"WebSite","@id":"https:\/\/quickshot.com.br\/es\/#website","url":"https:\/\/quickshot.com.br\/es\/","name":"Quick Shot","description":"Uno de los mayores fabricantes de Ram Gas y accesorios para pistolas de aire comprimido del pa\u00eds. Accesorios exclusivos para Carabina y Airsoft. Componentes que se adaptan a diferentes marcas y modelos de armas a\u00e9reas. La \u00faltima tecnolog\u00eda en repuestos y accesorios para pistolas de aire comprimido.","publisher":{"@id":"https:\/\/quickshot.com.br\/es\/#organization"},"alternateName":"Quick Shot | Art\u00edculos deportivos | Cont\u00e1ctenos: +55 19 3801-1000","potentialAction":[{"@type":"SearchAction","target":{"@type":"EntryPoint","urlTemplate":"https:\/\/quickshot.com.br\/es\/?s={search_term_string}"},"query-input":{"@type":"PropertyValueSpecification","valueRequired":true,"valueName":"search_term_string"}}],"inLanguage":"en-US"},{"@type":"Organization","@id":"https:\/\/quickshot.com.br\/es\/#organization","name":"Quick Shot","alternateName":"Quick Shot | Art\u00edculos deportivos | Cont\u00e1ctenos: +55 19 3801-1000","url":"https:\/\/quickshot.com.br\/es\/","logo":{"@type":"ImageObject","inLanguage":"en-US","@id":"https:\/\/quickshot.com.br\/es\/#\/schema\/logo\/image\/","url":"https:\/\/quickshot.com.br\/es\/wp-content\/uploads\/2024\/04\/logo.jpg","contentUrl":"https:\/\/quickshot.com.br\/es\/wp-content\/uploads\/2024\/04\/logo.jpg","width":450,"height":156,"caption":"Quick Shot"},"image":{"@id":"https:\/\/quickshot.com.br\/es\/#\/schema\/logo\/image\/"}}]}},"_links":{"self":[{"href":"https:\/\/quickshot.com.br\/es\/wp-json\/wp\/v2\/pages\/21","targetHints":{"allow":["GET"]}}],"collection":[{"href":"https:\/\/quickshot.com.br\/es\/wp-json\/wp\/v2\/pages"}],"about":[{"href":"https:\/\/quickshot.com.br\/es\/wp-json\/wp\/v2\/types\/page"}],"author":[{"embeddable":true,"href":"https:\/\/quickshot.com.br\/es\/wp-json\/wp\/v2\/users\/1"}],"replies":[{"embeddable":true,"href":"https:\/\/quickshot.com.br\/es\/wp-json\/wp\/v2\/comments?post=21"}],"version-history":[{"count":5,"href":"https:\/\/quickshot.com.br\/es\/wp-json\/wp\/v2\/pages\/21\/revisions"}],"predecessor-version":[{"id":618,"href":"https:\/\/quickshot.com.br\/es\/wp-json\/wp\/v2\/pages\/21\/revisions\/618"}],"wp:attachment":[{"href":"https:\/\/quickshot.com.br\/es\/wp-json\/wp\/v2\/media?parent=21"}],"curies":[{"name":"wp","href":"https:\/\/api.w.org\/{rel}","templated":true}]}}