{"id":25,"date":"2024-04-23T15:11:37","date_gmt":"2024-04-23T18:11:37","guid":{"rendered":"https:\/\/quickshot.com.br\/es\/?page_id=25"},"modified":"2024-05-02T02:04:00","modified_gmt":"2024-05-02T05:04:00","slug":"blancos-para-imprimir","status":"publish","type":"page","link":"https:\/\/quickshot.com.br\/es\/blancos-para-imprimir\/","title":{"rendered":"Blancos para imprimir"},"content":{"rendered":"\t\t<div data-elementor-type=\"wp-page\" data-elementor-id=\"25\" class=\"elementor elementor-25\" data-elementor-post-type=\"page\">\n\t\t\t\t<div class=\"elementor-element elementor-element-dc6af0f e-flex e-con-boxed e-con e-parent\" data-id=\"dc6af0f\" data-element_type=\"container\" data-e-type=\"container\">\n\t\t\t\t\t<div class=\"e-con-inner\">\n\t\t\t\t<div class=\"elementor-element elementor-element-a649423 elementor-widget elementor-widget-text-editor\" data-id=\"a649423\" data-element_type=\"widget\" data-e-type=\"widget\" data-widget_type=\"text-editor.default\">\n\t\t\t\t<div class=\"elementor-widget-container\">\n\t\t\t\t\t\t\t\t\t<p>\u00a1Ten la mejor forma de practicar a tu lado! QuickShot ofrece diferentes modelos de objetivos para imprimir, incluidos objetivos de animales.<\/p><p>Para acceder al contenido, simplemente haga clic y descargue<\/p>\t\t\t\t\t\t\t\t<\/div>\n\t\t\t\t<\/div>\n\t\t\t\t<div class=\"elementor-element elementor-element-2f38636 elementor-tabs-view-horizontal elementor-widget elementor-widget-tabs\" data-id=\"2f38636\" data-element_type=\"widget\" data-e-type=\"widget\" data-widget_type=\"tabs.default\">\n\t\t\t\t<div class=\"elementor-widget-container\">\n\t\t\t\t\t\t\t<div class=\"elementor-tabs\">\n\t\t\t<div class=\"elementor-tabs-wrapper\" role=\"tablist\" >\n\t\t\t\t\t\t\t\t\t<div id=\"elementor-tab-title-4951\" class=\"elementor-tab-title elementor-tab-desktop-title\" aria-selected=\"true\" data-tab=\"1\" role=\"tab\" tabindex=\"0\" aria-controls=\"elementor-tab-content-4951\" aria-expanded=\"false\">Modelos animales y otros.<\/div>\n\t\t\t\t\t\t\t\t\t<div id=\"elementor-tab-title-4952\" class=\"elementor-tab-title elementor-tab-desktop-title\" aria-selected=\"false\" data-tab=\"2\" role=\"tab\" tabindex=\"-1\" aria-controls=\"elementor-tab-content-4952\" aria-expanded=\"false\">Dise\u00f1os de objetivos imprimibles<\/div>\n\t\t\t\t\t\t\t<\/div>\n\t\t\t<div class=\"elementor-tabs-content-wrapper\" role=\"tablist\" aria-orientation=\"vertical\">\n\t\t\t\t\t\t\t\t\t<div class=\"elementor-tab-title elementor-tab-mobile-title\" aria-selected=\"true\" data-tab=\"1\" role=\"tab\" tabindex=\"0\" aria-controls=\"elementor-tab-content-4951\" aria-expanded=\"false\">Modelos animales y otros.<\/div>\n\t\t\t\t\t<div id=\"elementor-tab-content-4951\" class=\"elementor-tab-content elementor-clearfix\" data-tab=\"1\" role=\"tabpanel\" aria-labelledby=\"elementor-tab-title-4951\" tabindex=\"0\" hidden=\"false\"><ul><li><img decoding=\"async\" class=\"alignnone size-full wp-image-528\" src=\"https:\/\/quickshot.com.br\/es\/wp-content\/uploads\/2024\/04\/icone-pdf.png\" alt=\"\" width=\"32\" height=\"35\" \/> <a href=\"https:\/\/quickshot.com.br\/es\/wp-content\/uploads\/2024\/04\/alvo-urso.pdf\" target=\"_blank\" rel=\"noopener\">Oso<\/a><\/li><li><img decoding=\"async\" class=\"alignnone size-full wp-image-528\" src=\"https:\/\/quickshot.com.br\/es\/wp-content\/uploads\/2024\/04\/icone-pdf.png\" alt=\"\" width=\"32\" height=\"35\" \/> <a href=\"https:\/\/quickshot.com.br\/es\/wp-content\/uploads\/2024\/04\/alvo-passaros.pdf\" target=\"_blank\" rel=\"noopener\">Aves<\/a><\/li><li><img decoding=\"async\" class=\"alignnone size-full wp-image-528\" src=\"https:\/\/quickshot.com.br\/es\/wp-content\/uploads\/2024\/04\/icone-pdf.png\" alt=\"\" width=\"32\" height=\"35\" \/> <a href=\"https:\/\/quickshot.com.br\/es\/wp-content\/uploads\/2024\/04\/alvo-veado.pdf\" target=\"_blank\" rel=\"noopener\">Ciervo<\/a><\/li><li><img decoding=\"async\" class=\"alignnone size-full wp-image-528\" src=\"https:\/\/quickshot.com.br\/es\/wp-content\/uploads\/2024\/04\/icone-pdf.png\" alt=\"\" width=\"32\" height=\"35\" \/> <a href=\"https:\/\/quickshot.com.br\/es\/wp-content\/uploads\/2024\/04\/alvo-alien.pdf\" target=\"_blank\" rel=\"noopener\">Extraterrestre<\/a><\/li><li><img decoding=\"async\" class=\"alignnone size-full wp-image-528\" src=\"https:\/\/quickshot.com.br\/es\/wp-content\/uploads\/2024\/04\/icone-pdf.png\" alt=\"\" width=\"32\" height=\"35\" \/> <a href=\"https:\/\/quickshot.com.br\/es\/wp-content\/uploads\/2024\/04\/alvo-fuinha.pdf\" target=\"_blank\" rel=\"noopener\">Comadreja<\/a><\/li><\/ul><\/div>\n\t\t\t\t\t\t\t\t\t<div class=\"elementor-tab-title elementor-tab-mobile-title\" aria-selected=\"false\" data-tab=\"2\" role=\"tab\" tabindex=\"-1\" aria-controls=\"elementor-tab-content-4952\" aria-expanded=\"false\">Dise\u00f1os de objetivos imprimibles<\/div>\n\t\t\t\t\t<div id=\"elementor-tab-content-4952\" class=\"elementor-tab-content elementor-clearfix\" data-tab=\"2\" role=\"tabpanel\" aria-labelledby=\"elementor-tab-title-4952\" tabindex=\"0\" hidden=\"hidden\"><ul><li><img decoding=\"async\" class=\"alignnone size-full wp-image-528\" src=\"https:\/\/quickshot.com.br\/es\/wp-content\/uploads\/2024\/04\/icone-pdf.png\" alt=\"\" width=\"32\" height=\"35\" \/> <a href=\"https:\/\/quickshot.com.br\/es\/wp-content\/uploads\/2024\/04\/alvo-10m-1.pdf\" target=\"_blank\" rel=\"noopener\">Diana de papel A4 para 10m \u2013 Modelo 1<\/a><\/li><li><img decoding=\"async\" class=\"alignnone size-full wp-image-528\" src=\"https:\/\/quickshot.com.br\/es\/wp-content\/uploads\/2024\/04\/icone-pdf.png\" alt=\"\" width=\"32\" height=\"35\" \/> <a href=\"https:\/\/quickshot.com.br\/es\/wp-content\/uploads\/2024\/04\/alvo-10m-2.pdf\" target=\"_blank\" rel=\"noopener\">Diana de papel A4 para 10m \u2013 Modelo 2<\/a><\/li><li><img decoding=\"async\" class=\"alignnone size-full wp-image-528\" src=\"https:\/\/quickshot.com.br\/es\/wp-content\/uploads\/2024\/04\/icone-pdf.png\" alt=\"\" width=\"32\" height=\"35\" \/> <a href=\"https:\/\/quickshot.com.br\/es\/wp-content\/uploads\/2024\/04\/alvo-10m-3.pdf\" target=\"_blank\" rel=\"noopener\">Diana de papel A4 para 10m \u2013 Modelo 3<\/a><\/li><li><img decoding=\"async\" class=\"alignnone size-full wp-image-528\" src=\"https:\/\/quickshot.com.br\/es\/wp-content\/uploads\/2024\/04\/icone-pdf.png\" alt=\"\" width=\"32\" height=\"35\" \/> <a href=\"https:\/\/quickshot.com.br\/es\/wp-content\/uploads\/2024\/04\/alvo-10m-4.pdf\" target=\"_blank\" rel=\"noopener\">Diana de papel A4 para 10m \u2013 Modelo 4<\/a><\/li><li><img decoding=\"async\" class=\"alignnone size-full wp-image-528\" src=\"https:\/\/quickshot.com.br\/es\/wp-content\/uploads\/2024\/04\/icone-pdf.png\" alt=\"\" width=\"32\" height=\"35\" \/> <a href=\"https:\/\/quickshot.com.br\/es\/wp-content\/uploads\/2024\/04\/alvo-10m-5.pdf\" target=\"_blank\" rel=\"noopener\">Diana de papel A4 para 10m \u2013 Modelo 5<\/a><\/li><li><img decoding=\"async\" class=\"alignnone size-full wp-image-528\" src=\"https:\/\/quickshot.com.br\/es\/wp-content\/uploads\/2024\/04\/icone-pdf.png\" alt=\"\" width=\"32\" height=\"35\" \/> <a href=\"https:\/\/quickshot.com.br\/es\/wp-content\/uploads\/2024\/04\/alvo-10m-6.pdf\" target=\"_blank\" rel=\"noopener\">Diana de papel A4 para 10m \u2013 Modelo 6<\/a><\/li><li><img decoding=\"async\" class=\"alignnone size-full wp-image-528\" src=\"https:\/\/quickshot.com.br\/es\/wp-content\/uploads\/2024\/04\/icone-pdf.png\" alt=\"\" width=\"32\" height=\"35\" \/> <a href=\"https:\/\/quickshot.com.br\/es\/wp-content\/uploads\/2024\/04\/alvo-25m-1.pdf\" target=\"_blank\" rel=\"noopener\">Diana de papel A4 para 25m \u2013 Modelo 1<\/a><\/li><li><img decoding=\"async\" class=\"alignnone size-full wp-image-528\" src=\"https:\/\/quickshot.com.br\/es\/wp-content\/uploads\/2024\/04\/icone-pdf.png\" alt=\"\" width=\"32\" height=\"35\" \/> <a href=\"https:\/\/quickshot.com.br\/es\/wp-content\/uploads\/2024\/04\/alvo-25m-2.pdf\" target=\"_blank\" rel=\"noopener\">Diana de papel A4 para 25m \u2013 Modelo 2<\/a><\/li><\/ul><\/div>\n\t\t\t\t\t\t\t<\/div>\n\t\t<\/div>\n\t\t\t\t\t\t<\/div>\n\t\t\t\t<\/div>\n\t\t\t\t\t<\/div>\n\t\t\t\t<\/div>\n\t\t\t\t<\/div>\n\t\t","protected":false},"excerpt":{"rendered":"<p>\u00a1Ten la mejor forma de practicar a tu lado! QuickShot ofrece diferentes modelos de objetivos para imprimir, incluidos objetivos de animales. Para acceder al contenido, simplemente haga clic y descargue Modelos animales y otros. Dise\u00f1os de objetivos imprimibles Modelos animales y otros. Oso Aves Ciervo Extraterrestre Comadreja Dise\u00f1os de objetivos imprimibles Diana de papel A4 [&hellip;]<\/p>\n","protected":false},"author":1,"featured_media":0,"parent":0,"menu_order":0,"comment_status":"closed","ping_status":"closed","template":"","meta":{"footnotes":""},"class_list":["post-25","page","type-page","status-publish","hentry"],"yoast_head":"<!-- This site is optimized with the Yoast SEO plugin v27.4 - https:\/\/yoast.com\/product\/yoast-seo-wordpress\/ -->\n<title>Quick Shot | Art\u00edculos deportivos | Cont\u00e1ctenos: +55 19 3801-1000 | Blancos para imprimir<\/title>\n<meta name=\"description\" content=\"Uno de los mayores fabricantes de Ram Gas y accesorios para pistolas de aire comprimido del pa\u00eds. Accesorios exclusivos para Carabina y Airsoft. Componentes que se adaptan a diferentes marcas y modelos de armas a\u00e9reas. La \u00faltima tecnolog\u00eda en repuestos y accesorios para pistolas de aire comprimido.\" \/>\n<meta name=\"robots\" content=\"index, follow, max-snippet:-1, max-image-preview:large, max-video-preview:-1\" \/>\n<link rel=\"canonical\" href=\"https:\/\/quickshot.com.br\/es\/blancos-para-imprimir\/\" \/>\n<meta property=\"og:locale\" content=\"en_US\" \/>\n<meta property=\"og:type\" content=\"article\" \/>\n<meta property=\"og:title\" content=\"Quick Shot | Art\u00edculos deportivos | Cont\u00e1ctenos: +55 19 3801-1000 | Blancos para imprimir\" \/>\n<meta property=\"og:description\" content=\"Uno de los mayores fabricantes de Ram Gas y accesorios para pistolas de aire comprimido del pa\u00eds. Accesorios exclusivos para Carabina y Airsoft. Componentes que se adaptan a diferentes marcas y modelos de armas a\u00e9reas. La \u00faltima tecnolog\u00eda en repuestos y accesorios para pistolas de aire comprimido.\" \/>\n<meta property=\"og:url\" content=\"https:\/\/quickshot.com.br\/es\/blancos-para-imprimir\/\" \/>\n<meta property=\"og:site_name\" content=\"Quick Shot\" \/>\n<meta property=\"article:modified_time\" content=\"2024-05-02T05:04:00+00:00\" \/>\n<meta property=\"og:image\" content=\"https:\/\/quickshot.com.br\/es\/wp-content\/uploads\/2024\/04\/icone-pdf.png\" \/>\n<meta name=\"twitter:card\" content=\"summary_large_image\" \/>\n<meta name=\"twitter:label1\" content=\"Est. reading time\" \/>\n\t<meta name=\"twitter:data1\" content=\"4 minutes\" \/>\n<script type=\"application\/ld+json\" class=\"yoast-schema-graph\">{\"@context\":\"https:\\\/\\\/schema.org\",\"@graph\":[{\"@type\":\"WebPage\",\"@id\":\"https:\\\/\\\/quickshot.com.br\\\/es\\\/blancos-para-imprimir\\\/\",\"url\":\"https:\\\/\\\/quickshot.com.br\\\/es\\\/blancos-para-imprimir\\\/\",\"name\":\"Quick Shot | Art\u00edculos deportivos | Cont\u00e1ctenos: +55 19 3801-1000 | Blancos para imprimir\",\"isPartOf\":{\"@id\":\"https:\\\/\\\/quickshot.com.br\\\/es\\\/#website\"},\"primaryImageOfPage\":{\"@id\":\"https:\\\/\\\/quickshot.com.br\\\/es\\\/blancos-para-imprimir\\\/#primaryimage\"},\"image\":{\"@id\":\"https:\\\/\\\/quickshot.com.br\\\/es\\\/blancos-para-imprimir\\\/#primaryimage\"},\"thumbnailUrl\":\"https:\\\/\\\/quickshot.com.br\\\/es\\\/wp-content\\\/uploads\\\/2024\\\/04\\\/icone-pdf.png\",\"datePublished\":\"2024-04-23T18:11:37+00:00\",\"dateModified\":\"2024-05-02T05:04:00+00:00\",\"description\":\"Uno de los mayores fabricantes de Ram Gas y accesorios para pistolas de aire comprimido del pa\u00eds. Accesorios exclusivos para Carabina y Airsoft. Componentes que se adaptan a diferentes marcas y modelos de armas a\u00e9reas. La \u00faltima tecnolog\u00eda en repuestos y accesorios para pistolas de aire comprimido.\",\"breadcrumb\":{\"@id\":\"https:\\\/\\\/quickshot.com.br\\\/es\\\/blancos-para-imprimir\\\/#breadcrumb\"},\"inLanguage\":\"en-US\",\"potentialAction\":[{\"@type\":\"ReadAction\",\"target\":[\"https:\\\/\\\/quickshot.com.br\\\/es\\\/blancos-para-imprimir\\\/\"]}]},{\"@type\":\"ImageObject\",\"inLanguage\":\"en-US\",\"@id\":\"https:\\\/\\\/quickshot.com.br\\\/es\\\/blancos-para-imprimir\\\/#primaryimage\",\"url\":\"https:\\\/\\\/quickshot.com.br\\\/es\\\/wp-content\\\/uploads\\\/2024\\\/04\\\/icone-pdf.png\",\"contentUrl\":\"https:\\\/\\\/quickshot.com.br\\\/es\\\/wp-content\\\/uploads\\\/2024\\\/04\\\/icone-pdf.png\",\"width\":32,\"height\":35},{\"@type\":\"BreadcrumbList\",\"@id\":\"https:\\\/\\\/quickshot.com.br\\\/es\\\/blancos-para-imprimir\\\/#breadcrumb\",\"itemListElement\":[{\"@type\":\"ListItem\",\"position\":1,\"name\":\"Home\",\"item\":\"https:\\\/\\\/quickshot.com.br\\\/es\\\/\"},{\"@type\":\"ListItem\",\"position\":2,\"name\":\"Blancos para imprimir\"}]},{\"@type\":\"WebSite\",\"@id\":\"https:\\\/\\\/quickshot.com.br\\\/es\\\/#website\",\"url\":\"https:\\\/\\\/quickshot.com.br\\\/es\\\/\",\"name\":\"Quick Shot\",\"description\":\"Uno de los mayores fabricantes de Ram Gas y accesorios para pistolas de aire comprimido del pa\u00eds. Accesorios exclusivos para Carabina y Airsoft. Componentes que se adaptan a diferentes marcas y modelos de armas a\u00e9reas. La \u00faltima tecnolog\u00eda en repuestos y accesorios para pistolas de aire comprimido.\",\"publisher\":{\"@id\":\"https:\\\/\\\/quickshot.com.br\\\/es\\\/#organization\"},\"alternateName\":\"Quick Shot | Art\u00edculos deportivos | Cont\u00e1ctenos: +55 19 3801-1000\",\"potentialAction\":[{\"@type\":\"SearchAction\",\"target\":{\"@type\":\"EntryPoint\",\"urlTemplate\":\"https:\\\/\\\/quickshot.com.br\\\/es\\\/?s={search_term_string}\"},\"query-input\":{\"@type\":\"PropertyValueSpecification\",\"valueRequired\":true,\"valueName\":\"search_term_string\"}}],\"inLanguage\":\"en-US\"},{\"@type\":\"Organization\",\"@id\":\"https:\\\/\\\/quickshot.com.br\\\/es\\\/#organization\",\"name\":\"Quick Shot\",\"alternateName\":\"Quick Shot | Art\u00edculos deportivos | Cont\u00e1ctenos: +55 19 3801-1000\",\"url\":\"https:\\\/\\\/quickshot.com.br\\\/es\\\/\",\"logo\":{\"@type\":\"ImageObject\",\"inLanguage\":\"en-US\",\"@id\":\"https:\\\/\\\/quickshot.com.br\\\/es\\\/#\\\/schema\\\/logo\\\/image\\\/\",\"url\":\"https:\\\/\\\/quickshot.com.br\\\/es\\\/wp-content\\\/uploads\\\/2024\\\/04\\\/logo.jpg\",\"contentUrl\":\"https:\\\/\\\/quickshot.com.br\\\/es\\\/wp-content\\\/uploads\\\/2024\\\/04\\\/logo.jpg\",\"width\":450,\"height\":156,\"caption\":\"Quick Shot\"},\"image\":{\"@id\":\"https:\\\/\\\/quickshot.com.br\\\/es\\\/#\\\/schema\\\/logo\\\/image\\\/\"}}]}<\/script>\n<!-- \/ Yoast SEO plugin. -->","yoast_head_json":{"title":"Quick Shot | Art\u00edculos deportivos | Cont\u00e1ctenos: +55 19 3801-1000 | Blancos para imprimir","description":"Uno de los mayores fabricantes de Ram Gas y accesorios para pistolas de aire comprimido del pa\u00eds. Accesorios exclusivos para Carabina y Airsoft. Componentes que se adaptan a diferentes marcas y modelos de armas a\u00e9reas. La \u00faltima tecnolog\u00eda en repuestos y accesorios para pistolas de aire comprimido.","robots":{"index":"index","follow":"follow","max-snippet":"max-snippet:-1","max-image-preview":"max-image-preview:large","max-video-preview":"max-video-preview:-1"},"canonical":"https:\/\/quickshot.com.br\/es\/blancos-para-imprimir\/","og_locale":"en_US","og_type":"article","og_title":"Quick Shot | Art\u00edculos deportivos | Cont\u00e1ctenos: +55 19 3801-1000 | Blancos para imprimir","og_description":"Uno de los mayores fabricantes de Ram Gas y accesorios para pistolas de aire comprimido del pa\u00eds. Accesorios exclusivos para Carabina y Airsoft. Componentes que se adaptan a diferentes marcas y modelos de armas a\u00e9reas. La \u00faltima tecnolog\u00eda en repuestos y accesorios para pistolas de aire comprimido.","og_url":"https:\/\/quickshot.com.br\/es\/blancos-para-imprimir\/","og_site_name":"Quick Shot","article_modified_time":"2024-05-02T05:04:00+00:00","og_image":[{"url":"https:\/\/quickshot.com.br\/es\/wp-content\/uploads\/2024\/04\/icone-pdf.png","type":"","width":"","height":""}],"twitter_card":"summary_large_image","twitter_misc":{"Est. reading time":"4 minutes"},"schema":{"@context":"https:\/\/schema.org","@graph":[{"@type":"WebPage","@id":"https:\/\/quickshot.com.br\/es\/blancos-para-imprimir\/","url":"https:\/\/quickshot.com.br\/es\/blancos-para-imprimir\/","name":"Quick Shot | Art\u00edculos deportivos | Cont\u00e1ctenos: +55 19 3801-1000 | Blancos para imprimir","isPartOf":{"@id":"https:\/\/quickshot.com.br\/es\/#website"},"primaryImageOfPage":{"@id":"https:\/\/quickshot.com.br\/es\/blancos-para-imprimir\/#primaryimage"},"image":{"@id":"https:\/\/quickshot.com.br\/es\/blancos-para-imprimir\/#primaryimage"},"thumbnailUrl":"https:\/\/quickshot.com.br\/es\/wp-content\/uploads\/2024\/04\/icone-pdf.png","datePublished":"2024-04-23T18:11:37+00:00","dateModified":"2024-05-02T05:04:00+00:00","description":"Uno de los mayores fabricantes de Ram Gas y accesorios para pistolas de aire comprimido del pa\u00eds. Accesorios exclusivos para Carabina y Airsoft. Componentes que se adaptan a diferentes marcas y modelos de armas a\u00e9reas. La \u00faltima tecnolog\u00eda en repuestos y accesorios para pistolas de aire comprimido.","breadcrumb":{"@id":"https:\/\/quickshot.com.br\/es\/blancos-para-imprimir\/#breadcrumb"},"inLanguage":"en-US","potentialAction":[{"@type":"ReadAction","target":["https:\/\/quickshot.com.br\/es\/blancos-para-imprimir\/"]}]},{"@type":"ImageObject","inLanguage":"en-US","@id":"https:\/\/quickshot.com.br\/es\/blancos-para-imprimir\/#primaryimage","url":"https:\/\/quickshot.com.br\/es\/wp-content\/uploads\/2024\/04\/icone-pdf.png","contentUrl":"https:\/\/quickshot.com.br\/es\/wp-content\/uploads\/2024\/04\/icone-pdf.png","width":32,"height":35},{"@type":"BreadcrumbList","@id":"https:\/\/quickshot.com.br\/es\/blancos-para-imprimir\/#breadcrumb","itemListElement":[{"@type":"ListItem","position":1,"name":"Home","item":"https:\/\/quickshot.com.br\/es\/"},{"@type":"ListItem","position":2,"name":"Blancos para imprimir"}]},{"@type":"WebSite","@id":"https:\/\/quickshot.com.br\/es\/#website","url":"https:\/\/quickshot.com.br\/es\/","name":"Quick Shot","description":"Uno de los mayores fabricantes de Ram Gas y accesorios para pistolas de aire comprimido del pa\u00eds. Accesorios exclusivos para Carabina y Airsoft. Componentes que se adaptan a diferentes marcas y modelos de armas a\u00e9reas. La \u00faltima tecnolog\u00eda en repuestos y accesorios para pistolas de aire comprimido.","publisher":{"@id":"https:\/\/quickshot.com.br\/es\/#organization"},"alternateName":"Quick Shot | Art\u00edculos deportivos | Cont\u00e1ctenos: +55 19 3801-1000","potentialAction":[{"@type":"SearchAction","target":{"@type":"EntryPoint","urlTemplate":"https:\/\/quickshot.com.br\/es\/?s={search_term_string}"},"query-input":{"@type":"PropertyValueSpecification","valueRequired":true,"valueName":"search_term_string"}}],"inLanguage":"en-US"},{"@type":"Organization","@id":"https:\/\/quickshot.com.br\/es\/#organization","name":"Quick Shot","alternateName":"Quick Shot | Art\u00edculos deportivos | Cont\u00e1ctenos: +55 19 3801-1000","url":"https:\/\/quickshot.com.br\/es\/","logo":{"@type":"ImageObject","inLanguage":"en-US","@id":"https:\/\/quickshot.com.br\/es\/#\/schema\/logo\/image\/","url":"https:\/\/quickshot.com.br\/es\/wp-content\/uploads\/2024\/04\/logo.jpg","contentUrl":"https:\/\/quickshot.com.br\/es\/wp-content\/uploads\/2024\/04\/logo.jpg","width":450,"height":156,"caption":"Quick Shot"},"image":{"@id":"https:\/\/quickshot.com.br\/es\/#\/schema\/logo\/image\/"}}]}},"_links":{"self":[{"href":"https:\/\/quickshot.com.br\/es\/wp-json\/wp\/v2\/pages\/25","targetHints":{"allow":["GET"]}}],"collection":[{"href":"https:\/\/quickshot.com.br\/es\/wp-json\/wp\/v2\/pages"}],"about":[{"href":"https:\/\/quickshot.com.br\/es\/wp-json\/wp\/v2\/types\/page"}],"author":[{"embeddable":true,"href":"https:\/\/quickshot.com.br\/es\/wp-json\/wp\/v2\/users\/1"}],"replies":[{"embeddable":true,"href":"https:\/\/quickshot.com.br\/es\/wp-json\/wp\/v2\/comments?post=25"}],"version-history":[{"count":5,"href":"https:\/\/quickshot.com.br\/es\/wp-json\/wp\/v2\/pages\/25\/revisions"}],"predecessor-version":[{"id":1675,"href":"https:\/\/quickshot.com.br\/es\/wp-json\/wp\/v2\/pages\/25\/revisions\/1675"}],"wp:attachment":[{"href":"https:\/\/quickshot.com.br\/es\/wp-json\/wp\/v2\/media?parent=25"}],"curies":[{"name":"wp","href":"https:\/\/api.w.org\/{rel}","templated":true}]}}