{"id":37,"date":"2024-04-23T15:13:53","date_gmt":"2024-04-23T18:13:53","guid":{"rendered":"https:\/\/quickshot.com.br\/es\/?page_id=37"},"modified":"2024-05-02T02:04:11","modified_gmt":"2024-05-02T05:04:11","slug":"contacto","status":"publish","type":"page","link":"https:\/\/quickshot.com.br\/es\/contacto\/","title":{"rendered":"Contacto"},"content":{"rendered":"\t\t<div data-elementor-type=\"wp-page\" data-elementor-id=\"37\" class=\"elementor elementor-37\" data-elementor-post-type=\"page\">\n\t\t\t\t<div class=\"elementor-element elementor-element-bad3db5 e-flex e-con-boxed e-con e-parent\" data-id=\"bad3db5\" data-element_type=\"container\" data-e-type=\"container\">\n\t\t\t\t\t<div class=\"e-con-inner\">\n\t\t<div class=\"elementor-element elementor-element-a3296e4 e-con-full e-flex e-con e-child\" data-id=\"a3296e4\" data-element_type=\"container\" data-e-type=\"container\">\n\t\t\t\t<div class=\"elementor-element elementor-element-1d15be7 elementor-button-align-stretch elementor-widget elementor-widget-form\" data-id=\"1d15be7\" data-element_type=\"widget\" data-e-type=\"widget\" data-settings=\"{&quot;button_width&quot;:&quot;25&quot;,&quot;step_next_label&quot;:&quot;Pr\\u00f3ximo&quot;,&quot;step_previous_label&quot;:&quot;Anterior&quot;,&quot;step_type&quot;:&quot;number_text&quot;,&quot;step_icon_shape&quot;:&quot;circle&quot;}\" data-widget_type=\"form.default\">\n\t\t\t\t<div class=\"elementor-widget-container\">\n\t\t\t\t\t\t\t<form class=\"elementor-form\" method=\"post\" id=\"fale_conosco\" name=\"Novo formul\u00e1rio\" aria-label=\"Novo formul\u00e1rio\">\n\t\t\t<input type=\"hidden\" name=\"post_id\" value=\"37\"\/>\n\t\t\t<input type=\"hidden\" name=\"form_id\" value=\"1d15be7\"\/>\n\t\t\t<input type=\"hidden\" name=\"referer_title\" value=\"Quick Shot | Art\u00edculos deportivos | Cont\u00e1ctenos: +55 19 3801-1000 | Contacto\" \/>\n\n\t\t\t\t\t\t\t<input type=\"hidden\" name=\"queried_id\" value=\"37\"\/>\n\t\t\t\n\t\t\t<div class=\"elementor-form-fields-wrapper elementor-labels-above\">\n\t\t\t\t\t\t\t\t<div class=\"elementor-field-type-text elementor-field-group elementor-column elementor-field-group-name elementor-col-100\">\n\t\t\t\t\t\t\t\t\t\t\t\t<label for=\"form-field-name\" class=\"elementor-field-label\">\n\t\t\t\t\t\t\t\tNombre\t\t\t\t\t\t\t<\/label>\n\t\t\t\t\t\t\t\t\t\t\t\t\t\t<input size=\"1\" type=\"text\" name=\"form_fields[name]\" id=\"form-field-name\" class=\"elementor-field elementor-size-sm  elementor-field-textual\">\n\t\t\t\t\t\t\t\t\t\t\t<\/div>\n\t\t\t\t\t\t\t\t<div class=\"elementor-field-type-email elementor-field-group elementor-column elementor-field-group-email elementor-col-100 elementor-field-required\">\n\t\t\t\t\t\t\t\t\t\t\t\t<label for=\"form-field-email\" class=\"elementor-field-label\">\n\t\t\t\t\t\t\t\tE-mail\t\t\t\t\t\t\t<\/label>\n\t\t\t\t\t\t\t\t\t\t\t\t\t\t<input size=\"1\" type=\"email\" name=\"form_fields[email]\" id=\"form-field-email\" class=\"elementor-field elementor-size-sm  elementor-field-textual\" required=\"required\">\n\t\t\t\t\t\t\t\t\t\t\t<\/div>\n\t\t\t\t\t\t\t\t<div class=\"elementor-field-type-text elementor-field-group elementor-column elementor-field-group-field_8aa1b11 elementor-col-100\">\n\t\t\t\t\t\t\t\t\t\t\t\t<label for=\"form-field-field_8aa1b11\" class=\"elementor-field-label\">\n\t\t\t\t\t\t\t\tSujeto\t\t\t\t\t\t\t<\/label>\n\t\t\t\t\t\t\t\t\t\t\t\t\t\t<input size=\"1\" type=\"text\" name=\"form_fields[field_8aa1b11]\" id=\"form-field-field_8aa1b11\" class=\"elementor-field elementor-size-sm  elementor-field-textual\">\n\t\t\t\t\t\t\t\t\t\t\t<\/div>\n\t\t\t\t\t\t\t\t<div class=\"elementor-field-type-textarea elementor-field-group elementor-column elementor-field-group-message elementor-col-100\">\n\t\t\t\t\t\t\t\t\t\t\t\t<label for=\"form-field-message\" class=\"elementor-field-label\">\n\t\t\t\t\t\t\t\tMensaje (opcional)\t\t\t\t\t\t\t<\/label>\n\t\t\t\t\t\t<textarea class=\"elementor-field-textual elementor-field  elementor-size-sm\" name=\"form_fields[message]\" id=\"form-field-message\" rows=\"14\"><\/textarea>\t\t\t\t<\/div>\n\t\t\t\t\t\t\t\t<div class=\"elementor-field-type-recaptcha elementor-field-group elementor-column elementor-field-group-field_980f71c elementor-col-100\">\n\t\t\t\t\t<div class=\"elementor-field\" id=\"form-field-field_980f71c\"><div class=\"elementor-g-recaptcha\" data-sitekey=\"6LcledYpAAAAACWLoFH54dwUPD9bZeiXrjgiFgQY\" data-type=\"v2_checkbox\" data-theme=\"light\" data-size=\"normal\"><\/div><\/div>\t\t\t\t<\/div>\n\t\t\t\t\t\t\t\t<div class=\"elementor-field-group elementor-column elementor-field-type-submit elementor-col-25 e-form__buttons\">\n\t\t\t\t\t<button class=\"elementor-button elementor-size-sm\" type=\"submit\">\n\t\t\t\t\t\t<span class=\"elementor-button-content-wrapper\">\n\t\t\t\t\t\t\t\t\t\t\t\t\t\t\t\t\t\t\t\t\t\t<span class=\"elementor-button-text\">MANDAR<\/span>\n\t\t\t\t\t\t\t\t\t\t\t\t\t<\/span>\n\t\t\t\t\t<\/button>\n\t\t\t\t<\/div>\n\t\t\t<\/div>\n\t\t<\/form>\n\t\t\t\t\t\t<\/div>\n\t\t\t\t<\/div>\n\t\t\t\t<\/div>\n\t\t<div class=\"elementor-element elementor-element-85a5113 e-con-full e-flex e-con e-child\" data-id=\"85a5113\" data-element_type=\"container\" data-e-type=\"container\">\n\t\t\t\t<div class=\"elementor-element elementor-element-f289199 elementor-icon-list--layout-traditional elementor-list-item-link-full_width elementor-widget elementor-widget-icon-list\" data-id=\"f289199\" data-element_type=\"widget\" data-e-type=\"widget\" data-widget_type=\"icon-list.default\">\n\t\t\t\t<div class=\"elementor-widget-container\">\n\t\t\t\t\t\t\t<ul class=\"elementor-icon-list-items\">\n\t\t\t\t\t\t\t<li class=\"elementor-icon-list-item\">\n\t\t\t\t\t\t\t\t\t\t\t<span class=\"elementor-icon-list-icon\">\n\t\t\t\t\t\t\t<svg aria-hidden=\"true\" class=\"e-font-icon-svg e-fas-map-marker-alt\" viewBox=\"0 0 384 512\" xmlns=\"http:\/\/www.w3.org\/2000\/svg\"><path d=\"M172.268 501.67C26.97 291.031 0 269.413 0 192 0 85.961 85.961 0 192 0s192 85.961 192 192c0 77.413-26.97 99.031-172.268 309.67-9.535 13.774-29.93 13.773-39.464 0zM192 272c44.183 0 80-35.817 80-80s-35.817-80-80-80-80 35.817-80 80 35.817 80 80 80z\"><\/path><\/svg>\t\t\t\t\t\t<\/span>\n\t\t\t\t\t\t\t\t\t\t<span class=\"elementor-icon-list-text\">UBICACI\u00d3N<\/span>\n\t\t\t\t\t\t\t\t\t<\/li>\n\t\t\t\t\t\t<\/ul>\n\t\t\t\t\t\t<\/div>\n\t\t\t\t<\/div>\n\t\t\t\t<div class=\"elementor-element elementor-element-7ca2b07 elementor-widget elementor-widget-text-editor\" data-id=\"7ca2b07\" data-element_type=\"widget\" data-e-type=\"widget\" data-widget_type=\"text-editor.default\">\n\t\t\t\t<div class=\"elementor-widget-container\">\n\t\t\t\t\t\t\t\t\t<p>Rua Esmeralda Martini Paula, 301<br \/>Distrito Industrial Vit\u00f3ria Martini<br \/>C\u00f3digo Postal: 13347-636 &#8211; Indaiatuba\/SP &#8211; Brasil<\/p>\t\t\t\t\t\t\t\t<\/div>\n\t\t\t\t<\/div>\n\t\t\t\t<div class=\"elementor-element elementor-element-bd515ce elementor-widget elementor-widget-google_maps\" data-id=\"bd515ce\" data-element_type=\"widget\" data-e-type=\"widget\" data-widget_type=\"google_maps.default\">\n\t\t\t\t<div class=\"elementor-widget-container\">\n\t\t\t\t\t\t\t<div class=\"elementor-custom-embed\">\n\t\t\t<iframe loading=\"lazy\"\n\t\t\t\t\tsrc=\"https:\/\/maps.google.com\/maps?q=Rua%20Esmeralda%20Martini%20Paula%2C%20301&#038;t=m&#038;z=18&#038;output=embed&#038;iwloc=near\"\n\t\t\t\t\ttitle=\"Rua Esmeralda Martini Paula, 301\"\n\t\t\t\t\taria-label=\"Rua Esmeralda Martini Paula, 301\"\n\t\t\t><\/iframe>\n\t\t<\/div>\n\t\t\t\t\t\t<\/div>\n\t\t\t\t<\/div>\n\t\t\t\t<\/div>\n\t\t\t\t\t<\/div>\n\t\t\t\t<\/div>\n\t\t\t\t<\/div>\n\t\t","protected":false},"excerpt":{"rendered":"<p>UBICACI\u00d3N Rua Esmeralda Martini Paula, 301Distrito Industrial Vit\u00f3ria MartiniC\u00f3digo Postal: 13347-636 &#8211; Indaiatuba\/SP &#8211; Brasil<\/p>\n","protected":false},"author":1,"featured_media":0,"parent":0,"menu_order":0,"comment_status":"closed","ping_status":"closed","template":"","meta":{"footnotes":""},"class_list":["post-37","page","type-page","status-publish","hentry"],"yoast_head":"<!-- This site is optimized with the Yoast SEO plugin v27.4 - https:\/\/yoast.com\/product\/yoast-seo-wordpress\/ -->\n<title>Quick Shot | Art\u00edculos deportivos | Cont\u00e1ctenos: +55 19 3801-1000 | Contacto<\/title>\n<meta name=\"description\" content=\"Uno de los mayores fabricantes de Ram Gas y accesorios para pistolas de aire comprimido del pa\u00eds. Accesorios exclusivos para Carabina y Airsoft. Componentes que se adaptan a diferentes marcas y modelos de armas a\u00e9reas. La \u00faltima tecnolog\u00eda en repuestos y accesorios para pistolas de aire comprimido.\" \/>\n<meta name=\"robots\" content=\"index, follow, max-snippet:-1, max-image-preview:large, max-video-preview:-1\" \/>\n<link rel=\"canonical\" href=\"https:\/\/quickshot.com.br\/es\/contacto\/\" \/>\n<meta property=\"og:locale\" content=\"en_US\" \/>\n<meta property=\"og:type\" content=\"article\" \/>\n<meta property=\"og:title\" content=\"Quick Shot | Art\u00edculos deportivos | Cont\u00e1ctenos: +55 19 3801-1000 | Contacto\" \/>\n<meta property=\"og:description\" content=\"Uno de los mayores fabricantes de Ram Gas y accesorios para pistolas de aire comprimido del pa\u00eds. Accesorios exclusivos para Carabina y Airsoft. Componentes que se adaptan a diferentes marcas y modelos de armas a\u00e9reas. La \u00faltima tecnolog\u00eda en repuestos y accesorios para pistolas de aire comprimido.\" \/>\n<meta property=\"og:url\" content=\"https:\/\/quickshot.com.br\/es\/contacto\/\" \/>\n<meta property=\"og:site_name\" content=\"Quick Shot\" \/>\n<meta property=\"article:modified_time\" content=\"2024-05-02T05:04:11+00:00\" \/>\n<meta name=\"twitter:card\" content=\"summary_large_image\" \/>\n<meta name=\"twitter:label1\" content=\"Est. reading time\" \/>\n\t<meta name=\"twitter:data1\" content=\"1 minute\" \/>\n<script type=\"application\/ld+json\" class=\"yoast-schema-graph\">{\"@context\":\"https:\\\/\\\/schema.org\",\"@graph\":[{\"@type\":\"WebPage\",\"@id\":\"https:\\\/\\\/quickshot.com.br\\\/es\\\/contacto\\\/\",\"url\":\"https:\\\/\\\/quickshot.com.br\\\/es\\\/contacto\\\/\",\"name\":\"Quick Shot | Art\u00edculos deportivos | Cont\u00e1ctenos: +55 19 3801-1000 | Contacto\",\"isPartOf\":{\"@id\":\"https:\\\/\\\/quickshot.com.br\\\/es\\\/#website\"},\"datePublished\":\"2024-04-23T18:13:53+00:00\",\"dateModified\":\"2024-05-02T05:04:11+00:00\",\"description\":\"Uno de los mayores fabricantes de Ram Gas y accesorios para pistolas de aire comprimido del pa\u00eds. Accesorios exclusivos para Carabina y Airsoft. Componentes que se adaptan a diferentes marcas y modelos de armas a\u00e9reas. La \u00faltima tecnolog\u00eda en repuestos y accesorios para pistolas de aire comprimido.\",\"breadcrumb\":{\"@id\":\"https:\\\/\\\/quickshot.com.br\\\/es\\\/contacto\\\/#breadcrumb\"},\"inLanguage\":\"en-US\",\"potentialAction\":[{\"@type\":\"ReadAction\",\"target\":[\"https:\\\/\\\/quickshot.com.br\\\/es\\\/contacto\\\/\"]}]},{\"@type\":\"BreadcrumbList\",\"@id\":\"https:\\\/\\\/quickshot.com.br\\\/es\\\/contacto\\\/#breadcrumb\",\"itemListElement\":[{\"@type\":\"ListItem\",\"position\":1,\"name\":\"Home\",\"item\":\"https:\\\/\\\/quickshot.com.br\\\/es\\\/\"},{\"@type\":\"ListItem\",\"position\":2,\"name\":\"Contacto\"}]},{\"@type\":\"WebSite\",\"@id\":\"https:\\\/\\\/quickshot.com.br\\\/es\\\/#website\",\"url\":\"https:\\\/\\\/quickshot.com.br\\\/es\\\/\",\"name\":\"Quick Shot\",\"description\":\"Uno de los mayores fabricantes de Ram Gas y accesorios para pistolas de aire comprimido del pa\u00eds. Accesorios exclusivos para Carabina y Airsoft. Componentes que se adaptan a diferentes marcas y modelos de armas a\u00e9reas. La \u00faltima tecnolog\u00eda en repuestos y accesorios para pistolas de aire comprimido.\",\"publisher\":{\"@id\":\"https:\\\/\\\/quickshot.com.br\\\/es\\\/#organization\"},\"alternateName\":\"Quick Shot | Art\u00edculos deportivos | Cont\u00e1ctenos: +55 19 3801-1000\",\"potentialAction\":[{\"@type\":\"SearchAction\",\"target\":{\"@type\":\"EntryPoint\",\"urlTemplate\":\"https:\\\/\\\/quickshot.com.br\\\/es\\\/?s={search_term_string}\"},\"query-input\":{\"@type\":\"PropertyValueSpecification\",\"valueRequired\":true,\"valueName\":\"search_term_string\"}}],\"inLanguage\":\"en-US\"},{\"@type\":\"Organization\",\"@id\":\"https:\\\/\\\/quickshot.com.br\\\/es\\\/#organization\",\"name\":\"Quick Shot\",\"alternateName\":\"Quick Shot | Art\u00edculos deportivos | Cont\u00e1ctenos: +55 19 3801-1000\",\"url\":\"https:\\\/\\\/quickshot.com.br\\\/es\\\/\",\"logo\":{\"@type\":\"ImageObject\",\"inLanguage\":\"en-US\",\"@id\":\"https:\\\/\\\/quickshot.com.br\\\/es\\\/#\\\/schema\\\/logo\\\/image\\\/\",\"url\":\"https:\\\/\\\/quickshot.com.br\\\/es\\\/wp-content\\\/uploads\\\/2024\\\/04\\\/logo.jpg\",\"contentUrl\":\"https:\\\/\\\/quickshot.com.br\\\/es\\\/wp-content\\\/uploads\\\/2024\\\/04\\\/logo.jpg\",\"width\":450,\"height\":156,\"caption\":\"Quick Shot\"},\"image\":{\"@id\":\"https:\\\/\\\/quickshot.com.br\\\/es\\\/#\\\/schema\\\/logo\\\/image\\\/\"}}]}<\/script>\n<!-- \/ Yoast SEO plugin. -->","yoast_head_json":{"title":"Quick Shot | Art\u00edculos deportivos | Cont\u00e1ctenos: +55 19 3801-1000 | Contacto","description":"Uno de los mayores fabricantes de Ram Gas y accesorios para pistolas de aire comprimido del pa\u00eds. Accesorios exclusivos para Carabina y Airsoft. Componentes que se adaptan a diferentes marcas y modelos de armas a\u00e9reas. La \u00faltima tecnolog\u00eda en repuestos y accesorios para pistolas de aire comprimido.","robots":{"index":"index","follow":"follow","max-snippet":"max-snippet:-1","max-image-preview":"max-image-preview:large","max-video-preview":"max-video-preview:-1"},"canonical":"https:\/\/quickshot.com.br\/es\/contacto\/","og_locale":"en_US","og_type":"article","og_title":"Quick Shot | Art\u00edculos deportivos | Cont\u00e1ctenos: +55 19 3801-1000 | Contacto","og_description":"Uno de los mayores fabricantes de Ram Gas y accesorios para pistolas de aire comprimido del pa\u00eds. Accesorios exclusivos para Carabina y Airsoft. Componentes que se adaptan a diferentes marcas y modelos de armas a\u00e9reas. La \u00faltima tecnolog\u00eda en repuestos y accesorios para pistolas de aire comprimido.","og_url":"https:\/\/quickshot.com.br\/es\/contacto\/","og_site_name":"Quick Shot","article_modified_time":"2024-05-02T05:04:11+00:00","twitter_card":"summary_large_image","twitter_misc":{"Est. reading time":"1 minute"},"schema":{"@context":"https:\/\/schema.org","@graph":[{"@type":"WebPage","@id":"https:\/\/quickshot.com.br\/es\/contacto\/","url":"https:\/\/quickshot.com.br\/es\/contacto\/","name":"Quick Shot | Art\u00edculos deportivos | Cont\u00e1ctenos: +55 19 3801-1000 | Contacto","isPartOf":{"@id":"https:\/\/quickshot.com.br\/es\/#website"},"datePublished":"2024-04-23T18:13:53+00:00","dateModified":"2024-05-02T05:04:11+00:00","description":"Uno de los mayores fabricantes de Ram Gas y accesorios para pistolas de aire comprimido del pa\u00eds. Accesorios exclusivos para Carabina y Airsoft. Componentes que se adaptan a diferentes marcas y modelos de armas a\u00e9reas. La \u00faltima tecnolog\u00eda en repuestos y accesorios para pistolas de aire comprimido.","breadcrumb":{"@id":"https:\/\/quickshot.com.br\/es\/contacto\/#breadcrumb"},"inLanguage":"en-US","potentialAction":[{"@type":"ReadAction","target":["https:\/\/quickshot.com.br\/es\/contacto\/"]}]},{"@type":"BreadcrumbList","@id":"https:\/\/quickshot.com.br\/es\/contacto\/#breadcrumb","itemListElement":[{"@type":"ListItem","position":1,"name":"Home","item":"https:\/\/quickshot.com.br\/es\/"},{"@type":"ListItem","position":2,"name":"Contacto"}]},{"@type":"WebSite","@id":"https:\/\/quickshot.com.br\/es\/#website","url":"https:\/\/quickshot.com.br\/es\/","name":"Quick Shot","description":"Uno de los mayores fabricantes de Ram Gas y accesorios para pistolas de aire comprimido del pa\u00eds. Accesorios exclusivos para Carabina y Airsoft. Componentes que se adaptan a diferentes marcas y modelos de armas a\u00e9reas. La \u00faltima tecnolog\u00eda en repuestos y accesorios para pistolas de aire comprimido.","publisher":{"@id":"https:\/\/quickshot.com.br\/es\/#organization"},"alternateName":"Quick Shot | Art\u00edculos deportivos | Cont\u00e1ctenos: +55 19 3801-1000","potentialAction":[{"@type":"SearchAction","target":{"@type":"EntryPoint","urlTemplate":"https:\/\/quickshot.com.br\/es\/?s={search_term_string}"},"query-input":{"@type":"PropertyValueSpecification","valueRequired":true,"valueName":"search_term_string"}}],"inLanguage":"en-US"},{"@type":"Organization","@id":"https:\/\/quickshot.com.br\/es\/#organization","name":"Quick Shot","alternateName":"Quick Shot | Art\u00edculos deportivos | Cont\u00e1ctenos: +55 19 3801-1000","url":"https:\/\/quickshot.com.br\/es\/","logo":{"@type":"ImageObject","inLanguage":"en-US","@id":"https:\/\/quickshot.com.br\/es\/#\/schema\/logo\/image\/","url":"https:\/\/quickshot.com.br\/es\/wp-content\/uploads\/2024\/04\/logo.jpg","contentUrl":"https:\/\/quickshot.com.br\/es\/wp-content\/uploads\/2024\/04\/logo.jpg","width":450,"height":156,"caption":"Quick Shot"},"image":{"@id":"https:\/\/quickshot.com.br\/es\/#\/schema\/logo\/image\/"}}]}},"_links":{"self":[{"href":"https:\/\/quickshot.com.br\/es\/wp-json\/wp\/v2\/pages\/37","targetHints":{"allow":["GET"]}}],"collection":[{"href":"https:\/\/quickshot.com.br\/es\/wp-json\/wp\/v2\/pages"}],"about":[{"href":"https:\/\/quickshot.com.br\/es\/wp-json\/wp\/v2\/types\/page"}],"author":[{"embeddable":true,"href":"https:\/\/quickshot.com.br\/es\/wp-json\/wp\/v2\/users\/1"}],"replies":[{"embeddable":true,"href":"https:\/\/quickshot.com.br\/es\/wp-json\/wp\/v2\/comments?post=37"}],"version-history":[{"count":5,"href":"https:\/\/quickshot.com.br\/es\/wp-json\/wp\/v2\/pages\/37\/revisions"}],"predecessor-version":[{"id":1666,"href":"https:\/\/quickshot.com.br\/es\/wp-json\/wp\/v2\/pages\/37\/revisions\/1666"}],"wp:attachment":[{"href":"https:\/\/quickshot.com.br\/es\/wp-json\/wp\/v2\/media?parent=37"}],"curies":[{"name":"wp","href":"https:\/\/api.w.org\/{rel}","templated":true}]}}