{"id":623,"date":"2024-04-26T11:18:56","date_gmt":"2024-04-26T14:18:56","guid":{"rendered":"https:\/\/quickshot.com.br\/es\/?page_id=623"},"modified":"2024-05-02T02:24:23","modified_gmt":"2024-05-02T05:24:23","slug":"resortes-de-acero-sueltos","status":"publish","type":"page","link":"https:\/\/quickshot.com.br\/es\/airgun\/kits-resorte-helicoidal-prime-alloy\/resortes-de-acero-sueltos\/","title":{"rendered":"Resortes de Acero Sueltos"},"content":{"rendered":"\t\t<div data-elementor-type=\"wp-page\" data-elementor-id=\"623\" class=\"elementor elementor-623\" data-elementor-post-type=\"page\">\n\t\t\t\t<div class=\"elementor-element elementor-element-4600284 e-flex e-con-boxed e-con e-parent\" data-id=\"4600284\" data-element_type=\"container\" data-e-type=\"container\">\n\t\t\t\t\t<div class=\"e-con-inner\">\n\t\t<div class=\"elementor-element elementor-element-57e2f55 e-con-full e-flex e-con e-child\" data-id=\"57e2f55\" data-element_type=\"container\" data-e-type=\"container\">\n\t\t\t\t<div class=\"elementor-element elementor-element-f609520 elementor-widget elementor-widget-text-editor\" data-id=\"f609520\" data-element_type=\"widget\" data-e-type=\"widget\" data-widget_type=\"text-editor.default\">\n\t\t\t\t<div class=\"elementor-widget-container\">\n\t\t\t\t\t\t\t\t\t<p>Los resortes helicoidales QuickShot est\u00e1n fabricadas con aceros especiales de alta resistencia a la torsi\u00f3n y al impacto, por lo que tienen un excelente rendimiento y una mayor durabilidad.<\/p><p>A trav\u00e9s de estudios sobre el comportamiento de los resortes de acero en las armas de aire comprimido, el dimensionamiento considera la tasa de rigidez m\u00e1s adecuada para su aplicaci\u00f3n, ya sea en modo de disparo a larga distancia, donde se necesita m\u00e1s energ\u00eda, o para tiro al blanco a 10 metros, donde se prioriza una mayor precisi\u00f3n y el retroceso m\u00e1s bajo posible.<\/p><p>Adem\u00e1s, QuickShot proporciona gu\u00edas especiales para las molas, que tienen la funci\u00f3n de reducir la torsi\u00f3n y la resonancia, haciendo que el arma sea m\u00e1s c\u00f3moda y precisa.<\/p>\t\t\t\t\t\t\t\t<\/div>\n\t\t\t\t<\/div>\n\t\t\t\t<div class=\"elementor-element elementor-element-c3f29d9 elementor-widget elementor-widget-heading\" data-id=\"c3f29d9\" data-element_type=\"widget\" data-e-type=\"widget\" data-widget_type=\"heading.default\">\n\t\t\t\t<div class=\"elementor-widget-container\">\n\t\t\t\t\t<h2 class=\"elementor-heading-title elementor-size-default\">INFORMACIONES ADICIONALES<\/h2>\t\t\t\t<\/div>\n\t\t\t\t<\/div>\n\t\t\t\t<\/div>\n\t\t<div class=\"elementor-element elementor-element-4031aca e-con-full e-flex e-con e-child\" data-id=\"4031aca\" data-element_type=\"container\" data-e-type=\"container\">\n\t\t\t\t<div class=\"elementor-element elementor-element-1b3ba32 elementor-widget elementor-widget-image\" data-id=\"1b3ba32\" data-element_type=\"widget\" data-e-type=\"widget\" data-widget_type=\"image.default\">\n\t\t\t\t<div class=\"elementor-widget-container\">\n\t\t\t\t\t\t\t\t\t\t\t\t\t\t\t\t<a href=\"https:\/\/quickshot.com.br\/es\/wp-content\/uploads\/2024\/04\/mola-prime-alloy-2.jpg\" data-elementor-open-lightbox=\"yes\" data-elementor-lightbox-title=\"mola-prime-alloy-2\" data-e-action-hash=\"#elementor-action%3Aaction%3Dlightbox%26settings%3DeyJpZCI6OTkzLCJ1cmwiOiJodHRwczpcL1wvcXVpY2tzaG90LmNvbS5iclwvZXNcL3dwLWNvbnRlbnRcL3VwbG9hZHNcLzIwMjRcLzA0XC9tb2xhLXByaW1lLWFsbG95LTIuanBnIn0%3D\">\n\t\t\t\t\t\t\t<img decoding=\"async\" src=\"https:\/\/quickshot.com.br\/es\/wp-content\/uploads\/elementor\/thumbs\/mola-prime-alloy-2-qnamvnwl8x4cucp8h5jv8ex3h48u5pw553n21bkglc.jpg\" title=\"mola-prime-alloy-2\" alt=\"mola-prime-alloy-2\" loading=\"lazy\" \/>\t\t\t\t\t\t\t\t<\/a>\n\t\t\t\t\t\t\t\t\t\t\t\t\t\t\t<\/div>\n\t\t\t\t<\/div>\n\t\t\t\t<\/div>\n\t\t\t\t\t<\/div>\n\t\t\t\t<\/div>\n\t\t<div class=\"elementor-element elementor-element-07349ec e-flex e-con-boxed e-con e-parent\" data-id=\"07349ec\" data-element_type=\"container\" data-e-type=\"container\">\n\t\t\t\t\t<div class=\"e-con-inner\">\n\t\t\t\t<div class=\"elementor-element elementor-element-cd24e33 elementor-widget elementor-widget-text-editor\" data-id=\"cd24e33\" data-element_type=\"widget\" data-e-type=\"widget\" data-widget_type=\"text-editor.default\">\n\t\t\t\t<div class=\"elementor-widget-container\">\n\t\t\t\t\t\t\t\t\t\n<table id=\"tablepress-32\" class=\"tablepress tablepress-id-32 tbody-has-connected-cells\">\n<thead>\n<tr class=\"row-1\">\n\t<th colspan=\"4\" class=\"column-1\"><strong>Kit Mola de a\u00e7o\/Coil Spring Replacement kit\/kit de reemplazo de resorte helicoidal<\/strong><\/th>\n<\/tr>\n<\/thead>\n<tbody class=\"row-striping row-hover\">\n<tr class=\"row-2\">\n\t<td class=\"column-1\"><strong>Fabricante\/Manufacturer<\/strong><\/td><td class=\"column-2\"><strong>Modelo\/Model<\/strong><\/td><td class=\"column-3\"><strong>SKU Kit<\/strong><\/td><td class=\"column-4\"><strong>SKU Mola a\u00e7o\/coil spring\/resorte acero<\/strong><\/td>\n<\/tr>\n<tr class=\"row-3\">\n\t<td rowspan=\"5\" class=\"column-1\"><strong>CBC\/Magtech<\/strong><\/td><td class=\"column-2\">B12-6 (Todas)<\/td><td class=\"column-3\">CAA.B1201.01<\/td><td class=\"column-4\">MAA.P101.01<\/td>\n<\/tr>\n<tr class=\"row-4\">\n\t<td class=\"column-2\">B19 (Todas)<\/td><td class=\"column-3\">CAA.B1901.01<\/td><td class=\"column-4\">MAA.P301.01<\/td>\n<\/tr>\n<tr class=\"row-5\">\n\t<td class=\"column-2\">G2 Standard (F18 e F22), Special (F18 e F22), Nitro 800 e Nitro 1000<\/td><td class=\"column-3\">CAA.G201.01<\/td><td class=\"column-4\">MAA.P401.01<\/td>\n<\/tr>\n<tr class=\"row-6\">\n\t<td class=\"column-2\">Jade, Jade Mais, Jade Pro, AG10, AG11 e Jade New<\/td><td class=\"column-3\">&#8211;<\/td><td class=\"column-4\">MAA.P501.01<\/td>\n<\/tr>\n<tr class=\"row-7\">\n\t<td class=\"column-2\">Jade Pro<\/td><td class=\"column-3\">&#8211;<\/td><td class=\"column-4\">MAA.P401.01<\/td>\n<\/tr>\n<tr class=\"row-8\">\n\t<td rowspan=\"3\" class=\"column-1\"><strong>Fixxar<\/strong><\/td><td class=\"column-2\">Ranger, Tucson e Viper<\/td><td class=\"column-3\">CAA.SPA03.01<\/td><td class=\"column-4\">MAA.P201.01<\/td>\n<\/tr>\n<tr class=\"row-9\">\n\t<td class=\"column-2\">Spring Black e West<\/td><td class=\"column-3\">CAA.SPA01.01<\/td><td class=\"column-4\">MAA.P301.02<\/td>\n<\/tr>\n<tr class=\"row-10\">\n\t<td class=\"column-2\">Spring Shadow e Forest<\/td><td class=\"column-3\">CAA.SPA.04.01<\/td><td class=\"column-4\">MAA.P101.01<\/td>\n<\/tr>\n<tr class=\"row-11\">\n\t<td rowspan=\"3\" class=\"column-1\"><strong>QGK<\/strong><\/td><td class=\"column-2\">14<\/td><td class=\"column-3\">CAA.SPA.04.01<\/td><td class=\"column-4\">MAA.P101.01<\/td>\n<\/tr>\n<tr class=\"row-12\">\n\t<td class=\"column-2\">600 Fire e Black Diamond<\/td><td class=\"column-3\">CAA.SPA03.01<\/td><td class=\"column-4\">MAA.P201.01<\/td>\n<\/tr>\n<tr class=\"row-13\">\n\t<td class=\"column-2\">ML Cl\u00e1ssica e Under B<\/td><td class=\"column-3\">CAA.SPA01.01<\/td><td class=\"column-4\">MAA.P301.02<\/td>\n<\/tr>\n<tr class=\"row-14\">\n\t<td rowspan=\"2\" class=\"column-1\"><strong>Rossi<\/strong><\/td><td class=\"column-2\">Dione 2<span style=\"color:#000000;\">\u00aa<\/span><span style=\"color:#000000;\"> Gera\u00e7\u00e3o e Sport<\/span><\/td><td class=\"column-3\">CAA.RDI01.01<\/td><td class=\"column-4\">MAA.P201.01<\/td>\n<\/tr>\n<tr class=\"row-15\">\n\t<td class=\"column-2\">Dione 3<span style=\"color:#000000;\">\u00aa<\/span><span style=\"color:#000000;\"> Gera\u00e7\u00e3o e Sport Up<\/span><\/td><td class=\"column-3\">&#8211;<\/td><td class=\"column-4\">MAA.P601.01<\/td>\n<\/tr>\n<\/tbody>\n<\/table>\n<!-- #tablepress-32 from cache -->\t\t\t\t\t\t\t\t<\/div>\n\t\t\t\t<\/div>\n\t\t\t\t<div class=\"elementor-element elementor-element-09ec3c5 elementor-widget elementor-widget-text-editor\" data-id=\"09ec3c5\" data-element_type=\"widget\" data-e-type=\"widget\" data-widget_type=\"text-editor.default\">\n\t\t\t\t<div class=\"elementor-widget-container\">\n\t\t\t\t\t\t\t\t\t<p>* Para modelos no listados consultar con Quickshot!<\/p>\t\t\t\t\t\t\t\t<\/div>\n\t\t\t\t<\/div>\n\t\t\t\t\t<\/div>\n\t\t\t\t<\/div>\n\t\t\t\t<\/div>\n\t\t","protected":false},"excerpt":{"rendered":"<p>Los resortes helicoidales QuickShot est\u00e1n fabricadas con aceros especiales de alta resistencia a la torsi\u00f3n y al impacto, por lo que tienen un excelente rendimiento y una mayor durabilidad. A trav\u00e9s de estudios sobre el comportamiento de los resortes de acero en las armas de aire comprimido, el dimensionamiento considera la tasa de rigidez m\u00e1s [&hellip;]<\/p>\n","protected":false},"author":1,"featured_media":620,"parent":586,"menu_order":0,"comment_status":"closed","ping_status":"closed","template":"","meta":{"footnotes":""},"class_list":["post-623","page","type-page","status-publish","has-post-thumbnail","hentry"],"yoast_head":"<!-- This site is optimized with the Yoast SEO plugin v27.3 - https:\/\/yoast.com\/product\/yoast-seo-wordpress\/ -->\n<title>Quick Shot | Art\u00edculos deportivos | Cont\u00e1ctenos: +55 19 3801-1000 | Resortes de Acero Sueltos<\/title>\n<meta name=\"description\" content=\"Uno de los mayores fabricantes de Ram Gas y accesorios para pistolas de aire comprimido del pa\u00eds. Accesorios exclusivos para Carabina y Airsoft. Componentes que se adaptan a diferentes marcas y modelos de armas a\u00e9reas. La \u00faltima tecnolog\u00eda en repuestos y accesorios para pistolas de aire comprimido.\" \/>\n<meta name=\"robots\" content=\"index, follow, max-snippet:-1, max-image-preview:large, max-video-preview:-1\" \/>\n<link rel=\"canonical\" href=\"https:\/\/quickshot.com.br\/es\/airgun\/kits-resorte-helicoidal-prime-alloy\/resortes-de-acero-sueltos\/\" \/>\n<meta property=\"og:locale\" content=\"en_US\" \/>\n<meta property=\"og:type\" content=\"article\" \/>\n<meta property=\"og:title\" content=\"Quick Shot | Art\u00edculos deportivos | Cont\u00e1ctenos: +55 19 3801-1000 | Resortes de Acero Sueltos\" \/>\n<meta property=\"og:description\" content=\"Uno de los mayores fabricantes de Ram Gas y accesorios para pistolas de aire comprimido del pa\u00eds. Accesorios exclusivos para Carabina y Airsoft. Componentes que se adaptan a diferentes marcas y modelos de armas a\u00e9reas. La \u00faltima tecnolog\u00eda en repuestos y accesorios para pistolas de aire comprimido.\" \/>\n<meta property=\"og:url\" content=\"https:\/\/quickshot.com.br\/es\/airgun\/kits-resorte-helicoidal-prime-alloy\/resortes-de-acero-sueltos\/\" \/>\n<meta property=\"og:site_name\" content=\"Quick Shot\" \/>\n<meta property=\"article:modified_time\" content=\"2024-05-02T05:24:23+00:00\" \/>\n<meta property=\"og:image\" content=\"https:\/\/quickshot.com.br\/es\/wp-content\/uploads\/2024\/04\/familia_mola_helicoidal_alta.jpg\" \/>\n\t<meta property=\"og:image:width\" content=\"1000\" \/>\n\t<meta property=\"og:image:height\" content=\"1000\" \/>\n\t<meta property=\"og:image:type\" content=\"image\/jpeg\" \/>\n<meta name=\"twitter:card\" content=\"summary_large_image\" \/>\n<meta name=\"twitter:label1\" content=\"Est. reading time\" \/>\n\t<meta name=\"twitter:data1\" content=\"2 minutes\" \/>\n<script type=\"application\/ld+json\" class=\"yoast-schema-graph\">{\"@context\":\"https:\\\/\\\/schema.org\",\"@graph\":[{\"@type\":\"WebPage\",\"@id\":\"https:\\\/\\\/quickshot.com.br\\\/es\\\/airgun\\\/kits-resorte-helicoidal-prime-alloy\\\/resortes-de-acero-sueltos\\\/\",\"url\":\"https:\\\/\\\/quickshot.com.br\\\/es\\\/airgun\\\/kits-resorte-helicoidal-prime-alloy\\\/resortes-de-acero-sueltos\\\/\",\"name\":\"Quick Shot | Art\u00edculos deportivos | Cont\u00e1ctenos: +55 19 3801-1000 | Resortes de Acero Sueltos\",\"isPartOf\":{\"@id\":\"https:\\\/\\\/quickshot.com.br\\\/es\\\/#website\"},\"primaryImageOfPage\":{\"@id\":\"https:\\\/\\\/quickshot.com.br\\\/es\\\/airgun\\\/kits-resorte-helicoidal-prime-alloy\\\/resortes-de-acero-sueltos\\\/#primaryimage\"},\"image\":{\"@id\":\"https:\\\/\\\/quickshot.com.br\\\/es\\\/airgun\\\/kits-resorte-helicoidal-prime-alloy\\\/resortes-de-acero-sueltos\\\/#primaryimage\"},\"thumbnailUrl\":\"https:\\\/\\\/quickshot.com.br\\\/es\\\/wp-content\\\/uploads\\\/2024\\\/04\\\/familia_mola_helicoidal_alta.jpg\",\"datePublished\":\"2024-04-26T14:18:56+00:00\",\"dateModified\":\"2024-05-02T05:24:23+00:00\",\"description\":\"Uno de los mayores fabricantes de Ram Gas y accesorios para pistolas de aire comprimido del pa\u00eds. Accesorios exclusivos para Carabina y Airsoft. Componentes que se adaptan a diferentes marcas y modelos de armas a\u00e9reas. La \u00faltima tecnolog\u00eda en repuestos y accesorios para pistolas de aire comprimido.\",\"breadcrumb\":{\"@id\":\"https:\\\/\\\/quickshot.com.br\\\/es\\\/airgun\\\/kits-resorte-helicoidal-prime-alloy\\\/resortes-de-acero-sueltos\\\/#breadcrumb\"},\"inLanguage\":\"en-US\",\"potentialAction\":[{\"@type\":\"ReadAction\",\"target\":[\"https:\\\/\\\/quickshot.com.br\\\/es\\\/airgun\\\/kits-resorte-helicoidal-prime-alloy\\\/resortes-de-acero-sueltos\\\/\"]}]},{\"@type\":\"ImageObject\",\"inLanguage\":\"en-US\",\"@id\":\"https:\\\/\\\/quickshot.com.br\\\/es\\\/airgun\\\/kits-resorte-helicoidal-prime-alloy\\\/resortes-de-acero-sueltos\\\/#primaryimage\",\"url\":\"https:\\\/\\\/quickshot.com.br\\\/es\\\/wp-content\\\/uploads\\\/2024\\\/04\\\/familia_mola_helicoidal_alta.jpg\",\"contentUrl\":\"https:\\\/\\\/quickshot.com.br\\\/es\\\/wp-content\\\/uploads\\\/2024\\\/04\\\/familia_mola_helicoidal_alta.jpg\",\"width\":1000,\"height\":1000},{\"@type\":\"BreadcrumbList\",\"@id\":\"https:\\\/\\\/quickshot.com.br\\\/es\\\/airgun\\\/kits-resorte-helicoidal-prime-alloy\\\/resortes-de-acero-sueltos\\\/#breadcrumb\",\"itemListElement\":[{\"@type\":\"ListItem\",\"position\":1,\"name\":\"Home\",\"item\":\"https:\\\/\\\/quickshot.com.br\\\/es\\\/\"},{\"@type\":\"ListItem\",\"position\":2,\"name\":\"Airgun\",\"item\":\"https:\\\/\\\/quickshot.com.br\\\/es\\\/airgun\\\/\"},{\"@type\":\"ListItem\",\"position\":3,\"name\":\"Kits Resorte Helicoidal PRIME ALLOY\",\"item\":\"https:\\\/\\\/quickshot.com.br\\\/es\\\/airgun\\\/kits-resorte-helicoidal-prime-alloy\\\/\"},{\"@type\":\"ListItem\",\"position\":4,\"name\":\"Resortes de Acero Sueltos\"}]},{\"@type\":\"WebSite\",\"@id\":\"https:\\\/\\\/quickshot.com.br\\\/es\\\/#website\",\"url\":\"https:\\\/\\\/quickshot.com.br\\\/es\\\/\",\"name\":\"Quick Shot\",\"description\":\"Uno de los mayores fabricantes de Ram Gas y accesorios para pistolas de aire comprimido del pa\u00eds. Accesorios exclusivos para Carabina y Airsoft. Componentes que se adaptan a diferentes marcas y modelos de armas a\u00e9reas. La \u00faltima tecnolog\u00eda en repuestos y accesorios para pistolas de aire comprimido.\",\"publisher\":{\"@id\":\"https:\\\/\\\/quickshot.com.br\\\/es\\\/#organization\"},\"alternateName\":\"Quick Shot | Art\u00edculos deportivos | Cont\u00e1ctenos: +55 19 3801-1000\",\"potentialAction\":[{\"@type\":\"SearchAction\",\"target\":{\"@type\":\"EntryPoint\",\"urlTemplate\":\"https:\\\/\\\/quickshot.com.br\\\/es\\\/?s={search_term_string}\"},\"query-input\":{\"@type\":\"PropertyValueSpecification\",\"valueRequired\":true,\"valueName\":\"search_term_string\"}}],\"inLanguage\":\"en-US\"},{\"@type\":\"Organization\",\"@id\":\"https:\\\/\\\/quickshot.com.br\\\/es\\\/#organization\",\"name\":\"Quick Shot\",\"alternateName\":\"Quick Shot | Art\u00edculos deportivos | Cont\u00e1ctenos: +55 19 3801-1000\",\"url\":\"https:\\\/\\\/quickshot.com.br\\\/es\\\/\",\"logo\":{\"@type\":\"ImageObject\",\"inLanguage\":\"en-US\",\"@id\":\"https:\\\/\\\/quickshot.com.br\\\/es\\\/#\\\/schema\\\/logo\\\/image\\\/\",\"url\":\"https:\\\/\\\/quickshot.com.br\\\/es\\\/wp-content\\\/uploads\\\/2024\\\/04\\\/logo.jpg\",\"contentUrl\":\"https:\\\/\\\/quickshot.com.br\\\/es\\\/wp-content\\\/uploads\\\/2024\\\/04\\\/logo.jpg\",\"width\":450,\"height\":156,\"caption\":\"Quick Shot\"},\"image\":{\"@id\":\"https:\\\/\\\/quickshot.com.br\\\/es\\\/#\\\/schema\\\/logo\\\/image\\\/\"}}]}<\/script>\n<!-- \/ Yoast SEO plugin. -->","yoast_head_json":{"title":"Quick Shot | Art\u00edculos deportivos | Cont\u00e1ctenos: +55 19 3801-1000 | Resortes de Acero Sueltos","description":"Uno de los mayores fabricantes de Ram Gas y accesorios para pistolas de aire comprimido del pa\u00eds. Accesorios exclusivos para Carabina y Airsoft. Componentes que se adaptan a diferentes marcas y modelos de armas a\u00e9reas. La \u00faltima tecnolog\u00eda en repuestos y accesorios para pistolas de aire comprimido.","robots":{"index":"index","follow":"follow","max-snippet":"max-snippet:-1","max-image-preview":"max-image-preview:large","max-video-preview":"max-video-preview:-1"},"canonical":"https:\/\/quickshot.com.br\/es\/airgun\/kits-resorte-helicoidal-prime-alloy\/resortes-de-acero-sueltos\/","og_locale":"en_US","og_type":"article","og_title":"Quick Shot | Art\u00edculos deportivos | Cont\u00e1ctenos: +55 19 3801-1000 | Resortes de Acero Sueltos","og_description":"Uno de los mayores fabricantes de Ram Gas y accesorios para pistolas de aire comprimido del pa\u00eds. Accesorios exclusivos para Carabina y Airsoft. Componentes que se adaptan a diferentes marcas y modelos de armas a\u00e9reas. La \u00faltima tecnolog\u00eda en repuestos y accesorios para pistolas de aire comprimido.","og_url":"https:\/\/quickshot.com.br\/es\/airgun\/kits-resorte-helicoidal-prime-alloy\/resortes-de-acero-sueltos\/","og_site_name":"Quick Shot","article_modified_time":"2024-05-02T05:24:23+00:00","og_image":[{"width":1000,"height":1000,"url":"https:\/\/quickshot.com.br\/es\/wp-content\/uploads\/2024\/04\/familia_mola_helicoidal_alta.jpg","type":"image\/jpeg"}],"twitter_card":"summary_large_image","twitter_misc":{"Est. reading time":"2 minutes"},"schema":{"@context":"https:\/\/schema.org","@graph":[{"@type":"WebPage","@id":"https:\/\/quickshot.com.br\/es\/airgun\/kits-resorte-helicoidal-prime-alloy\/resortes-de-acero-sueltos\/","url":"https:\/\/quickshot.com.br\/es\/airgun\/kits-resorte-helicoidal-prime-alloy\/resortes-de-acero-sueltos\/","name":"Quick Shot | Art\u00edculos deportivos | Cont\u00e1ctenos: +55 19 3801-1000 | Resortes de Acero Sueltos","isPartOf":{"@id":"https:\/\/quickshot.com.br\/es\/#website"},"primaryImageOfPage":{"@id":"https:\/\/quickshot.com.br\/es\/airgun\/kits-resorte-helicoidal-prime-alloy\/resortes-de-acero-sueltos\/#primaryimage"},"image":{"@id":"https:\/\/quickshot.com.br\/es\/airgun\/kits-resorte-helicoidal-prime-alloy\/resortes-de-acero-sueltos\/#primaryimage"},"thumbnailUrl":"https:\/\/quickshot.com.br\/es\/wp-content\/uploads\/2024\/04\/familia_mola_helicoidal_alta.jpg","datePublished":"2024-04-26T14:18:56+00:00","dateModified":"2024-05-02T05:24:23+00:00","description":"Uno de los mayores fabricantes de Ram Gas y accesorios para pistolas de aire comprimido del pa\u00eds. Accesorios exclusivos para Carabina y Airsoft. Componentes que se adaptan a diferentes marcas y modelos de armas a\u00e9reas. La \u00faltima tecnolog\u00eda en repuestos y accesorios para pistolas de aire comprimido.","breadcrumb":{"@id":"https:\/\/quickshot.com.br\/es\/airgun\/kits-resorte-helicoidal-prime-alloy\/resortes-de-acero-sueltos\/#breadcrumb"},"inLanguage":"en-US","potentialAction":[{"@type":"ReadAction","target":["https:\/\/quickshot.com.br\/es\/airgun\/kits-resorte-helicoidal-prime-alloy\/resortes-de-acero-sueltos\/"]}]},{"@type":"ImageObject","inLanguage":"en-US","@id":"https:\/\/quickshot.com.br\/es\/airgun\/kits-resorte-helicoidal-prime-alloy\/resortes-de-acero-sueltos\/#primaryimage","url":"https:\/\/quickshot.com.br\/es\/wp-content\/uploads\/2024\/04\/familia_mola_helicoidal_alta.jpg","contentUrl":"https:\/\/quickshot.com.br\/es\/wp-content\/uploads\/2024\/04\/familia_mola_helicoidal_alta.jpg","width":1000,"height":1000},{"@type":"BreadcrumbList","@id":"https:\/\/quickshot.com.br\/es\/airgun\/kits-resorte-helicoidal-prime-alloy\/resortes-de-acero-sueltos\/#breadcrumb","itemListElement":[{"@type":"ListItem","position":1,"name":"Home","item":"https:\/\/quickshot.com.br\/es\/"},{"@type":"ListItem","position":2,"name":"Airgun","item":"https:\/\/quickshot.com.br\/es\/airgun\/"},{"@type":"ListItem","position":3,"name":"Kits Resorte Helicoidal PRIME ALLOY","item":"https:\/\/quickshot.com.br\/es\/airgun\/kits-resorte-helicoidal-prime-alloy\/"},{"@type":"ListItem","position":4,"name":"Resortes de Acero Sueltos"}]},{"@type":"WebSite","@id":"https:\/\/quickshot.com.br\/es\/#website","url":"https:\/\/quickshot.com.br\/es\/","name":"Quick Shot","description":"Uno de los mayores fabricantes de Ram Gas y accesorios para pistolas de aire comprimido del pa\u00eds. Accesorios exclusivos para Carabina y Airsoft. Componentes que se adaptan a diferentes marcas y modelos de armas a\u00e9reas. La \u00faltima tecnolog\u00eda en repuestos y accesorios para pistolas de aire comprimido.","publisher":{"@id":"https:\/\/quickshot.com.br\/es\/#organization"},"alternateName":"Quick Shot | Art\u00edculos deportivos | Cont\u00e1ctenos: +55 19 3801-1000","potentialAction":[{"@type":"SearchAction","target":{"@type":"EntryPoint","urlTemplate":"https:\/\/quickshot.com.br\/es\/?s={search_term_string}"},"query-input":{"@type":"PropertyValueSpecification","valueRequired":true,"valueName":"search_term_string"}}],"inLanguage":"en-US"},{"@type":"Organization","@id":"https:\/\/quickshot.com.br\/es\/#organization","name":"Quick Shot","alternateName":"Quick Shot | Art\u00edculos deportivos | Cont\u00e1ctenos: +55 19 3801-1000","url":"https:\/\/quickshot.com.br\/es\/","logo":{"@type":"ImageObject","inLanguage":"en-US","@id":"https:\/\/quickshot.com.br\/es\/#\/schema\/logo\/image\/","url":"https:\/\/quickshot.com.br\/es\/wp-content\/uploads\/2024\/04\/logo.jpg","contentUrl":"https:\/\/quickshot.com.br\/es\/wp-content\/uploads\/2024\/04\/logo.jpg","width":450,"height":156,"caption":"Quick Shot"},"image":{"@id":"https:\/\/quickshot.com.br\/es\/#\/schema\/logo\/image\/"}}]}},"_links":{"self":[{"href":"https:\/\/quickshot.com.br\/es\/wp-json\/wp\/v2\/pages\/623","targetHints":{"allow":["GET"]}}],"collection":[{"href":"https:\/\/quickshot.com.br\/es\/wp-json\/wp\/v2\/pages"}],"about":[{"href":"https:\/\/quickshot.com.br\/es\/wp-json\/wp\/v2\/types\/page"}],"author":[{"embeddable":true,"href":"https:\/\/quickshot.com.br\/es\/wp-json\/wp\/v2\/users\/1"}],"replies":[{"embeddable":true,"href":"https:\/\/quickshot.com.br\/es\/wp-json\/wp\/v2\/comments?post=623"}],"version-history":[{"count":5,"href":"https:\/\/quickshot.com.br\/es\/wp-json\/wp\/v2\/pages\/623\/revisions"}],"predecessor-version":[{"id":1735,"href":"https:\/\/quickshot.com.br\/es\/wp-json\/wp\/v2\/pages\/623\/revisions\/1735"}],"up":[{"embeddable":true,"href":"https:\/\/quickshot.com.br\/es\/wp-json\/wp\/v2\/pages\/586"}],"wp:featuredmedia":[{"embeddable":true,"href":"https:\/\/quickshot.com.br\/es\/wp-json\/wp\/v2\/media\/620"}],"wp:attachment":[{"href":"https:\/\/quickshot.com.br\/es\/wp-json\/wp\/v2\/media?parent=623"}],"curies":[{"name":"wp","href":"https:\/\/api.w.org\/{rel}","templated":true}]}}