{"id":628,"date":"2024-04-26T11:29:16","date_gmt":"2024-04-26T14:29:16","guid":{"rendered":"https:\/\/quickshot.com.br\/es\/?page_id=628"},"modified":"2024-05-02T02:12:45","modified_gmt":"2024-05-02T05:12:45","slug":"air-stripper-ajustable","status":"publish","type":"page","link":"https:\/\/quickshot.com.br\/es\/airgun\/bocahas-cubierta-del-canon-y-air-strippes\/air-stripper-ajustable\/","title":{"rendered":"Air Stripper Ajustable"},"content":{"rendered":"\t\t<div data-elementor-type=\"wp-page\" data-elementor-id=\"628\" class=\"elementor elementor-628\" data-elementor-post-type=\"page\">\n\t\t\t\t<div class=\"elementor-element elementor-element-fbb197c e-flex e-con-boxed e-con e-parent\" data-id=\"fbb197c\" data-element_type=\"container\" data-e-type=\"container\">\n\t\t\t\t\t<div class=\"e-con-inner\">\n\t\t\t\t<div class=\"elementor-element elementor-element-95fdecc elementor-widget elementor-widget-text-editor\" data-id=\"95fdecc\" data-element_type=\"widget\" data-e-type=\"widget\" data-widget_type=\"text-editor.default\">\n\t\t\t\t<div class=\"elementor-widget-container\">\n\t\t\t\t\t\t\t\t\t<p>El Air Stripper ajustable dise\u00f1ado y fabricado por Quickshot est\u00e1 hecho para permitir diferentes ajustes milim\u00e9tricos para que el tirador pueda ajustar la distancia entre el cono disipador de aire y la boca de acuerdo con la energ\u00eda generada por el rifle de aire y el peso del bal\u00edn o slug, encontrando la mejor distancia para cada situaci\u00f3n y compensando la vibraci\u00f3n arm\u00f3nica del ca\u00f1\u00f3n, lo que se traduce en mejores grupos de tiro al blanco.<\/p><p>La mejor ubicaci\u00f3n para el cono separador de aire se puede encontrar disparando una serie de 3 o 5 rondas al objetivo y comparando las agrupaciones logradas con los n\u00fameros en la escala impresa en la parte superior del separador de aire ajustable QuickShot.<\/p><p>Nuestro dise\u00f1o \u00fanico cuenta con anillos de sellado &#8216;junta t\u00f3rica&#8217; para evitar que el cono disipador de aire se mueva durante las secciones de disparo y, por lo tanto, realiza su funci\u00f3n bal\u00edstica para brindar una mejor precisi\u00f3n.<\/p>\t\t\t\t\t\t\t\t<\/div>\n\t\t\t\t<\/div>\n\t\t\t\t\t<\/div>\n\t\t\t\t<\/div>\n\t\t<div class=\"elementor-element elementor-element-3e37594 e-flex e-con-boxed e-con e-parent\" data-id=\"3e37594\" data-element_type=\"container\" data-e-type=\"container\">\n\t\t\t\t\t<div class=\"e-con-inner\">\n\t\t<div class=\"elementor-element elementor-element-f32aeab e-con-full e-flex e-con e-child\" data-id=\"f32aeab\" data-element_type=\"container\" data-e-type=\"container\">\n\t\t\t\t<div class=\"elementor-element elementor-element-8670813 elementor-widget elementor-widget-image\" data-id=\"8670813\" data-element_type=\"widget\" data-e-type=\"widget\" data-widget_type=\"image.default\">\n\t\t\t\t<div class=\"elementor-widget-container\">\n\t\t\t\t\t\t\t\t\t\t\t\t<figure class=\"wp-caption\">\n\t\t\t\t\t\t\t\t\t\t\t<a href=\"https:\/\/quickshot.com.br\/es\/wp-content\/uploads\/2024\/04\/air_stripper-1.jpg\" data-elementor-open-lightbox=\"yes\" data-elementor-lightbox-title=\"Air Stripper 15mm\" data-elementor-lightbox-description=\"Air Stripper 15mm\" data-e-action-hash=\"#elementor-action%3Aaction%3Dlightbox%26settings%3DeyJpZCI6MTA1OSwidXJsIjoiaHR0cHM6XC9cL3F1aWNrc2hvdC5jb20uYnJcL2VzXC93cC1jb250ZW50XC91cGxvYWRzXC8yMDI0XC8wNFwvYWlyX3N0cmlwcGVyLTEuanBnIn0%3D\">\n\t\t\t\t\t\t\t<img fetchpriority=\"high\" decoding=\"async\" width=\"1500\" height=\"1000\" src=\"https:\/\/quickshot.com.br\/es\/wp-content\/uploads\/2024\/04\/air_stripper-1.jpg\" class=\"attachment-full size-full wp-image-1059\" alt=\"Air Stripper 15mm\" srcset=\"https:\/\/quickshot.com.br\/es\/wp-content\/uploads\/2024\/04\/air_stripper-1.jpg 1500w, https:\/\/quickshot.com.br\/es\/wp-content\/uploads\/2024\/04\/air_stripper-1-300x200.jpg 300w, https:\/\/quickshot.com.br\/es\/wp-content\/uploads\/2024\/04\/air_stripper-1-1024x683.jpg 1024w, https:\/\/quickshot.com.br\/es\/wp-content\/uploads\/2024\/04\/air_stripper-1-768x512.jpg 768w\" sizes=\"(max-width: 1500px) 100vw, 1500px\" \/>\t\t\t\t\t\t\t\t<\/a>\n\t\t\t\t\t\t\t\t\t\t\t<figcaption class=\"widget-image-caption wp-caption-text\">Air Stripper 15mm<\/figcaption>\n\t\t\t\t\t\t\t\t\t\t<\/figure>\n\t\t\t\t\t\t\t\t\t<\/div>\n\t\t\t\t<\/div>\n\t\t\t\t<\/div>\n\t\t<div class=\"elementor-element elementor-element-88c2270 e-con-full e-flex e-con e-child\" data-id=\"88c2270\" data-element_type=\"container\" data-e-type=\"container\">\n\t\t\t\t<div class=\"elementor-element elementor-element-76e81ef elementor-widget elementor-widget-image\" data-id=\"76e81ef\" data-element_type=\"widget\" data-e-type=\"widget\" data-widget_type=\"image.default\">\n\t\t\t\t<div class=\"elementor-widget-container\">\n\t\t\t\t\t\t\t\t\t\t\t\t<figure class=\"wp-caption\">\n\t\t\t\t\t\t\t\t\t\t\t<a href=\"https:\/\/quickshot.com.br\/es\/wp-content\/uploads\/2024\/04\/air_stripper_para_pcp_12_unf_20fpp_ajustavel_qs_pro.jpg\" data-elementor-open-lightbox=\"yes\" data-elementor-lightbox-title=\"Air Stripper 16mm\" data-elementor-lightbox-description=\"Air Stripper 16mm\" data-e-action-hash=\"#elementor-action%3Aaction%3Dlightbox%26settings%3DeyJpZCI6MTA1NywidXJsIjoiaHR0cHM6XC9cL3F1aWNrc2hvdC5jb20uYnJcL2VzXC93cC1jb250ZW50XC91cGxvYWRzXC8yMDI0XC8wNFwvYWlyX3N0cmlwcGVyX3BhcmFfcGNwXzEyX3VuZl8yMGZwcF9hanVzdGF2ZWxfcXNfcHJvLmpwZyJ9\">\n\t\t\t\t\t\t\t<img decoding=\"async\" width=\"1500\" height=\"1000\" src=\"https:\/\/quickshot.com.br\/es\/wp-content\/uploads\/2024\/04\/air_stripper_para_pcp_12_unf_20fpp_ajustavel_qs_pro.jpg\" class=\"attachment-full size-full wp-image-1057\" alt=\"Air Stripper 16mm\" srcset=\"https:\/\/quickshot.com.br\/es\/wp-content\/uploads\/2024\/04\/air_stripper_para_pcp_12_unf_20fpp_ajustavel_qs_pro.jpg 1500w, https:\/\/quickshot.com.br\/es\/wp-content\/uploads\/2024\/04\/air_stripper_para_pcp_12_unf_20fpp_ajustavel_qs_pro-300x200.jpg 300w, https:\/\/quickshot.com.br\/es\/wp-content\/uploads\/2024\/04\/air_stripper_para_pcp_12_unf_20fpp_ajustavel_qs_pro-1024x683.jpg 1024w, https:\/\/quickshot.com.br\/es\/wp-content\/uploads\/2024\/04\/air_stripper_para_pcp_12_unf_20fpp_ajustavel_qs_pro-768x512.jpg 768w\" sizes=\"(max-width: 1500px) 100vw, 1500px\" \/>\t\t\t\t\t\t\t\t<\/a>\n\t\t\t\t\t\t\t\t\t\t\t<figcaption class=\"widget-image-caption wp-caption-text\">Air Stripper 16mm<\/figcaption>\n\t\t\t\t\t\t\t\t\t\t<\/figure>\n\t\t\t\t\t\t\t\t\t<\/div>\n\t\t\t\t<\/div>\n\t\t\t\t<\/div>\n\t\t<div class=\"elementor-element elementor-element-04e4a19 e-con-full e-flex e-con e-child\" data-id=\"04e4a19\" data-element_type=\"container\" data-e-type=\"container\">\n\t\t\t\t<div class=\"elementor-element elementor-element-db22871 elementor-widget elementor-widget-image\" data-id=\"db22871\" data-element_type=\"widget\" data-e-type=\"widget\" data-widget_type=\"image.default\">\n\t\t\t\t<div class=\"elementor-widget-container\">\n\t\t\t\t\t\t\t\t\t\t\t\t<figure class=\"wp-caption\">\n\t\t\t\t\t\t\t\t\t\t\t<a href=\"https:\/\/quickshot.com.br\/es\/wp-content\/uploads\/2024\/04\/air_stripper_para_pcp_12_unf_20fpp_ajustavel_qs_pro_b.jpg\" data-elementor-open-lightbox=\"yes\" data-elementor-lightbox-title=\"Air Stripper para PCP 12UNF 20FPP Ajust\u00e1vel\" data-elementor-lightbox-description=\"Air Stripper para PCP 12UNF 20FPP Ajust\u00e1vel\" data-e-action-hash=\"#elementor-action%3Aaction%3Dlightbox%26settings%3DeyJpZCI6MTA1OCwidXJsIjoiaHR0cHM6XC9cL3F1aWNrc2hvdC5jb20uYnJcL2VzXC93cC1jb250ZW50XC91cGxvYWRzXC8yMDI0XC8wNFwvYWlyX3N0cmlwcGVyX3BhcmFfcGNwXzEyX3VuZl8yMGZwcF9hanVzdGF2ZWxfcXNfcHJvX2IuanBnIn0%3D\">\n\t\t\t\t\t\t\t<img decoding=\"async\" width=\"1500\" height=\"1000\" src=\"https:\/\/quickshot.com.br\/es\/wp-content\/uploads\/2024\/04\/air_stripper_para_pcp_12_unf_20fpp_ajustavel_qs_pro_b.jpg\" class=\"attachment-full size-full wp-image-1058\" alt=\"Air Stripper para PCP 12UNF 20FPP Ajust\u00e1vel\" srcset=\"https:\/\/quickshot.com.br\/es\/wp-content\/uploads\/2024\/04\/air_stripper_para_pcp_12_unf_20fpp_ajustavel_qs_pro_b.jpg 1500w, https:\/\/quickshot.com.br\/es\/wp-content\/uploads\/2024\/04\/air_stripper_para_pcp_12_unf_20fpp_ajustavel_qs_pro_b-300x200.jpg 300w, https:\/\/quickshot.com.br\/es\/wp-content\/uploads\/2024\/04\/air_stripper_para_pcp_12_unf_20fpp_ajustavel_qs_pro_b-1024x683.jpg 1024w, https:\/\/quickshot.com.br\/es\/wp-content\/uploads\/2024\/04\/air_stripper_para_pcp_12_unf_20fpp_ajustavel_qs_pro_b-768x512.jpg 768w\" sizes=\"(max-width: 1500px) 100vw, 1500px\" \/>\t\t\t\t\t\t\t\t<\/a>\n\t\t\t\t\t\t\t\t\t\t\t<figcaption class=\"widget-image-caption wp-caption-text\">Air Stripper para PCP 12UNF 20FPP Ajust\u00e1vel<\/figcaption>\n\t\t\t\t\t\t\t\t\t\t<\/figure>\n\t\t\t\t\t\t\t\t\t<\/div>\n\t\t\t\t<\/div>\n\t\t\t\t<\/div>\n\t\t\t\t\t<\/div>\n\t\t\t\t<\/div>\n\t\t<div class=\"elementor-element elementor-element-551493f e-flex e-con-boxed e-con e-parent\" data-id=\"551493f\" data-element_type=\"container\" data-e-type=\"container\">\n\t\t\t\t\t<div class=\"e-con-inner\">\n\t\t\t\t<div class=\"elementor-element elementor-element-a2f374e elementor-widget elementor-widget-heading\" data-id=\"a2f374e\" data-element_type=\"widget\" data-e-type=\"widget\" data-widget_type=\"heading.default\">\n\t\t\t\t<div class=\"elementor-widget-container\">\n\t\t\t\t\t<h2 class=\"elementor-heading-title elementor-size-default\">INFORMACIONES ADICIONALES<\/h2>\t\t\t\t<\/div>\n\t\t\t\t<\/div>\n\t\t\t\t<div class=\"elementor-element elementor-element-3f255eb elementor-widget elementor-widget-text-editor\" data-id=\"3f255eb\" data-element_type=\"widget\" data-e-type=\"widget\" data-widget_type=\"text-editor.default\">\n\t\t\t\t<div class=\"elementor-widget-container\">\n\t\t\t\t\t\t\t\t\t\n<table id=\"tablepress-34\" class=\"tablepress tablepress-id-34\">\n<thead>\n<tr class=\"row-1\">\n\t<th class=\"column-1\"><strong>Produto \/ Item \/ Art\u00edculo<\/strong><\/th><th class=\"column-2\"><strong>Canos de \u00d815mm<\/strong><\/th><th class=\"column-3\"><strong>Canos de \u00d815mm<\/strong><\/th><th class=\"column-4\"><strong>PCP rosca 1\/2&#8243; UNF<\/strong><\/th>\n<\/tr>\n<\/thead>\n<tbody class=\"row-striping row-hover\">\n<tr class=\"row-2\">\n\t<td class=\"column-1\">Air Stripper Ajust\u00e1vel QS Pro 15mm &#8211; Preto<\/td><td class=\"column-2\">MZB.AS10.15.02<\/td><td class=\"column-3\">MZB.AS10.16.02<\/td><td class=\"column-4\">MZB.AS02.20.02<\/td>\n<\/tr>\n<tr class=\"row-3\">\n\t<td class=\"column-1\">Muzzle Brake Ajust\u00e1vel QS Pro 15mm &#8211; Preto<\/td><td class=\"column-2\">MZB.MB10.15.02<\/td><td class=\"column-3\"><\/td><td class=\"column-4\"><\/td>\n<\/tr>\n<\/tbody>\n<\/table>\n<!-- #tablepress-34 from cache --><p>* Para modelos no listados consultar con Quickshot!<br \/>** Las puntas delanteras tambi\u00e9n se venden por separado<\/p>\t\t\t\t\t\t\t\t<\/div>\n\t\t\t\t<\/div>\n\t\t\t\t\t<\/div>\n\t\t\t\t<\/div>\n\t\t\t\t<\/div>\n\t\t","protected":false},"excerpt":{"rendered":"<p>El Air Stripper ajustable dise\u00f1ado y fabricado por Quickshot est\u00e1 hecho para permitir diferentes ajustes milim\u00e9tricos para que el tirador pueda ajustar la distancia entre el cono disipador de aire y la boca de acuerdo con la energ\u00eda generada por el rifle de aire y el peso del bal\u00edn o slug, encontrando la mejor distancia [&hellip;]<\/p>\n","protected":false},"author":1,"featured_media":629,"parent":603,"menu_order":0,"comment_status":"closed","ping_status":"closed","template":"","meta":{"footnotes":""},"class_list":["post-628","page","type-page","status-publish","has-post-thumbnail","hentry"],"yoast_head":"<!-- This site is optimized with the Yoast SEO plugin v27.3 - https:\/\/yoast.com\/product\/yoast-seo-wordpress\/ -->\n<title>Quick Shot | Art\u00edculos deportivos | Cont\u00e1ctenos: +55 19 3801-1000 | Air Stripper Ajustable<\/title>\n<meta name=\"description\" content=\"Uno de los mayores fabricantes de Ram Gas y accesorios para pistolas de aire comprimido del pa\u00eds. Accesorios exclusivos para Carabina y Airsoft. Componentes que se adaptan a diferentes marcas y modelos de armas a\u00e9reas. La \u00faltima tecnolog\u00eda en repuestos y accesorios para pistolas de aire comprimido.\" \/>\n<meta name=\"robots\" content=\"index, follow, max-snippet:-1, max-image-preview:large, max-video-preview:-1\" \/>\n<link rel=\"canonical\" href=\"https:\/\/quickshot.com.br\/es\/airgun\/bocahas-cubierta-del-canon-y-air-strippes\/air-stripper-ajustable\/\" \/>\n<meta property=\"og:locale\" content=\"en_US\" \/>\n<meta property=\"og:type\" content=\"article\" \/>\n<meta property=\"og:title\" content=\"Quick Shot | Art\u00edculos deportivos | Cont\u00e1ctenos: +55 19 3801-1000 | Air Stripper Ajustable\" \/>\n<meta property=\"og:description\" content=\"Uno de los mayores fabricantes de Ram Gas y accesorios para pistolas de aire comprimido del pa\u00eds. Accesorios exclusivos para Carabina y Airsoft. Componentes que se adaptan a diferentes marcas y modelos de armas a\u00e9reas. La \u00faltima tecnolog\u00eda en repuestos y accesorios para pistolas de aire comprimido.\" \/>\n<meta property=\"og:url\" content=\"https:\/\/quickshot.com.br\/es\/airgun\/bocahas-cubierta-del-canon-y-air-strippes\/air-stripper-ajustable\/\" \/>\n<meta property=\"og:site_name\" content=\"Quick Shot\" \/>\n<meta property=\"article:modified_time\" content=\"2024-05-02T05:12:45+00:00\" \/>\n<meta property=\"og:image\" content=\"https:\/\/quickshot.com.br\/es\/wp-content\/uploads\/2024\/04\/air_stripper.jpg\" \/>\n\t<meta property=\"og:image:width\" content=\"1000\" \/>\n\t<meta property=\"og:image:height\" content=\"1000\" \/>\n\t<meta property=\"og:image:type\" content=\"image\/jpeg\" \/>\n<meta name=\"twitter:card\" content=\"summary_large_image\" \/>\n<meta name=\"twitter:label1\" content=\"Est. reading time\" \/>\n\t<meta name=\"twitter:data1\" content=\"2 minutes\" \/>\n<script type=\"application\/ld+json\" class=\"yoast-schema-graph\">{\"@context\":\"https:\\\/\\\/schema.org\",\"@graph\":[{\"@type\":\"WebPage\",\"@id\":\"https:\\\/\\\/quickshot.com.br\\\/es\\\/airgun\\\/bocahas-cubierta-del-canon-y-air-strippes\\\/air-stripper-ajustable\\\/\",\"url\":\"https:\\\/\\\/quickshot.com.br\\\/es\\\/airgun\\\/bocahas-cubierta-del-canon-y-air-strippes\\\/air-stripper-ajustable\\\/\",\"name\":\"Quick Shot | Art\u00edculos deportivos | Cont\u00e1ctenos: +55 19 3801-1000 | Air Stripper Ajustable\",\"isPartOf\":{\"@id\":\"https:\\\/\\\/quickshot.com.br\\\/es\\\/#website\"},\"primaryImageOfPage\":{\"@id\":\"https:\\\/\\\/quickshot.com.br\\\/es\\\/airgun\\\/bocahas-cubierta-del-canon-y-air-strippes\\\/air-stripper-ajustable\\\/#primaryimage\"},\"image\":{\"@id\":\"https:\\\/\\\/quickshot.com.br\\\/es\\\/airgun\\\/bocahas-cubierta-del-canon-y-air-strippes\\\/air-stripper-ajustable\\\/#primaryimage\"},\"thumbnailUrl\":\"https:\\\/\\\/quickshot.com.br\\\/es\\\/wp-content\\\/uploads\\\/2024\\\/04\\\/air_stripper.jpg\",\"datePublished\":\"2024-04-26T14:29:16+00:00\",\"dateModified\":\"2024-05-02T05:12:45+00:00\",\"description\":\"Uno de los mayores fabricantes de Ram Gas y accesorios para pistolas de aire comprimido del pa\u00eds. Accesorios exclusivos para Carabina y Airsoft. Componentes que se adaptan a diferentes marcas y modelos de armas a\u00e9reas. La \u00faltima tecnolog\u00eda en repuestos y accesorios para pistolas de aire comprimido.\",\"breadcrumb\":{\"@id\":\"https:\\\/\\\/quickshot.com.br\\\/es\\\/airgun\\\/bocahas-cubierta-del-canon-y-air-strippes\\\/air-stripper-ajustable\\\/#breadcrumb\"},\"inLanguage\":\"en-US\",\"potentialAction\":[{\"@type\":\"ReadAction\",\"target\":[\"https:\\\/\\\/quickshot.com.br\\\/es\\\/airgun\\\/bocahas-cubierta-del-canon-y-air-strippes\\\/air-stripper-ajustable\\\/\"]}]},{\"@type\":\"ImageObject\",\"inLanguage\":\"en-US\",\"@id\":\"https:\\\/\\\/quickshot.com.br\\\/es\\\/airgun\\\/bocahas-cubierta-del-canon-y-air-strippes\\\/air-stripper-ajustable\\\/#primaryimage\",\"url\":\"https:\\\/\\\/quickshot.com.br\\\/es\\\/wp-content\\\/uploads\\\/2024\\\/04\\\/air_stripper.jpg\",\"contentUrl\":\"https:\\\/\\\/quickshot.com.br\\\/es\\\/wp-content\\\/uploads\\\/2024\\\/04\\\/air_stripper.jpg\",\"width\":1000,\"height\":1000},{\"@type\":\"BreadcrumbList\",\"@id\":\"https:\\\/\\\/quickshot.com.br\\\/es\\\/airgun\\\/bocahas-cubierta-del-canon-y-air-strippes\\\/air-stripper-ajustable\\\/#breadcrumb\",\"itemListElement\":[{\"@type\":\"ListItem\",\"position\":1,\"name\":\"Home\",\"item\":\"https:\\\/\\\/quickshot.com.br\\\/es\\\/\"},{\"@type\":\"ListItem\",\"position\":2,\"name\":\"Airgun\",\"item\":\"https:\\\/\\\/quickshot.com.br\\\/es\\\/airgun\\\/\"},{\"@type\":\"ListItem\",\"position\":3,\"name\":\"Bocahas, Cubierta del Ca\u00f1\u00f3n y Air Strippes\",\"item\":\"https:\\\/\\\/quickshot.com.br\\\/es\\\/airgun\\\/bocahas-cubierta-del-canon-y-air-strippes\\\/\"},{\"@type\":\"ListItem\",\"position\":4,\"name\":\"Air Stripper Ajustable\"}]},{\"@type\":\"WebSite\",\"@id\":\"https:\\\/\\\/quickshot.com.br\\\/es\\\/#website\",\"url\":\"https:\\\/\\\/quickshot.com.br\\\/es\\\/\",\"name\":\"Quick Shot\",\"description\":\"Uno de los mayores fabricantes de Ram Gas y accesorios para pistolas de aire comprimido del pa\u00eds. Accesorios exclusivos para Carabina y Airsoft. Componentes que se adaptan a diferentes marcas y modelos de armas a\u00e9reas. La \u00faltima tecnolog\u00eda en repuestos y accesorios para pistolas de aire comprimido.\",\"publisher\":{\"@id\":\"https:\\\/\\\/quickshot.com.br\\\/es\\\/#organization\"},\"alternateName\":\"Quick Shot | Art\u00edculos deportivos | Cont\u00e1ctenos: +55 19 3801-1000\",\"potentialAction\":[{\"@type\":\"SearchAction\",\"target\":{\"@type\":\"EntryPoint\",\"urlTemplate\":\"https:\\\/\\\/quickshot.com.br\\\/es\\\/?s={search_term_string}\"},\"query-input\":{\"@type\":\"PropertyValueSpecification\",\"valueRequired\":true,\"valueName\":\"search_term_string\"}}],\"inLanguage\":\"en-US\"},{\"@type\":\"Organization\",\"@id\":\"https:\\\/\\\/quickshot.com.br\\\/es\\\/#organization\",\"name\":\"Quick Shot\",\"alternateName\":\"Quick Shot | Art\u00edculos deportivos | Cont\u00e1ctenos: +55 19 3801-1000\",\"url\":\"https:\\\/\\\/quickshot.com.br\\\/es\\\/\",\"logo\":{\"@type\":\"ImageObject\",\"inLanguage\":\"en-US\",\"@id\":\"https:\\\/\\\/quickshot.com.br\\\/es\\\/#\\\/schema\\\/logo\\\/image\\\/\",\"url\":\"https:\\\/\\\/quickshot.com.br\\\/es\\\/wp-content\\\/uploads\\\/2024\\\/04\\\/logo.jpg\",\"contentUrl\":\"https:\\\/\\\/quickshot.com.br\\\/es\\\/wp-content\\\/uploads\\\/2024\\\/04\\\/logo.jpg\",\"width\":450,\"height\":156,\"caption\":\"Quick Shot\"},\"image\":{\"@id\":\"https:\\\/\\\/quickshot.com.br\\\/es\\\/#\\\/schema\\\/logo\\\/image\\\/\"}}]}<\/script>\n<!-- \/ Yoast SEO plugin. -->","yoast_head_json":{"title":"Quick Shot | Art\u00edculos deportivos | Cont\u00e1ctenos: +55 19 3801-1000 | Air Stripper Ajustable","description":"Uno de los mayores fabricantes de Ram Gas y accesorios para pistolas de aire comprimido del pa\u00eds. Accesorios exclusivos para Carabina y Airsoft. Componentes que se adaptan a diferentes marcas y modelos de armas a\u00e9reas. La \u00faltima tecnolog\u00eda en repuestos y accesorios para pistolas de aire comprimido.","robots":{"index":"index","follow":"follow","max-snippet":"max-snippet:-1","max-image-preview":"max-image-preview:large","max-video-preview":"max-video-preview:-1"},"canonical":"https:\/\/quickshot.com.br\/es\/airgun\/bocahas-cubierta-del-canon-y-air-strippes\/air-stripper-ajustable\/","og_locale":"en_US","og_type":"article","og_title":"Quick Shot | Art\u00edculos deportivos | Cont\u00e1ctenos: +55 19 3801-1000 | Air Stripper Ajustable","og_description":"Uno de los mayores fabricantes de Ram Gas y accesorios para pistolas de aire comprimido del pa\u00eds. Accesorios exclusivos para Carabina y Airsoft. Componentes que se adaptan a diferentes marcas y modelos de armas a\u00e9reas. La \u00faltima tecnolog\u00eda en repuestos y accesorios para pistolas de aire comprimido.","og_url":"https:\/\/quickshot.com.br\/es\/airgun\/bocahas-cubierta-del-canon-y-air-strippes\/air-stripper-ajustable\/","og_site_name":"Quick Shot","article_modified_time":"2024-05-02T05:12:45+00:00","og_image":[{"width":1000,"height":1000,"url":"https:\/\/quickshot.com.br\/es\/wp-content\/uploads\/2024\/04\/air_stripper.jpg","type":"image\/jpeg"}],"twitter_card":"summary_large_image","twitter_misc":{"Est. reading time":"2 minutes"},"schema":{"@context":"https:\/\/schema.org","@graph":[{"@type":"WebPage","@id":"https:\/\/quickshot.com.br\/es\/airgun\/bocahas-cubierta-del-canon-y-air-strippes\/air-stripper-ajustable\/","url":"https:\/\/quickshot.com.br\/es\/airgun\/bocahas-cubierta-del-canon-y-air-strippes\/air-stripper-ajustable\/","name":"Quick Shot | Art\u00edculos deportivos | Cont\u00e1ctenos: +55 19 3801-1000 | Air Stripper Ajustable","isPartOf":{"@id":"https:\/\/quickshot.com.br\/es\/#website"},"primaryImageOfPage":{"@id":"https:\/\/quickshot.com.br\/es\/airgun\/bocahas-cubierta-del-canon-y-air-strippes\/air-stripper-ajustable\/#primaryimage"},"image":{"@id":"https:\/\/quickshot.com.br\/es\/airgun\/bocahas-cubierta-del-canon-y-air-strippes\/air-stripper-ajustable\/#primaryimage"},"thumbnailUrl":"https:\/\/quickshot.com.br\/es\/wp-content\/uploads\/2024\/04\/air_stripper.jpg","datePublished":"2024-04-26T14:29:16+00:00","dateModified":"2024-05-02T05:12:45+00:00","description":"Uno de los mayores fabricantes de Ram Gas y accesorios para pistolas de aire comprimido del pa\u00eds. Accesorios exclusivos para Carabina y Airsoft. Componentes que se adaptan a diferentes marcas y modelos de armas a\u00e9reas. La \u00faltima tecnolog\u00eda en repuestos y accesorios para pistolas de aire comprimido.","breadcrumb":{"@id":"https:\/\/quickshot.com.br\/es\/airgun\/bocahas-cubierta-del-canon-y-air-strippes\/air-stripper-ajustable\/#breadcrumb"},"inLanguage":"en-US","potentialAction":[{"@type":"ReadAction","target":["https:\/\/quickshot.com.br\/es\/airgun\/bocahas-cubierta-del-canon-y-air-strippes\/air-stripper-ajustable\/"]}]},{"@type":"ImageObject","inLanguage":"en-US","@id":"https:\/\/quickshot.com.br\/es\/airgun\/bocahas-cubierta-del-canon-y-air-strippes\/air-stripper-ajustable\/#primaryimage","url":"https:\/\/quickshot.com.br\/es\/wp-content\/uploads\/2024\/04\/air_stripper.jpg","contentUrl":"https:\/\/quickshot.com.br\/es\/wp-content\/uploads\/2024\/04\/air_stripper.jpg","width":1000,"height":1000},{"@type":"BreadcrumbList","@id":"https:\/\/quickshot.com.br\/es\/airgun\/bocahas-cubierta-del-canon-y-air-strippes\/air-stripper-ajustable\/#breadcrumb","itemListElement":[{"@type":"ListItem","position":1,"name":"Home","item":"https:\/\/quickshot.com.br\/es\/"},{"@type":"ListItem","position":2,"name":"Airgun","item":"https:\/\/quickshot.com.br\/es\/airgun\/"},{"@type":"ListItem","position":3,"name":"Bocahas, Cubierta del Ca\u00f1\u00f3n y Air Strippes","item":"https:\/\/quickshot.com.br\/es\/airgun\/bocahas-cubierta-del-canon-y-air-strippes\/"},{"@type":"ListItem","position":4,"name":"Air Stripper Ajustable"}]},{"@type":"WebSite","@id":"https:\/\/quickshot.com.br\/es\/#website","url":"https:\/\/quickshot.com.br\/es\/","name":"Quick Shot","description":"Uno de los mayores fabricantes de Ram Gas y accesorios para pistolas de aire comprimido del pa\u00eds. Accesorios exclusivos para Carabina y Airsoft. Componentes que se adaptan a diferentes marcas y modelos de armas a\u00e9reas. La \u00faltima tecnolog\u00eda en repuestos y accesorios para pistolas de aire comprimido.","publisher":{"@id":"https:\/\/quickshot.com.br\/es\/#organization"},"alternateName":"Quick Shot | Art\u00edculos deportivos | Cont\u00e1ctenos: +55 19 3801-1000","potentialAction":[{"@type":"SearchAction","target":{"@type":"EntryPoint","urlTemplate":"https:\/\/quickshot.com.br\/es\/?s={search_term_string}"},"query-input":{"@type":"PropertyValueSpecification","valueRequired":true,"valueName":"search_term_string"}}],"inLanguage":"en-US"},{"@type":"Organization","@id":"https:\/\/quickshot.com.br\/es\/#organization","name":"Quick Shot","alternateName":"Quick Shot | Art\u00edculos deportivos | Cont\u00e1ctenos: +55 19 3801-1000","url":"https:\/\/quickshot.com.br\/es\/","logo":{"@type":"ImageObject","inLanguage":"en-US","@id":"https:\/\/quickshot.com.br\/es\/#\/schema\/logo\/image\/","url":"https:\/\/quickshot.com.br\/es\/wp-content\/uploads\/2024\/04\/logo.jpg","contentUrl":"https:\/\/quickshot.com.br\/es\/wp-content\/uploads\/2024\/04\/logo.jpg","width":450,"height":156,"caption":"Quick Shot"},"image":{"@id":"https:\/\/quickshot.com.br\/es\/#\/schema\/logo\/image\/"}}]}},"_links":{"self":[{"href":"https:\/\/quickshot.com.br\/es\/wp-json\/wp\/v2\/pages\/628","targetHints":{"allow":["GET"]}}],"collection":[{"href":"https:\/\/quickshot.com.br\/es\/wp-json\/wp\/v2\/pages"}],"about":[{"href":"https:\/\/quickshot.com.br\/es\/wp-json\/wp\/v2\/types\/page"}],"author":[{"embeddable":true,"href":"https:\/\/quickshot.com.br\/es\/wp-json\/wp\/v2\/users\/1"}],"replies":[{"embeddable":true,"href":"https:\/\/quickshot.com.br\/es\/wp-json\/wp\/v2\/comments?post=628"}],"version-history":[{"count":5,"href":"https:\/\/quickshot.com.br\/es\/wp-json\/wp\/v2\/pages\/628\/revisions"}],"predecessor-version":[{"id":1711,"href":"https:\/\/quickshot.com.br\/es\/wp-json\/wp\/v2\/pages\/628\/revisions\/1711"}],"up":[{"embeddable":true,"href":"https:\/\/quickshot.com.br\/es\/wp-json\/wp\/v2\/pages\/603"}],"wp:featuredmedia":[{"embeddable":true,"href":"https:\/\/quickshot.com.br\/es\/wp-json\/wp\/v2\/media\/629"}],"wp:attachment":[{"href":"https:\/\/quickshot.com.br\/es\/wp-json\/wp\/v2\/media?parent=628"}],"curies":[{"name":"wp","href":"https:\/\/api.w.org\/{rel}","templated":true}]}}