{"id":634,"date":"2024-04-26T11:29:50","date_gmt":"2024-04-26T14:29:50","guid":{"rendered":"https:\/\/quickshot.com.br\/es\/?page_id=634"},"modified":"2024-05-02T02:13:55","modified_gmt":"2024-05-02T05:13:55","slug":"bocaha-ajustable","status":"publish","type":"page","link":"https:\/\/quickshot.com.br\/es\/airgun\/bocahas-cubierta-del-canon-y-air-strippes\/bocaha-ajustable\/","title":{"rendered":"Bocaha Ajustable"},"content":{"rendered":"\t\t<div data-elementor-type=\"wp-page\" data-elementor-id=\"634\" class=\"elementor elementor-634\" data-elementor-post-type=\"page\">\n\t\t\t\t<div class=\"elementor-element elementor-element-023d43d e-flex e-con-boxed e-con e-parent\" data-id=\"023d43d\" data-element_type=\"container\" data-e-type=\"container\">\n\t\t\t\t\t<div class=\"e-con-inner\">\n\t\t<div class=\"elementor-element elementor-element-1a626de e-con-full e-flex e-con e-child\" data-id=\"1a626de\" data-element_type=\"container\" data-e-type=\"container\">\n\t\t\t\t<div class=\"elementor-element elementor-element-3643c20 elementor-widget elementor-widget-text-editor\" data-id=\"3643c20\" data-element_type=\"widget\" data-e-type=\"widget\" data-widget_type=\"text-editor.default\">\n\t\t\t\t<div class=\"elementor-widget-container\">\n\t\t\t\t\t\t\t\t\t<p>Durante el ciclo de disparo del rifle de aire, una serie de impulsos vibratorios se transmiten al ca\u00f1\u00f3n e interfieren con la precisi\u00f3n.<\/p><p>Por esta raz\u00f3n, algunos fabricantes de armas de aire desarrollan diferentes dispositivos para ser instalados en el ca\u00f1\u00f3n, principalmente en los rifles, y entre ellos se encuentra el bocaha, que es un accesorio com\u00fan para las armas de fuego. Pero las armas de aire son diferentes de las armas de fuego en muchos aspectos, y el bocaha instalado en un rifle de aire tiene una funci\u00f3n y un rendimiento muy diferentes al bocaha instalado en un arma de fuego.<\/p><p>La vibraci\u00f3n del ca\u00f1\u00f3n tambi\u00e9n var\u00eda seg\u00fan la energ\u00eda de la carabina y el peso del bal\u00edn utilizado, por lo que el bocaha que funciona bien en una carabina puede no funcionar tan bien en otra y lo mismo ocurre si se utilizan diferentes balines o slugs.<\/p><p>Para resolver este problema, dise\u00f1amos el bocaha Quickshot con c\u00e1mara ajustable, que permite al tirador encontrar el mejor punto para el rifle de aire comprimido y el bal\u00edn\/slug utilizado.<\/p>\t\t\t\t\t\t\t\t<\/div>\n\t\t\t\t<\/div>\n\t\t\t\t<\/div>\n\t\t<div class=\"elementor-element elementor-element-9514031 e-con-full e-flex e-con e-child\" data-id=\"9514031\" data-element_type=\"container\" data-e-type=\"container\">\n\t\t\t\t<div class=\"elementor-element elementor-element-83b5e9a elementor-widget elementor-widget-image\" data-id=\"83b5e9a\" data-element_type=\"widget\" data-e-type=\"widget\" data-widget_type=\"image.default\">\n\t\t\t\t<div class=\"elementor-widget-container\">\n\t\t\t\t\t\t\t\t\t\t\t\t\t\t\t\t<a href=\"https:\/\/quickshot.com.br\/es\/wp-content\/uploads\/2024\/04\/muzzle-break.png\" data-elementor-open-lightbox=\"yes\" data-elementor-lightbox-title=\"muzzle-break\" data-e-action-hash=\"#elementor-action%3Aaction%3Dlightbox%26settings%3DeyJpZCI6MTA2NiwidXJsIjoiaHR0cHM6XC9cL3F1aWNrc2hvdC5jb20uYnJcL2VzXC93cC1jb250ZW50XC91cGxvYWRzXC8yMDI0XC8wNFwvbXV6emxlLWJyZWFrLnBuZyJ9\">\n\t\t\t\t\t\t\t<img decoding=\"async\" src=\"https:\/\/quickshot.com.br\/es\/wp-content\/uploads\/elementor\/thumbs\/muzzle-break-qneda1badei53w1b453pw2oizcz1rkvfyb29g66whs.png\" title=\"muzzle-break\" alt=\"muzzle-break\" loading=\"lazy\" \/>\t\t\t\t\t\t\t\t<\/a>\n\t\t\t\t\t\t\t\t\t\t\t\t\t\t\t<\/div>\n\t\t\t\t<\/div>\n\t\t\t\t<\/div>\n\t\t\t\t\t<\/div>\n\t\t\t\t<\/div>\n\t\t<div class=\"elementor-element elementor-element-701fa1d e-flex e-con-boxed e-con e-parent\" data-id=\"701fa1d\" data-element_type=\"container\" data-e-type=\"container\">\n\t\t\t\t\t<div class=\"e-con-inner\">\n\t\t\t\t<div class=\"elementor-element elementor-element-9f8ff0f elementor-widget elementor-widget-text-editor\" data-id=\"9f8ff0f\" data-element_type=\"widget\" data-e-type=\"widget\" data-widget_type=\"text-editor.default\">\n\t\t\t\t<div class=\"elementor-widget-container\">\n\t\t\t\t\t\t\t\t\t<p>El bocaha con C\u00e1mara Ajustable fabricado por Quickshot permite encontrar el punto dulce girando su extremo y anotando el n\u00famero que se muestra en la escala en su parte superior, despu\u00e9s de disparar una serie de balines y observar sus agrupaciones en el blanco. As\u00ed, puedes crear tu propia tabla de diferentes balines seg\u00fan las agrupaciones conseguidas para cada n\u00famero de la escala grabada en el bocaha.<\/p><p>El bocaha QuickShot Pro con C\u00e1mara Ajustable no act\u00faa como reductor de retroceso, como s\u00ed lo hacen este tipo de dispositivos en armas de fuego, sino que act\u00faa como reductor de Vibraci\u00f3n Arm\u00f3nica, com\u00fan en todas las armas debido a la presi\u00f3n interna en el ca\u00f1\u00f3n y la velocidad del proyectil y tal reducci\u00f3n es de gran importancia para mejorar la precisi\u00f3n.<\/p>\t\t\t\t\t\t\t\t<\/div>\n\t\t\t\t<\/div>\n\t\t\t\t<div class=\"elementor-element elementor-element-c01b3c3 elementor-widget elementor-widget-heading\" data-id=\"c01b3c3\" data-element_type=\"widget\" data-e-type=\"widget\" data-widget_type=\"heading.default\">\n\t\t\t\t<div class=\"elementor-widget-container\">\n\t\t\t\t\t<h2 class=\"elementor-heading-title elementor-size-default\">INFORMACIONES ADICIONALES<\/h2>\t\t\t\t<\/div>\n\t\t\t\t<\/div>\n\t\t\t\t<div class=\"elementor-element elementor-element-d1edb7c elementor-widget elementor-widget-text-editor\" data-id=\"d1edb7c\" data-element_type=\"widget\" data-e-type=\"widget\" data-widget_type=\"text-editor.default\">\n\t\t\t\t<div class=\"elementor-widget-container\">\n\t\t\t\t\t\t\t\t\t\n<table id=\"tablepress-35\" class=\"tablepress tablepress-id-35\">\n<thead>\n<tr class=\"row-1\">\n\t<th class=\"column-1\"><strong>Produto \/ Item \/ Art\u00edculo<\/strong><\/th><th class=\"column-2\"><strong>Canos de \u00d815mm<\/strong><\/th><th class=\"column-3\"><strong>Canos de \u00d815mm<\/strong><\/th><th class=\"column-4\"><strong>PCP rosca 1\/2&#8243; UNF<\/strong><\/th>\n<\/tr>\n<\/thead>\n<tbody class=\"row-striping row-hover\">\n<tr class=\"row-2\">\n\t<td class=\"column-1\">Air Stripper Ajust\u00e1vel QS Pro 15mm &#8211; Preto<\/td><td class=\"column-2\">MZB.AS10.15.02<\/td><td class=\"column-3\">MZB.AS10.16.02<\/td><td class=\"column-4\">MZB.AS02.20.02<\/td>\n<\/tr>\n<tr class=\"row-3\">\n\t<td class=\"column-1\">Muzzle Brake Ajust\u00e1vel QS Pro 15mm &#8211; Preto<\/td><td class=\"column-2\">MZB.MB10.15.02<\/td><td class=\"column-3\"><\/td><td class=\"column-4\"><\/td>\n<\/tr>\n<\/tbody>\n<\/table>\n<!-- #tablepress-35 from cache --><p>* Para modelos no listados consultar con Quickshot!<br \/>** Las puntas delanteras tambi\u00e9n se venden por separado<\/p>\t\t\t\t\t\t\t\t<\/div>\n\t\t\t\t<\/div>\n\t\t\t\t\t<\/div>\n\t\t\t\t<\/div>\n\t\t\t\t<\/div>\n\t\t","protected":false},"excerpt":{"rendered":"<p>Durante el ciclo de disparo del rifle de aire, una serie de impulsos vibratorios se transmiten al ca\u00f1\u00f3n e interfieren con la precisi\u00f3n. Por esta raz\u00f3n, algunos fabricantes de armas de aire desarrollan diferentes dispositivos para ser instalados en el ca\u00f1\u00f3n, principalmente en los rifles, y entre ellos se encuentra el bocaha, que es un [&hellip;]<\/p>\n","protected":false},"author":1,"featured_media":630,"parent":603,"menu_order":0,"comment_status":"closed","ping_status":"closed","template":"","meta":{"footnotes":""},"class_list":["post-634","page","type-page","status-publish","has-post-thumbnail","hentry"],"yoast_head":"<!-- This site is optimized with the Yoast SEO plugin v27.3 - https:\/\/yoast.com\/product\/yoast-seo-wordpress\/ -->\n<title>Quick Shot | Art\u00edculos deportivos | Cont\u00e1ctenos: +55 19 3801-1000 | Bocaha Ajustable<\/title>\n<meta name=\"description\" content=\"Uno de los mayores fabricantes de Ram Gas y accesorios para pistolas de aire comprimido del pa\u00eds. Accesorios exclusivos para Carabina y Airsoft. Componentes que se adaptan a diferentes marcas y modelos de armas a\u00e9reas. La \u00faltima tecnolog\u00eda en repuestos y accesorios para pistolas de aire comprimido.\" \/>\n<meta name=\"robots\" content=\"index, follow, max-snippet:-1, max-image-preview:large, max-video-preview:-1\" \/>\n<link rel=\"canonical\" href=\"https:\/\/quickshot.com.br\/es\/airgun\/bocahas-cubierta-del-canon-y-air-strippes\/bocaha-ajustable\/\" \/>\n<meta property=\"og:locale\" content=\"en_US\" \/>\n<meta property=\"og:type\" content=\"article\" \/>\n<meta property=\"og:title\" content=\"Quick Shot | Art\u00edculos deportivos | Cont\u00e1ctenos: +55 19 3801-1000 | Bocaha Ajustable\" \/>\n<meta property=\"og:description\" content=\"Uno de los mayores fabricantes de Ram Gas y accesorios para pistolas de aire comprimido del pa\u00eds. Accesorios exclusivos para Carabina y Airsoft. Componentes que se adaptan a diferentes marcas y modelos de armas a\u00e9reas. La \u00faltima tecnolog\u00eda en repuestos y accesorios para pistolas de aire comprimido.\" \/>\n<meta property=\"og:url\" content=\"https:\/\/quickshot.com.br\/es\/airgun\/bocahas-cubierta-del-canon-y-air-strippes\/bocaha-ajustable\/\" \/>\n<meta property=\"og:site_name\" content=\"Quick Shot\" \/>\n<meta property=\"article:modified_time\" content=\"2024-05-02T05:13:55+00:00\" \/>\n<meta property=\"og:image\" content=\"https:\/\/quickshot.com.br\/es\/wp-content\/uploads\/2024\/04\/destaque_muzzle_brake_ajustavel.jpg\" \/>\n\t<meta property=\"og:image:width\" content=\"1000\" \/>\n\t<meta property=\"og:image:height\" content=\"1000\" \/>\n\t<meta property=\"og:image:type\" content=\"image\/jpeg\" \/>\n<meta name=\"twitter:card\" content=\"summary_large_image\" \/>\n<meta name=\"twitter:label1\" content=\"Est. reading time\" \/>\n\t<meta name=\"twitter:data1\" content=\"2 minutes\" \/>\n<script type=\"application\/ld+json\" class=\"yoast-schema-graph\">{\"@context\":\"https:\\\/\\\/schema.org\",\"@graph\":[{\"@type\":\"WebPage\",\"@id\":\"https:\\\/\\\/quickshot.com.br\\\/es\\\/airgun\\\/bocahas-cubierta-del-canon-y-air-strippes\\\/bocaha-ajustable\\\/\",\"url\":\"https:\\\/\\\/quickshot.com.br\\\/es\\\/airgun\\\/bocahas-cubierta-del-canon-y-air-strippes\\\/bocaha-ajustable\\\/\",\"name\":\"Quick Shot | Art\u00edculos deportivos | Cont\u00e1ctenos: +55 19 3801-1000 | Bocaha Ajustable\",\"isPartOf\":{\"@id\":\"https:\\\/\\\/quickshot.com.br\\\/es\\\/#website\"},\"primaryImageOfPage\":{\"@id\":\"https:\\\/\\\/quickshot.com.br\\\/es\\\/airgun\\\/bocahas-cubierta-del-canon-y-air-strippes\\\/bocaha-ajustable\\\/#primaryimage\"},\"image\":{\"@id\":\"https:\\\/\\\/quickshot.com.br\\\/es\\\/airgun\\\/bocahas-cubierta-del-canon-y-air-strippes\\\/bocaha-ajustable\\\/#primaryimage\"},\"thumbnailUrl\":\"https:\\\/\\\/quickshot.com.br\\\/es\\\/wp-content\\\/uploads\\\/2024\\\/04\\\/destaque_muzzle_brake_ajustavel.jpg\",\"datePublished\":\"2024-04-26T14:29:50+00:00\",\"dateModified\":\"2024-05-02T05:13:55+00:00\",\"description\":\"Uno de los mayores fabricantes de Ram Gas y accesorios para pistolas de aire comprimido del pa\u00eds. Accesorios exclusivos para Carabina y Airsoft. Componentes que se adaptan a diferentes marcas y modelos de armas a\u00e9reas. La \u00faltima tecnolog\u00eda en repuestos y accesorios para pistolas de aire comprimido.\",\"breadcrumb\":{\"@id\":\"https:\\\/\\\/quickshot.com.br\\\/es\\\/airgun\\\/bocahas-cubierta-del-canon-y-air-strippes\\\/bocaha-ajustable\\\/#breadcrumb\"},\"inLanguage\":\"en-US\",\"potentialAction\":[{\"@type\":\"ReadAction\",\"target\":[\"https:\\\/\\\/quickshot.com.br\\\/es\\\/airgun\\\/bocahas-cubierta-del-canon-y-air-strippes\\\/bocaha-ajustable\\\/\"]}]},{\"@type\":\"ImageObject\",\"inLanguage\":\"en-US\",\"@id\":\"https:\\\/\\\/quickshot.com.br\\\/es\\\/airgun\\\/bocahas-cubierta-del-canon-y-air-strippes\\\/bocaha-ajustable\\\/#primaryimage\",\"url\":\"https:\\\/\\\/quickshot.com.br\\\/es\\\/wp-content\\\/uploads\\\/2024\\\/04\\\/destaque_muzzle_brake_ajustavel.jpg\",\"contentUrl\":\"https:\\\/\\\/quickshot.com.br\\\/es\\\/wp-content\\\/uploads\\\/2024\\\/04\\\/destaque_muzzle_brake_ajustavel.jpg\",\"width\":1000,\"height\":1000},{\"@type\":\"BreadcrumbList\",\"@id\":\"https:\\\/\\\/quickshot.com.br\\\/es\\\/airgun\\\/bocahas-cubierta-del-canon-y-air-strippes\\\/bocaha-ajustable\\\/#breadcrumb\",\"itemListElement\":[{\"@type\":\"ListItem\",\"position\":1,\"name\":\"Home\",\"item\":\"https:\\\/\\\/quickshot.com.br\\\/es\\\/\"},{\"@type\":\"ListItem\",\"position\":2,\"name\":\"Airgun\",\"item\":\"https:\\\/\\\/quickshot.com.br\\\/es\\\/airgun\\\/\"},{\"@type\":\"ListItem\",\"position\":3,\"name\":\"Bocahas, Cubierta del Ca\u00f1\u00f3n y Air Strippes\",\"item\":\"https:\\\/\\\/quickshot.com.br\\\/es\\\/airgun\\\/bocahas-cubierta-del-canon-y-air-strippes\\\/\"},{\"@type\":\"ListItem\",\"position\":4,\"name\":\"Bocaha Ajustable\"}]},{\"@type\":\"WebSite\",\"@id\":\"https:\\\/\\\/quickshot.com.br\\\/es\\\/#website\",\"url\":\"https:\\\/\\\/quickshot.com.br\\\/es\\\/\",\"name\":\"Quick Shot\",\"description\":\"Uno de los mayores fabricantes de Ram Gas y accesorios para pistolas de aire comprimido del pa\u00eds. Accesorios exclusivos para Carabina y Airsoft. Componentes que se adaptan a diferentes marcas y modelos de armas a\u00e9reas. La \u00faltima tecnolog\u00eda en repuestos y accesorios para pistolas de aire comprimido.\",\"publisher\":{\"@id\":\"https:\\\/\\\/quickshot.com.br\\\/es\\\/#organization\"},\"alternateName\":\"Quick Shot | Art\u00edculos deportivos | Cont\u00e1ctenos: +55 19 3801-1000\",\"potentialAction\":[{\"@type\":\"SearchAction\",\"target\":{\"@type\":\"EntryPoint\",\"urlTemplate\":\"https:\\\/\\\/quickshot.com.br\\\/es\\\/?s={search_term_string}\"},\"query-input\":{\"@type\":\"PropertyValueSpecification\",\"valueRequired\":true,\"valueName\":\"search_term_string\"}}],\"inLanguage\":\"en-US\"},{\"@type\":\"Organization\",\"@id\":\"https:\\\/\\\/quickshot.com.br\\\/es\\\/#organization\",\"name\":\"Quick Shot\",\"alternateName\":\"Quick Shot | Art\u00edculos deportivos | Cont\u00e1ctenos: +55 19 3801-1000\",\"url\":\"https:\\\/\\\/quickshot.com.br\\\/es\\\/\",\"logo\":{\"@type\":\"ImageObject\",\"inLanguage\":\"en-US\",\"@id\":\"https:\\\/\\\/quickshot.com.br\\\/es\\\/#\\\/schema\\\/logo\\\/image\\\/\",\"url\":\"https:\\\/\\\/quickshot.com.br\\\/es\\\/wp-content\\\/uploads\\\/2024\\\/04\\\/logo.jpg\",\"contentUrl\":\"https:\\\/\\\/quickshot.com.br\\\/es\\\/wp-content\\\/uploads\\\/2024\\\/04\\\/logo.jpg\",\"width\":450,\"height\":156,\"caption\":\"Quick Shot\"},\"image\":{\"@id\":\"https:\\\/\\\/quickshot.com.br\\\/es\\\/#\\\/schema\\\/logo\\\/image\\\/\"}}]}<\/script>\n<!-- \/ Yoast SEO plugin. -->","yoast_head_json":{"title":"Quick Shot | Art\u00edculos deportivos | Cont\u00e1ctenos: +55 19 3801-1000 | Bocaha Ajustable","description":"Uno de los mayores fabricantes de Ram Gas y accesorios para pistolas de aire comprimido del pa\u00eds. Accesorios exclusivos para Carabina y Airsoft. Componentes que se adaptan a diferentes marcas y modelos de armas a\u00e9reas. La \u00faltima tecnolog\u00eda en repuestos y accesorios para pistolas de aire comprimido.","robots":{"index":"index","follow":"follow","max-snippet":"max-snippet:-1","max-image-preview":"max-image-preview:large","max-video-preview":"max-video-preview:-1"},"canonical":"https:\/\/quickshot.com.br\/es\/airgun\/bocahas-cubierta-del-canon-y-air-strippes\/bocaha-ajustable\/","og_locale":"en_US","og_type":"article","og_title":"Quick Shot | Art\u00edculos deportivos | Cont\u00e1ctenos: +55 19 3801-1000 | Bocaha Ajustable","og_description":"Uno de los mayores fabricantes de Ram Gas y accesorios para pistolas de aire comprimido del pa\u00eds. Accesorios exclusivos para Carabina y Airsoft. Componentes que se adaptan a diferentes marcas y modelos de armas a\u00e9reas. La \u00faltima tecnolog\u00eda en repuestos y accesorios para pistolas de aire comprimido.","og_url":"https:\/\/quickshot.com.br\/es\/airgun\/bocahas-cubierta-del-canon-y-air-strippes\/bocaha-ajustable\/","og_site_name":"Quick Shot","article_modified_time":"2024-05-02T05:13:55+00:00","og_image":[{"width":1000,"height":1000,"url":"https:\/\/quickshot.com.br\/es\/wp-content\/uploads\/2024\/04\/destaque_muzzle_brake_ajustavel.jpg","type":"image\/jpeg"}],"twitter_card":"summary_large_image","twitter_misc":{"Est. reading time":"2 minutes"},"schema":{"@context":"https:\/\/schema.org","@graph":[{"@type":"WebPage","@id":"https:\/\/quickshot.com.br\/es\/airgun\/bocahas-cubierta-del-canon-y-air-strippes\/bocaha-ajustable\/","url":"https:\/\/quickshot.com.br\/es\/airgun\/bocahas-cubierta-del-canon-y-air-strippes\/bocaha-ajustable\/","name":"Quick Shot | Art\u00edculos deportivos | Cont\u00e1ctenos: +55 19 3801-1000 | Bocaha Ajustable","isPartOf":{"@id":"https:\/\/quickshot.com.br\/es\/#website"},"primaryImageOfPage":{"@id":"https:\/\/quickshot.com.br\/es\/airgun\/bocahas-cubierta-del-canon-y-air-strippes\/bocaha-ajustable\/#primaryimage"},"image":{"@id":"https:\/\/quickshot.com.br\/es\/airgun\/bocahas-cubierta-del-canon-y-air-strippes\/bocaha-ajustable\/#primaryimage"},"thumbnailUrl":"https:\/\/quickshot.com.br\/es\/wp-content\/uploads\/2024\/04\/destaque_muzzle_brake_ajustavel.jpg","datePublished":"2024-04-26T14:29:50+00:00","dateModified":"2024-05-02T05:13:55+00:00","description":"Uno de los mayores fabricantes de Ram Gas y accesorios para pistolas de aire comprimido del pa\u00eds. Accesorios exclusivos para Carabina y Airsoft. Componentes que se adaptan a diferentes marcas y modelos de armas a\u00e9reas. La \u00faltima tecnolog\u00eda en repuestos y accesorios para pistolas de aire comprimido.","breadcrumb":{"@id":"https:\/\/quickshot.com.br\/es\/airgun\/bocahas-cubierta-del-canon-y-air-strippes\/bocaha-ajustable\/#breadcrumb"},"inLanguage":"en-US","potentialAction":[{"@type":"ReadAction","target":["https:\/\/quickshot.com.br\/es\/airgun\/bocahas-cubierta-del-canon-y-air-strippes\/bocaha-ajustable\/"]}]},{"@type":"ImageObject","inLanguage":"en-US","@id":"https:\/\/quickshot.com.br\/es\/airgun\/bocahas-cubierta-del-canon-y-air-strippes\/bocaha-ajustable\/#primaryimage","url":"https:\/\/quickshot.com.br\/es\/wp-content\/uploads\/2024\/04\/destaque_muzzle_brake_ajustavel.jpg","contentUrl":"https:\/\/quickshot.com.br\/es\/wp-content\/uploads\/2024\/04\/destaque_muzzle_brake_ajustavel.jpg","width":1000,"height":1000},{"@type":"BreadcrumbList","@id":"https:\/\/quickshot.com.br\/es\/airgun\/bocahas-cubierta-del-canon-y-air-strippes\/bocaha-ajustable\/#breadcrumb","itemListElement":[{"@type":"ListItem","position":1,"name":"Home","item":"https:\/\/quickshot.com.br\/es\/"},{"@type":"ListItem","position":2,"name":"Airgun","item":"https:\/\/quickshot.com.br\/es\/airgun\/"},{"@type":"ListItem","position":3,"name":"Bocahas, Cubierta del Ca\u00f1\u00f3n y Air Strippes","item":"https:\/\/quickshot.com.br\/es\/airgun\/bocahas-cubierta-del-canon-y-air-strippes\/"},{"@type":"ListItem","position":4,"name":"Bocaha Ajustable"}]},{"@type":"WebSite","@id":"https:\/\/quickshot.com.br\/es\/#website","url":"https:\/\/quickshot.com.br\/es\/","name":"Quick Shot","description":"Uno de los mayores fabricantes de Ram Gas y accesorios para pistolas de aire comprimido del pa\u00eds. Accesorios exclusivos para Carabina y Airsoft. Componentes que se adaptan a diferentes marcas y modelos de armas a\u00e9reas. La \u00faltima tecnolog\u00eda en repuestos y accesorios para pistolas de aire comprimido.","publisher":{"@id":"https:\/\/quickshot.com.br\/es\/#organization"},"alternateName":"Quick Shot | Art\u00edculos deportivos | Cont\u00e1ctenos: +55 19 3801-1000","potentialAction":[{"@type":"SearchAction","target":{"@type":"EntryPoint","urlTemplate":"https:\/\/quickshot.com.br\/es\/?s={search_term_string}"},"query-input":{"@type":"PropertyValueSpecification","valueRequired":true,"valueName":"search_term_string"}}],"inLanguage":"en-US"},{"@type":"Organization","@id":"https:\/\/quickshot.com.br\/es\/#organization","name":"Quick Shot","alternateName":"Quick Shot | Art\u00edculos deportivos | Cont\u00e1ctenos: +55 19 3801-1000","url":"https:\/\/quickshot.com.br\/es\/","logo":{"@type":"ImageObject","inLanguage":"en-US","@id":"https:\/\/quickshot.com.br\/es\/#\/schema\/logo\/image\/","url":"https:\/\/quickshot.com.br\/es\/wp-content\/uploads\/2024\/04\/logo.jpg","contentUrl":"https:\/\/quickshot.com.br\/es\/wp-content\/uploads\/2024\/04\/logo.jpg","width":450,"height":156,"caption":"Quick Shot"},"image":{"@id":"https:\/\/quickshot.com.br\/es\/#\/schema\/logo\/image\/"}}]}},"_links":{"self":[{"href":"https:\/\/quickshot.com.br\/es\/wp-json\/wp\/v2\/pages\/634","targetHints":{"allow":["GET"]}}],"collection":[{"href":"https:\/\/quickshot.com.br\/es\/wp-json\/wp\/v2\/pages"}],"about":[{"href":"https:\/\/quickshot.com.br\/es\/wp-json\/wp\/v2\/types\/page"}],"author":[{"embeddable":true,"href":"https:\/\/quickshot.com.br\/es\/wp-json\/wp\/v2\/users\/1"}],"replies":[{"embeddable":true,"href":"https:\/\/quickshot.com.br\/es\/wp-json\/wp\/v2\/comments?post=634"}],"version-history":[{"count":5,"href":"https:\/\/quickshot.com.br\/es\/wp-json\/wp\/v2\/pages\/634\/revisions"}],"predecessor-version":[{"id":1714,"href":"https:\/\/quickshot.com.br\/es\/wp-json\/wp\/v2\/pages\/634\/revisions\/1714"}],"up":[{"embeddable":true,"href":"https:\/\/quickshot.com.br\/es\/wp-json\/wp\/v2\/pages\/603"}],"wp:featuredmedia":[{"embeddable":true,"href":"https:\/\/quickshot.com.br\/es\/wp-json\/wp\/v2\/media\/630"}],"wp:attachment":[{"href":"https:\/\/quickshot.com.br\/es\/wp-json\/wp\/v2\/media?parent=634"}],"curies":[{"name":"wp","href":"https:\/\/api.w.org\/{rel}","templated":true}]}}