{"id":683,"date":"2024-04-26T12:00:57","date_gmt":"2024-04-26T15:00:57","guid":{"rendered":"https:\/\/quickshot.com.br\/es\/?page_id=683"},"modified":"2024-05-02T02:06:38","modified_gmt":"2024-05-02T05:06:38","slug":"herramienta-extractora-de-resortes","status":"publish","type":"page","link":"https:\/\/quickshot.com.br\/es\/airgun\/mantenimiento\/herramienta-extractora-de-resortes\/","title":{"rendered":"Herramienta Extractora de Resortes"},"content":{"rendered":"\t\t<div data-elementor-type=\"wp-page\" data-elementor-id=\"683\" class=\"elementor elementor-683\" data-elementor-post-type=\"page\">\n\t\t\t\t<div class=\"elementor-element elementor-element-b60478c e-flex e-con-boxed e-con e-parent\" data-id=\"b60478c\" data-element_type=\"container\" data-e-type=\"container\">\n\t\t\t\t\t<div class=\"e-con-inner\">\n\t\t\t\t<div class=\"elementor-element elementor-element-efee722 elementor-widget elementor-widget-text-editor\" data-id=\"efee722\" data-element_type=\"widget\" data-e-type=\"widget\" data-widget_type=\"text-editor.default\">\n\t\t\t\t<div class=\"elementor-widget-container\">\n\t\t\t\t\t\t\t\t\t<p>Las herramientas extractoras de resorte Quickshot son ideales para el mantenimiento de rifles de aire, especialmente dise\u00f1adas para usar con la prensa de resorte Quickshot.<\/p><p>Este art\u00edculo se vende por separado y actualmente tenemos 4 opciones para adaptarse a diferentes modelos de rifles de aire.<\/p><p><strong>Jade (Todas)<\/strong><br \/><strong>FMA.SM003 \u2013 Para Hatsan<\/strong><br \/><strong>FMA.SMSTD \u2013 Ponta reta, atende grande parte das carabinas (incluso no compressor de molas)<\/strong><br \/><strong>FMA.SM001 \u2013 Para os modelos B19, B12 e Cometas<\/strong><br \/><strong>FMA.SM002 \u2013 Para Jade (todas)<\/strong><br \/><strong>FMA.SM003 \u2013 Para Hatsan Striker Edge<\/strong><\/p>\t\t\t\t\t\t\t\t<\/div>\n\t\t\t\t<\/div>\n\t\t\t\t<div class=\"elementor-element elementor-element-8a66dc1 elementor-arrows-position-inside elementor-pagination-position-outside elementor-widget elementor-widget-image-carousel\" data-id=\"8a66dc1\" data-element_type=\"widget\" data-e-type=\"widget\" data-settings=\"{&quot;navigation&quot;:&quot;both&quot;,&quot;autoplay&quot;:&quot;yes&quot;,&quot;pause_on_hover&quot;:&quot;yes&quot;,&quot;pause_on_interaction&quot;:&quot;yes&quot;,&quot;autoplay_speed&quot;:5000,&quot;infinite&quot;:&quot;yes&quot;,&quot;speed&quot;:500}\" data-widget_type=\"image-carousel.default\">\n\t\t\t\t<div class=\"elementor-widget-container\">\n\t\t\t\t\t\t\t<div class=\"elementor-image-carousel-wrapper swiper\" role=\"region\" aria-roledescription=\"carousel\" aria-label=\"Image Carousel\" dir=\"ltr\">\n\t\t\t<div class=\"elementor-image-carousel swiper-wrapper\" aria-live=\"off\">\n\t\t\t\t\t\t\t\t<div class=\"swiper-slide\" role=\"group\" aria-roledescription=\"slide\" aria-label=\"1 of 8\"><a data-elementor-open-lightbox=\"yes\" data-elementor-lightbox-slideshow=\"8a66dc1\" data-elementor-lightbox-title=\"Ferramenta para sacar molas com raio (B19, B12, Cometas e outras)\" data-elementor-lightbox-description=\"Ferramenta para sacar molas com raio (B19, B12, Cometas e outras)\" data-e-action-hash=\"#elementor-action%3Aaction%3Dlightbox%26settings%3DeyJpZCI6MTE3MywidXJsIjoiaHR0cHM6XC9cL3F1aWNrc2hvdC5jb20uYnJcL2VzXC93cC1jb250ZW50XC91cGxvYWRzXC8yMDI0XC8wNFwvc2FjYV9tb2xhc19yYWlvX2IxOV9iMTJfMDEuanBnIiwic2xpZGVzaG93IjoiOGE2NmRjMSJ9\" href=\"https:\/\/quickshot.com.br\/es\/wp-content\/uploads\/2024\/04\/saca_molas_raio_b19_b12_01.jpg\"><figure class=\"swiper-slide-inner\"><img decoding=\"async\" class=\"swiper-slide-image\" src=\"https:\/\/quickshot.com.br\/es\/wp-content\/uploads\/2024\/04\/saca_molas_raio_b19_b12_01-300x300.jpg\" alt=\"Ferramenta para sacar molas com raio (B19, B12, Cometas e outras)\" \/><figcaption class=\"elementor-image-carousel-caption\">Ferramenta para sacar molas com raio (B19, B12, Cometas e outras)<\/figcaption><\/figure><\/a><\/div><div class=\"swiper-slide\" role=\"group\" aria-roledescription=\"slide\" aria-label=\"2 of 8\"><a data-elementor-open-lightbox=\"yes\" data-elementor-lightbox-slideshow=\"8a66dc1\" data-elementor-lightbox-title=\"Ferramenta para sacar molas com raio (B19, B12, Cometas e outras)\" data-elementor-lightbox-description=\"Ferramenta para sacar molas com raio (B19, B12, Cometas e outras)\" data-e-action-hash=\"#elementor-action%3Aaction%3Dlightbox%26settings%3DeyJpZCI6MTE3NCwidXJsIjoiaHR0cHM6XC9cL3F1aWNrc2hvdC5jb20uYnJcL2VzXC93cC1jb250ZW50XC91cGxvYWRzXC8yMDI0XC8wNFwvc2FjYV9tb2xhc19yYWlvX2IxOV9iMTJfMDIuanBnIiwic2xpZGVzaG93IjoiOGE2NmRjMSJ9\" href=\"https:\/\/quickshot.com.br\/es\/wp-content\/uploads\/2024\/04\/saca_molas_raio_b19_b12_02.jpg\"><figure class=\"swiper-slide-inner\"><img decoding=\"async\" class=\"swiper-slide-image\" src=\"https:\/\/quickshot.com.br\/es\/wp-content\/uploads\/2024\/04\/saca_molas_raio_b19_b12_02-300x300.jpg\" alt=\"Ferramenta para sacar molas com raio (B19, B12, Cometas e outras)\" \/><figcaption class=\"elementor-image-carousel-caption\">Ferramenta para sacar molas com raio (B19, B12, Cometas e outras)<\/figcaption><\/figure><\/a><\/div><div class=\"swiper-slide\" role=\"group\" aria-roledescription=\"slide\" aria-label=\"3 of 8\"><a data-elementor-open-lightbox=\"yes\" data-elementor-lightbox-slideshow=\"8a66dc1\" data-elementor-lightbox-title=\"Ferramenta para sacar molas com raio (Hatsan)\" data-elementor-lightbox-description=\"Ferramenta para sacar molas com raio (Hatsan)\" data-e-action-hash=\"#elementor-action%3Aaction%3Dlightbox%26settings%3DeyJpZCI6MTE2NywidXJsIjoiaHR0cHM6XC9cL3F1aWNrc2hvdC5jb20uYnJcL2VzXC93cC1jb250ZW50XC91cGxvYWRzXC8yMDI0XC8wNFwvc2FjYV9tb2xhc19jb21faGF0c2FuXzAxLmpwZyIsInNsaWRlc2hvdyI6IjhhNjZkYzEifQ%3D%3D\" href=\"https:\/\/quickshot.com.br\/es\/wp-content\/uploads\/2024\/04\/saca_molas_com_hatsan_01.jpg\"><figure class=\"swiper-slide-inner\"><img decoding=\"async\" class=\"swiper-slide-image\" src=\"https:\/\/quickshot.com.br\/es\/wp-content\/uploads\/2024\/04\/saca_molas_com_hatsan_01-300x300.jpg\" alt=\"Ferramenta para sacar molas com raio (Hatsan)\" \/><figcaption class=\"elementor-image-carousel-caption\">Ferramenta para sacar molas com raio (Hatsan)<\/figcaption><\/figure><\/a><\/div><div class=\"swiper-slide\" role=\"group\" aria-roledescription=\"slide\" aria-label=\"4 of 8\"><a data-elementor-open-lightbox=\"yes\" data-elementor-lightbox-slideshow=\"8a66dc1\" data-elementor-lightbox-title=\"Ferramenta para sacar molas com raio (Hatsan)\" data-elementor-lightbox-description=\"Ferramenta para sacar molas com raio (Hatsan)\" data-e-action-hash=\"#elementor-action%3Aaction%3Dlightbox%26settings%3DeyJpZCI6MTE2OCwidXJsIjoiaHR0cHM6XC9cL3F1aWNrc2hvdC5jb20uYnJcL2VzXC93cC1jb250ZW50XC91cGxvYWRzXC8yMDI0XC8wNFwvc2FjYV9tb2xhc19jb21faGF0c2FuXzAyLmpwZyIsInNsaWRlc2hvdyI6IjhhNjZkYzEifQ%3D%3D\" href=\"https:\/\/quickshot.com.br\/es\/wp-content\/uploads\/2024\/04\/saca_molas_com_hatsan_02.jpg\"><figure class=\"swiper-slide-inner\"><img decoding=\"async\" class=\"swiper-slide-image\" src=\"https:\/\/quickshot.com.br\/es\/wp-content\/uploads\/2024\/04\/saca_molas_com_hatsan_02-300x300.jpg\" alt=\"Ferramenta para sacar molas com raio (Hatsan)\" \/><figcaption class=\"elementor-image-carousel-caption\">Ferramenta para sacar molas com raio (Hatsan)<\/figcaption><\/figure><\/a><\/div><div class=\"swiper-slide\" role=\"group\" aria-roledescription=\"slide\" aria-label=\"5 of 8\"><a data-elementor-open-lightbox=\"yes\" data-elementor-lightbox-slideshow=\"8a66dc1\" data-elementor-lightbox-title=\"Ferramenta para sacar molas compressor Quickshot\" data-elementor-lightbox-description=\"Ferramenta para sacar molas compressor Quickshot\" data-e-action-hash=\"#elementor-action%3Aaction%3Dlightbox%26settings%3DeyJpZCI6MTE2OSwidXJsIjoiaHR0cHM6XC9cL3F1aWNrc2hvdC5jb20uYnJcL2VzXC93cC1jb250ZW50XC91cGxvYWRzXC8yMDI0XC8wNFwvc2FjYV9tb2xhc19jb21wcmVzc29yXzAxLmpwZyIsInNsaWRlc2hvdyI6IjhhNjZkYzEifQ%3D%3D\" href=\"https:\/\/quickshot.com.br\/es\/wp-content\/uploads\/2024\/04\/saca_molas_compressor_01.jpg\"><figure class=\"swiper-slide-inner\"><img decoding=\"async\" class=\"swiper-slide-image\" src=\"https:\/\/quickshot.com.br\/es\/wp-content\/uploads\/2024\/04\/saca_molas_compressor_01-300x300.jpg\" alt=\"Ferramenta para sacar molas compressor Quickshot\" \/><figcaption class=\"elementor-image-carousel-caption\">Ferramenta para sacar molas compressor Quickshot<\/figcaption><\/figure><\/a><\/div><div class=\"swiper-slide\" role=\"group\" aria-roledescription=\"slide\" aria-label=\"6 of 8\"><a data-elementor-open-lightbox=\"yes\" data-elementor-lightbox-slideshow=\"8a66dc1\" data-elementor-lightbox-title=\"Ferramenta para sacar molas compressor Quickshot\" data-elementor-lightbox-description=\"Ferramenta para sacar molas compressor Quickshot\" data-e-action-hash=\"#elementor-action%3Aaction%3Dlightbox%26settings%3DeyJpZCI6MTE3MCwidXJsIjoiaHR0cHM6XC9cL3F1aWNrc2hvdC5jb20uYnJcL2VzXC93cC1jb250ZW50XC91cGxvYWRzXC8yMDI0XC8wNFwvc2FjYV9tb2xhc19jb21wcmVzc29yXzAyLmpwZyIsInNsaWRlc2hvdyI6IjhhNjZkYzEifQ%3D%3D\" href=\"https:\/\/quickshot.com.br\/es\/wp-content\/uploads\/2024\/04\/saca_molas_compressor_02.jpg\"><figure class=\"swiper-slide-inner\"><img decoding=\"async\" class=\"swiper-slide-image\" src=\"https:\/\/quickshot.com.br\/es\/wp-content\/uploads\/2024\/04\/saca_molas_compressor_02-300x300.jpg\" alt=\"Ferramenta para sacar molas compressor Quickshot\" \/><figcaption class=\"elementor-image-carousel-caption\">Ferramenta para sacar molas compressor Quickshot<\/figcaption><\/figure><\/a><\/div><div class=\"swiper-slide\" role=\"group\" aria-roledescription=\"slide\" aria-label=\"7 of 8\"><a data-elementor-open-lightbox=\"yes\" data-elementor-lightbox-slideshow=\"8a66dc1\" data-elementor-lightbox-title=\"Ferramenta para sacar molas copo (Jade todas)\" data-elementor-lightbox-description=\"Ferramenta para sacar molas copo (Jade todas)\" data-e-action-hash=\"#elementor-action%3Aaction%3Dlightbox%26settings%3DeyJpZCI6MTE3MSwidXJsIjoiaHR0cHM6XC9cL3F1aWNrc2hvdC5jb20uYnJcL2VzXC93cC1jb250ZW50XC91cGxvYWRzXC8yMDI0XC8wNFwvc2FjYV9tb2xhc19jb3BvXzAxLmpwZyIsInNsaWRlc2hvdyI6IjhhNjZkYzEifQ%3D%3D\" href=\"https:\/\/quickshot.com.br\/es\/wp-content\/uploads\/2024\/04\/saca_molas_copo_01.jpg\"><figure class=\"swiper-slide-inner\"><img decoding=\"async\" class=\"swiper-slide-image\" src=\"https:\/\/quickshot.com.br\/es\/wp-content\/uploads\/2024\/04\/saca_molas_copo_01-300x300.jpg\" alt=\"Ferramenta para sacar molas copo (Jade todas)\" \/><figcaption class=\"elementor-image-carousel-caption\">Ferramenta para sacar molas copo (Jade todas)<\/figcaption><\/figure><\/a><\/div><div class=\"swiper-slide\" role=\"group\" aria-roledescription=\"slide\" aria-label=\"8 of 8\"><a data-elementor-open-lightbox=\"yes\" data-elementor-lightbox-slideshow=\"8a66dc1\" data-elementor-lightbox-title=\"Ferramenta para sacar molas copo (Jade todas)\" data-elementor-lightbox-description=\"Ferramenta para sacar molas copo (Jade todas)\" data-e-action-hash=\"#elementor-action%3Aaction%3Dlightbox%26settings%3DeyJpZCI6MTE3MiwidXJsIjoiaHR0cHM6XC9cL3F1aWNrc2hvdC5jb20uYnJcL2VzXC93cC1jb250ZW50XC91cGxvYWRzXC8yMDI0XC8wNFwvc2FjYV9tb2xhc19jb3BvXzAyLmpwZyIsInNsaWRlc2hvdyI6IjhhNjZkYzEifQ%3D%3D\" href=\"https:\/\/quickshot.com.br\/es\/wp-content\/uploads\/2024\/04\/saca_molas_copo_02.jpg\"><figure class=\"swiper-slide-inner\"><img decoding=\"async\" class=\"swiper-slide-image\" src=\"https:\/\/quickshot.com.br\/es\/wp-content\/uploads\/2024\/04\/saca_molas_copo_02-300x300.jpg\" alt=\"Ferramenta para sacar molas copo (Jade todas)\" \/><figcaption class=\"elementor-image-carousel-caption\">Ferramenta para sacar molas copo (Jade todas)<\/figcaption><\/figure><\/a><\/div>\t\t\t<\/div>\n\t\t\t\t\t\t\t\t\t\t\t\t<div class=\"elementor-swiper-button elementor-swiper-button-prev\" role=\"button\" tabindex=\"0\">\n\t\t\t\t\t\t<svg aria-hidden=\"true\" class=\"e-font-icon-svg e-eicon-chevron-left\" viewBox=\"0 0 1000 1000\" xmlns=\"http:\/\/www.w3.org\/2000\/svg\"><path d=\"M646 125C629 125 613 133 604 142L308 442C296 454 292 471 292 487 292 504 296 521 308 533L604 854C617 867 629 875 646 875 663 875 679 871 692 858 704 846 713 829 713 812 713 796 708 779 692 767L438 487 692 225C700 217 708 204 708 187 708 171 704 154 692 142 675 129 663 125 646 125Z\"><\/path><\/svg>\t\t\t\t\t<\/div>\n\t\t\t\t\t<div class=\"elementor-swiper-button elementor-swiper-button-next\" role=\"button\" tabindex=\"0\">\n\t\t\t\t\t\t<svg aria-hidden=\"true\" class=\"e-font-icon-svg e-eicon-chevron-right\" viewBox=\"0 0 1000 1000\" xmlns=\"http:\/\/www.w3.org\/2000\/svg\"><path d=\"M696 533C708 521 713 504 713 487 713 471 708 454 696 446L400 146C388 133 375 125 354 125 338 125 325 129 313 142 300 154 292 171 292 187 292 204 296 221 308 233L563 492 304 771C292 783 288 800 288 817 288 833 296 850 308 863 321 871 338 875 354 875 371 875 388 867 400 854L696 533Z\"><\/path><\/svg>\t\t\t\t\t<\/div>\n\t\t\t\t\n\t\t\t\t\t\t\t\t\t<div class=\"swiper-pagination\"><\/div>\n\t\t\t\t\t\t\t\t\t<\/div>\n\t\t\t\t\t\t<\/div>\n\t\t\t\t<\/div>\n\t\t\t\t\t<\/div>\n\t\t\t\t<\/div>\n\t\t\t\t<\/div>\n\t\t","protected":false},"excerpt":{"rendered":"<p>Las herramientas extractoras de resorte Quickshot son ideales para el mantenimiento de rifles de aire, especialmente dise\u00f1adas para usar con la prensa de resorte Quickshot. Este art\u00edculo se vende por separado y actualmente tenemos 4 opciones para adaptarse a diferentes modelos de rifles de aire. Jade (Todas)FMA.SM003 \u2013 Para HatsanFMA.SMSTD \u2013 Ponta reta, atende grande [&hellip;]<\/p>\n","protected":false},"author":1,"featured_media":681,"parent":611,"menu_order":0,"comment_status":"closed","ping_status":"closed","template":"","meta":{"footnotes":""},"class_list":["post-683","page","type-page","status-publish","has-post-thumbnail","hentry"],"yoast_head":"<!-- This site is optimized with the Yoast SEO plugin v27.4 - https:\/\/yoast.com\/product\/yoast-seo-wordpress\/ -->\n<title>Quick Shot | Art\u00edculos deportivos | Cont\u00e1ctenos: +55 19 3801-1000 | Herramienta Extractora de Resortes<\/title>\n<meta name=\"description\" content=\"Uno de los mayores fabricantes de Ram Gas y accesorios para pistolas de aire comprimido del pa\u00eds. Accesorios exclusivos para Carabina y Airsoft. Componentes que se adaptan a diferentes marcas y modelos de armas a\u00e9reas. La \u00faltima tecnolog\u00eda en repuestos y accesorios para pistolas de aire comprimido.\" \/>\n<meta name=\"robots\" content=\"index, follow, max-snippet:-1, max-image-preview:large, max-video-preview:-1\" \/>\n<link rel=\"canonical\" href=\"https:\/\/quickshot.com.br\/es\/airgun\/mantenimiento\/herramienta-extractora-de-resortes\/\" \/>\n<meta property=\"og:locale\" content=\"en_US\" \/>\n<meta property=\"og:type\" content=\"article\" \/>\n<meta property=\"og:title\" content=\"Quick Shot | Art\u00edculos deportivos | Cont\u00e1ctenos: +55 19 3801-1000 | Herramienta Extractora de Resortes\" \/>\n<meta property=\"og:description\" content=\"Uno de los mayores fabricantes de Ram Gas y accesorios para pistolas de aire comprimido del pa\u00eds. Accesorios exclusivos para Carabina y Airsoft. Componentes que se adaptan a diferentes marcas y modelos de armas a\u00e9reas. La \u00faltima tecnolog\u00eda en repuestos y accesorios para pistolas de aire comprimido.\" \/>\n<meta property=\"og:url\" content=\"https:\/\/quickshot.com.br\/es\/airgun\/mantenimiento\/herramienta-extractora-de-resortes\/\" \/>\n<meta property=\"og:site_name\" content=\"Quick Shot\" \/>\n<meta property=\"article:modified_time\" content=\"2024-05-02T05:06:38+00:00\" \/>\n<meta property=\"og:image\" content=\"https:\/\/quickshot.com.br\/es\/wp-content\/uploads\/2024\/04\/saca-molas.jpg\" \/>\n\t<meta property=\"og:image:width\" content=\"1000\" \/>\n\t<meta property=\"og:image:height\" content=\"1000\" \/>\n\t<meta property=\"og:image:type\" content=\"image\/jpeg\" \/>\n<meta name=\"twitter:card\" content=\"summary_large_image\" \/>\n<meta name=\"twitter:label1\" content=\"Est. reading time\" \/>\n\t<meta name=\"twitter:data1\" content=\"4 minutes\" \/>\n<script type=\"application\/ld+json\" class=\"yoast-schema-graph\">{\"@context\":\"https:\\\/\\\/schema.org\",\"@graph\":[{\"@type\":\"WebPage\",\"@id\":\"https:\\\/\\\/quickshot.com.br\\\/es\\\/airgun\\\/mantenimiento\\\/herramienta-extractora-de-resortes\\\/\",\"url\":\"https:\\\/\\\/quickshot.com.br\\\/es\\\/airgun\\\/mantenimiento\\\/herramienta-extractora-de-resortes\\\/\",\"name\":\"Quick Shot | Art\u00edculos deportivos | Cont\u00e1ctenos: +55 19 3801-1000 | Herramienta Extractora de Resortes\",\"isPartOf\":{\"@id\":\"https:\\\/\\\/quickshot.com.br\\\/es\\\/#website\"},\"primaryImageOfPage\":{\"@id\":\"https:\\\/\\\/quickshot.com.br\\\/es\\\/airgun\\\/mantenimiento\\\/herramienta-extractora-de-resortes\\\/#primaryimage\"},\"image\":{\"@id\":\"https:\\\/\\\/quickshot.com.br\\\/es\\\/airgun\\\/mantenimiento\\\/herramienta-extractora-de-resortes\\\/#primaryimage\"},\"thumbnailUrl\":\"https:\\\/\\\/quickshot.com.br\\\/es\\\/wp-content\\\/uploads\\\/2024\\\/04\\\/saca-molas.jpg\",\"datePublished\":\"2024-04-26T15:00:57+00:00\",\"dateModified\":\"2024-05-02T05:06:38+00:00\",\"description\":\"Uno de los mayores fabricantes de Ram Gas y accesorios para pistolas de aire comprimido del pa\u00eds. Accesorios exclusivos para Carabina y Airsoft. Componentes que se adaptan a diferentes marcas y modelos de armas a\u00e9reas. La \u00faltima tecnolog\u00eda en repuestos y accesorios para pistolas de aire comprimido.\",\"breadcrumb\":{\"@id\":\"https:\\\/\\\/quickshot.com.br\\\/es\\\/airgun\\\/mantenimiento\\\/herramienta-extractora-de-resortes\\\/#breadcrumb\"},\"inLanguage\":\"en-US\",\"potentialAction\":[{\"@type\":\"ReadAction\",\"target\":[\"https:\\\/\\\/quickshot.com.br\\\/es\\\/airgun\\\/mantenimiento\\\/herramienta-extractora-de-resortes\\\/\"]}]},{\"@type\":\"ImageObject\",\"inLanguage\":\"en-US\",\"@id\":\"https:\\\/\\\/quickshot.com.br\\\/es\\\/airgun\\\/mantenimiento\\\/herramienta-extractora-de-resortes\\\/#primaryimage\",\"url\":\"https:\\\/\\\/quickshot.com.br\\\/es\\\/wp-content\\\/uploads\\\/2024\\\/04\\\/saca-molas.jpg\",\"contentUrl\":\"https:\\\/\\\/quickshot.com.br\\\/es\\\/wp-content\\\/uploads\\\/2024\\\/04\\\/saca-molas.jpg\",\"width\":1000,\"height\":1000},{\"@type\":\"BreadcrumbList\",\"@id\":\"https:\\\/\\\/quickshot.com.br\\\/es\\\/airgun\\\/mantenimiento\\\/herramienta-extractora-de-resortes\\\/#breadcrumb\",\"itemListElement\":[{\"@type\":\"ListItem\",\"position\":1,\"name\":\"Home\",\"item\":\"https:\\\/\\\/quickshot.com.br\\\/es\\\/\"},{\"@type\":\"ListItem\",\"position\":2,\"name\":\"Airgun\",\"item\":\"https:\\\/\\\/quickshot.com.br\\\/es\\\/airgun\\\/\"},{\"@type\":\"ListItem\",\"position\":3,\"name\":\"Mantenimiento\",\"item\":\"https:\\\/\\\/quickshot.com.br\\\/es\\\/airgun\\\/mantenimiento\\\/\"},{\"@type\":\"ListItem\",\"position\":4,\"name\":\"Herramienta Extractora de Resortes\"}]},{\"@type\":\"WebSite\",\"@id\":\"https:\\\/\\\/quickshot.com.br\\\/es\\\/#website\",\"url\":\"https:\\\/\\\/quickshot.com.br\\\/es\\\/\",\"name\":\"Quick Shot\",\"description\":\"Uno de los mayores fabricantes de Ram Gas y accesorios para pistolas de aire comprimido del pa\u00eds. Accesorios exclusivos para Carabina y Airsoft. Componentes que se adaptan a diferentes marcas y modelos de armas a\u00e9reas. La \u00faltima tecnolog\u00eda en repuestos y accesorios para pistolas de aire comprimido.\",\"publisher\":{\"@id\":\"https:\\\/\\\/quickshot.com.br\\\/es\\\/#organization\"},\"alternateName\":\"Quick Shot | Art\u00edculos deportivos | Cont\u00e1ctenos: +55 19 3801-1000\",\"potentialAction\":[{\"@type\":\"SearchAction\",\"target\":{\"@type\":\"EntryPoint\",\"urlTemplate\":\"https:\\\/\\\/quickshot.com.br\\\/es\\\/?s={search_term_string}\"},\"query-input\":{\"@type\":\"PropertyValueSpecification\",\"valueRequired\":true,\"valueName\":\"search_term_string\"}}],\"inLanguage\":\"en-US\"},{\"@type\":\"Organization\",\"@id\":\"https:\\\/\\\/quickshot.com.br\\\/es\\\/#organization\",\"name\":\"Quick Shot\",\"alternateName\":\"Quick Shot | Art\u00edculos deportivos | Cont\u00e1ctenos: +55 19 3801-1000\",\"url\":\"https:\\\/\\\/quickshot.com.br\\\/es\\\/\",\"logo\":{\"@type\":\"ImageObject\",\"inLanguage\":\"en-US\",\"@id\":\"https:\\\/\\\/quickshot.com.br\\\/es\\\/#\\\/schema\\\/logo\\\/image\\\/\",\"url\":\"https:\\\/\\\/quickshot.com.br\\\/es\\\/wp-content\\\/uploads\\\/2024\\\/04\\\/logo.jpg\",\"contentUrl\":\"https:\\\/\\\/quickshot.com.br\\\/es\\\/wp-content\\\/uploads\\\/2024\\\/04\\\/logo.jpg\",\"width\":450,\"height\":156,\"caption\":\"Quick Shot\"},\"image\":{\"@id\":\"https:\\\/\\\/quickshot.com.br\\\/es\\\/#\\\/schema\\\/logo\\\/image\\\/\"}}]}<\/script>\n<!-- \/ Yoast SEO plugin. -->","yoast_head_json":{"title":"Quick Shot | Art\u00edculos deportivos | Cont\u00e1ctenos: +55 19 3801-1000 | Herramienta Extractora de Resortes","description":"Uno de los mayores fabricantes de Ram Gas y accesorios para pistolas de aire comprimido del pa\u00eds. Accesorios exclusivos para Carabina y Airsoft. Componentes que se adaptan a diferentes marcas y modelos de armas a\u00e9reas. La \u00faltima tecnolog\u00eda en repuestos y accesorios para pistolas de aire comprimido.","robots":{"index":"index","follow":"follow","max-snippet":"max-snippet:-1","max-image-preview":"max-image-preview:large","max-video-preview":"max-video-preview:-1"},"canonical":"https:\/\/quickshot.com.br\/es\/airgun\/mantenimiento\/herramienta-extractora-de-resortes\/","og_locale":"en_US","og_type":"article","og_title":"Quick Shot | Art\u00edculos deportivos | Cont\u00e1ctenos: +55 19 3801-1000 | Herramienta Extractora de Resortes","og_description":"Uno de los mayores fabricantes de Ram Gas y accesorios para pistolas de aire comprimido del pa\u00eds. Accesorios exclusivos para Carabina y Airsoft. Componentes que se adaptan a diferentes marcas y modelos de armas a\u00e9reas. La \u00faltima tecnolog\u00eda en repuestos y accesorios para pistolas de aire comprimido.","og_url":"https:\/\/quickshot.com.br\/es\/airgun\/mantenimiento\/herramienta-extractora-de-resortes\/","og_site_name":"Quick Shot","article_modified_time":"2024-05-02T05:06:38+00:00","og_image":[{"width":1000,"height":1000,"url":"https:\/\/quickshot.com.br\/es\/wp-content\/uploads\/2024\/04\/saca-molas.jpg","type":"image\/jpeg"}],"twitter_card":"summary_large_image","twitter_misc":{"Est. reading time":"4 minutes"},"schema":{"@context":"https:\/\/schema.org","@graph":[{"@type":"WebPage","@id":"https:\/\/quickshot.com.br\/es\/airgun\/mantenimiento\/herramienta-extractora-de-resortes\/","url":"https:\/\/quickshot.com.br\/es\/airgun\/mantenimiento\/herramienta-extractora-de-resortes\/","name":"Quick Shot | Art\u00edculos deportivos | Cont\u00e1ctenos: +55 19 3801-1000 | Herramienta Extractora de Resortes","isPartOf":{"@id":"https:\/\/quickshot.com.br\/es\/#website"},"primaryImageOfPage":{"@id":"https:\/\/quickshot.com.br\/es\/airgun\/mantenimiento\/herramienta-extractora-de-resortes\/#primaryimage"},"image":{"@id":"https:\/\/quickshot.com.br\/es\/airgun\/mantenimiento\/herramienta-extractora-de-resortes\/#primaryimage"},"thumbnailUrl":"https:\/\/quickshot.com.br\/es\/wp-content\/uploads\/2024\/04\/saca-molas.jpg","datePublished":"2024-04-26T15:00:57+00:00","dateModified":"2024-05-02T05:06:38+00:00","description":"Uno de los mayores fabricantes de Ram Gas y accesorios para pistolas de aire comprimido del pa\u00eds. Accesorios exclusivos para Carabina y Airsoft. Componentes que se adaptan a diferentes marcas y modelos de armas a\u00e9reas. La \u00faltima tecnolog\u00eda en repuestos y accesorios para pistolas de aire comprimido.","breadcrumb":{"@id":"https:\/\/quickshot.com.br\/es\/airgun\/mantenimiento\/herramienta-extractora-de-resortes\/#breadcrumb"},"inLanguage":"en-US","potentialAction":[{"@type":"ReadAction","target":["https:\/\/quickshot.com.br\/es\/airgun\/mantenimiento\/herramienta-extractora-de-resortes\/"]}]},{"@type":"ImageObject","inLanguage":"en-US","@id":"https:\/\/quickshot.com.br\/es\/airgun\/mantenimiento\/herramienta-extractora-de-resortes\/#primaryimage","url":"https:\/\/quickshot.com.br\/es\/wp-content\/uploads\/2024\/04\/saca-molas.jpg","contentUrl":"https:\/\/quickshot.com.br\/es\/wp-content\/uploads\/2024\/04\/saca-molas.jpg","width":1000,"height":1000},{"@type":"BreadcrumbList","@id":"https:\/\/quickshot.com.br\/es\/airgun\/mantenimiento\/herramienta-extractora-de-resortes\/#breadcrumb","itemListElement":[{"@type":"ListItem","position":1,"name":"Home","item":"https:\/\/quickshot.com.br\/es\/"},{"@type":"ListItem","position":2,"name":"Airgun","item":"https:\/\/quickshot.com.br\/es\/airgun\/"},{"@type":"ListItem","position":3,"name":"Mantenimiento","item":"https:\/\/quickshot.com.br\/es\/airgun\/mantenimiento\/"},{"@type":"ListItem","position":4,"name":"Herramienta Extractora de Resortes"}]},{"@type":"WebSite","@id":"https:\/\/quickshot.com.br\/es\/#website","url":"https:\/\/quickshot.com.br\/es\/","name":"Quick Shot","description":"Uno de los mayores fabricantes de Ram Gas y accesorios para pistolas de aire comprimido del pa\u00eds. Accesorios exclusivos para Carabina y Airsoft. Componentes que se adaptan a diferentes marcas y modelos de armas a\u00e9reas. La \u00faltima tecnolog\u00eda en repuestos y accesorios para pistolas de aire comprimido.","publisher":{"@id":"https:\/\/quickshot.com.br\/es\/#organization"},"alternateName":"Quick Shot | Art\u00edculos deportivos | Cont\u00e1ctenos: +55 19 3801-1000","potentialAction":[{"@type":"SearchAction","target":{"@type":"EntryPoint","urlTemplate":"https:\/\/quickshot.com.br\/es\/?s={search_term_string}"},"query-input":{"@type":"PropertyValueSpecification","valueRequired":true,"valueName":"search_term_string"}}],"inLanguage":"en-US"},{"@type":"Organization","@id":"https:\/\/quickshot.com.br\/es\/#organization","name":"Quick Shot","alternateName":"Quick Shot | Art\u00edculos deportivos | Cont\u00e1ctenos: +55 19 3801-1000","url":"https:\/\/quickshot.com.br\/es\/","logo":{"@type":"ImageObject","inLanguage":"en-US","@id":"https:\/\/quickshot.com.br\/es\/#\/schema\/logo\/image\/","url":"https:\/\/quickshot.com.br\/es\/wp-content\/uploads\/2024\/04\/logo.jpg","contentUrl":"https:\/\/quickshot.com.br\/es\/wp-content\/uploads\/2024\/04\/logo.jpg","width":450,"height":156,"caption":"Quick Shot"},"image":{"@id":"https:\/\/quickshot.com.br\/es\/#\/schema\/logo\/image\/"}}]}},"_links":{"self":[{"href":"https:\/\/quickshot.com.br\/es\/wp-json\/wp\/v2\/pages\/683","targetHints":{"allow":["GET"]}}],"collection":[{"href":"https:\/\/quickshot.com.br\/es\/wp-json\/wp\/v2\/pages"}],"about":[{"href":"https:\/\/quickshot.com.br\/es\/wp-json\/wp\/v2\/types\/page"}],"author":[{"embeddable":true,"href":"https:\/\/quickshot.com.br\/es\/wp-json\/wp\/v2\/users\/1"}],"replies":[{"embeddable":true,"href":"https:\/\/quickshot.com.br\/es\/wp-json\/wp\/v2\/comments?post=683"}],"version-history":[{"count":5,"href":"https:\/\/quickshot.com.br\/es\/wp-json\/wp\/v2\/pages\/683\/revisions"}],"predecessor-version":[{"id":1699,"href":"https:\/\/quickshot.com.br\/es\/wp-json\/wp\/v2\/pages\/683\/revisions\/1699"}],"up":[{"embeddable":true,"href":"https:\/\/quickshot.com.br\/es\/wp-json\/wp\/v2\/pages\/611"}],"wp:featuredmedia":[{"embeddable":true,"href":"https:\/\/quickshot.com.br\/es\/wp-json\/wp\/v2\/media\/681"}],"wp:attachment":[{"href":"https:\/\/quickshot.com.br\/es\/wp-json\/wp\/v2\/media?parent=683"}],"curies":[{"name":"wp","href":"https:\/\/api.w.org\/{rel}","templated":true}]}}