{"id":685,"date":"2024-04-26T12:01:46","date_gmt":"2024-04-26T15:01:46","guid":{"rendered":"https:\/\/quickshot.com.br\/es\/?page_id=685"},"modified":"2024-05-02T02:07:18","modified_gmt":"2024-05-02T05:07:18","slug":"herramienta-de-montaje-de-sellos","status":"publish","type":"page","link":"https:\/\/quickshot.com.br\/es\/airgun\/mantenimiento\/herramienta-de-montaje-de-sellos\/","title":{"rendered":"Herramienta de Montaje de Sellos"},"content":{"rendered":"\t\t<div data-elementor-type=\"wp-page\" data-elementor-id=\"685\" class=\"elementor elementor-685\" data-elementor-post-type=\"page\">\n\t\t\t\t<div class=\"elementor-element elementor-element-a4dba38 e-flex e-con-boxed e-con e-parent\" data-id=\"a4dba38\" data-element_type=\"container\" data-e-type=\"container\">\n\t\t\t\t\t<div class=\"e-con-inner\">\n\t\t\t\t<div class=\"elementor-element elementor-element-18c8dcd elementor-widget elementor-widget-text-editor\" data-id=\"18c8dcd\" data-element_type=\"widget\" data-e-type=\"widget\" data-widget_type=\"text-editor.default\">\n\t\t\t\t<div class=\"elementor-widget-container\">\n\t\t\t\t\t\t\t\t\t<p>La herramienta para colocar sellos le permite colocar el sello m\u00e1s f\u00e1cilmente en el pist\u00f3n, evitando posibles cortes o fisuras en el sello.<\/p><p>Tenemos disponibles herramientas para sellos de pist\u00f3n de: 14mm (FMA.RET14), 16mm (FMA.RET16) y 18mm (FMA.RET18).<\/p><p><strong>NOTA:<\/strong>\u00a0No es necesario calentar el sello para usar la herramienta.<\/p>\t\t\t\t\t\t\t\t<\/div>\n\t\t\t\t<\/div>\n\t\t\t\t\t<\/div>\n\t\t\t\t<\/div>\n\t\t<div class=\"elementor-element elementor-element-0a5dcf8 e-flex e-con-boxed e-con e-parent\" data-id=\"0a5dcf8\" data-element_type=\"container\" data-e-type=\"container\">\n\t\t\t\t\t<div class=\"e-con-inner\">\n\t\t<div class=\"elementor-element elementor-element-5e2d549 e-con-full e-flex e-con e-child\" data-id=\"5e2d549\" data-element_type=\"container\" data-e-type=\"container\">\n\t\t\t\t<div class=\"elementor-element elementor-element-e2d10b1 elementor-widget elementor-widget-image\" data-id=\"e2d10b1\" data-element_type=\"widget\" data-e-type=\"widget\" data-widget_type=\"image.default\">\n\t\t\t\t<div class=\"elementor-widget-container\">\n\t\t\t\t\t\t\t\t\t\t\t\t<figure class=\"wp-caption\">\n\t\t\t\t\t\t\t\t\t\t\t<a href=\"https:\/\/quickshot.com.br\/es\/wp-content\/uploads\/2024\/04\/retentores_14_mm.jpg\" data-elementor-open-lightbox=\"yes\" data-elementor-lightbox-title=\"Ferramenta para instala\u00e7\u00e3o bucha \u2013 retentores 14mm\" data-elementor-lightbox-description=\"Ferramenta para instala\u00e7\u00e3o bucha \u2013 retentores 14mm\" data-e-action-hash=\"#elementor-action%3Aaction%3Dlightbox%26settings%3DeyJpZCI6MTE3OCwidXJsIjoiaHR0cHM6XC9cL3F1aWNrc2hvdC5jb20uYnJcL2VzXC93cC1jb250ZW50XC91cGxvYWRzXC8yMDI0XC8wNFwvcmV0ZW50b3Jlc18xNF9tbS5qcGcifQ%3D%3D\">\n\t\t\t\t\t\t\t<img fetchpriority=\"high\" decoding=\"async\" width=\"600\" height=\"600\" src=\"https:\/\/quickshot.com.br\/es\/wp-content\/uploads\/2024\/04\/retentores_14_mm.jpg\" class=\"attachment-full size-full wp-image-1178\" alt=\"Ferramenta para instala\u00e7\u00e3o bucha \u2013 retentores 14mm\" srcset=\"https:\/\/quickshot.com.br\/es\/wp-content\/uploads\/2024\/04\/retentores_14_mm.jpg 600w, https:\/\/quickshot.com.br\/es\/wp-content\/uploads\/2024\/04\/retentores_14_mm-300x300.jpg 300w, https:\/\/quickshot.com.br\/es\/wp-content\/uploads\/2024\/04\/retentores_14_mm-150x150.jpg 150w\" sizes=\"(max-width: 600px) 100vw, 600px\" \/>\t\t\t\t\t\t\t\t<\/a>\n\t\t\t\t\t\t\t\t\t\t\t<figcaption class=\"widget-image-caption wp-caption-text\">Ferramenta para instala\u00e7\u00e3o bucha \u2013 retentores 14mm<\/figcaption>\n\t\t\t\t\t\t\t\t\t\t<\/figure>\n\t\t\t\t\t\t\t\t\t<\/div>\n\t\t\t\t<\/div>\n\t\t\t\t<\/div>\n\t\t<div class=\"elementor-element elementor-element-a2b3cde e-con-full e-flex e-con e-child\" data-id=\"a2b3cde\" data-element_type=\"container\" data-e-type=\"container\">\n\t\t\t\t<div class=\"elementor-element elementor-element-444f955 elementor-widget elementor-widget-image\" data-id=\"444f955\" data-element_type=\"widget\" data-e-type=\"widget\" data-widget_type=\"image.default\">\n\t\t\t\t<div class=\"elementor-widget-container\">\n\t\t\t\t\t\t\t\t\t\t\t\t<figure class=\"wp-caption\">\n\t\t\t\t\t\t\t\t\t\t\t<a href=\"https:\/\/quickshot.com.br\/es\/wp-content\/uploads\/2024\/04\/retentores_14_mm.jpg\" data-elementor-open-lightbox=\"yes\" data-elementor-lightbox-title=\"Ferramenta para instala\u00e7\u00e3o bucha \u2013 retentores 14mm\" data-elementor-lightbox-description=\"Ferramenta para instala\u00e7\u00e3o bucha \u2013 retentores 14mm\" data-e-action-hash=\"#elementor-action%3Aaction%3Dlightbox%26settings%3DeyJpZCI6MTE3OCwidXJsIjoiaHR0cHM6XC9cL3F1aWNrc2hvdC5jb20uYnJcL2VzXC93cC1jb250ZW50XC91cGxvYWRzXC8yMDI0XC8wNFwvcmV0ZW50b3Jlc18xNF9tbS5qcGcifQ%3D%3D\">\n\t\t\t\t\t\t\t<img fetchpriority=\"high\" decoding=\"async\" width=\"600\" height=\"600\" src=\"https:\/\/quickshot.com.br\/es\/wp-content\/uploads\/2024\/04\/retentores_14_mm.jpg\" class=\"attachment-full size-full wp-image-1178\" alt=\"Ferramenta para instala\u00e7\u00e3o bucha \u2013 retentores 14mm\" srcset=\"https:\/\/quickshot.com.br\/es\/wp-content\/uploads\/2024\/04\/retentores_14_mm.jpg 600w, https:\/\/quickshot.com.br\/es\/wp-content\/uploads\/2024\/04\/retentores_14_mm-300x300.jpg 300w, https:\/\/quickshot.com.br\/es\/wp-content\/uploads\/2024\/04\/retentores_14_mm-150x150.jpg 150w\" sizes=\"(max-width: 600px) 100vw, 600px\" \/>\t\t\t\t\t\t\t\t<\/a>\n\t\t\t\t\t\t\t\t\t\t\t<figcaption class=\"widget-image-caption wp-caption-text\">Ferramenta para instala\u00e7\u00e3o bucha \u2013 retentores 14mm<\/figcaption>\n\t\t\t\t\t\t\t\t\t\t<\/figure>\n\t\t\t\t\t\t\t\t\t<\/div>\n\t\t\t\t<\/div>\n\t\t\t\t<\/div>\n\t\t<div class=\"elementor-element elementor-element-e43e283 e-con-full e-flex e-con e-child\" data-id=\"e43e283\" data-element_type=\"container\" data-e-type=\"container\">\n\t\t\t\t<div class=\"elementor-element elementor-element-3fbbb0e elementor-widget elementor-widget-image\" data-id=\"3fbbb0e\" data-element_type=\"widget\" data-e-type=\"widget\" data-widget_type=\"image.default\">\n\t\t\t\t<div class=\"elementor-widget-container\">\n\t\t\t\t\t\t\t\t\t\t\t\t<figure class=\"wp-caption\">\n\t\t\t\t\t\t\t\t\t\t\t<a href=\"https:\/\/quickshot.com.br\/es\/wp-content\/uploads\/2024\/04\/retentores_18mm_01.jpg\" data-elementor-open-lightbox=\"yes\" data-elementor-lightbox-title=\"Ferramenta para instala\u00e7\u00e3o bucha \u2013 retentores 18mm\" data-elementor-lightbox-description=\"Ferramenta para instala\u00e7\u00e3o bucha \u2013 retentores 18mm\" data-e-action-hash=\"#elementor-action%3Aaction%3Dlightbox%26settings%3DeyJpZCI6MTE4MCwidXJsIjoiaHR0cHM6XC9cL3F1aWNrc2hvdC5jb20uYnJcL2VzXC93cC1jb250ZW50XC91cGxvYWRzXC8yMDI0XC8wNFwvcmV0ZW50b3Jlc18xOG1tXzAxLmpwZyJ9\">\n\t\t\t\t\t\t\t<img decoding=\"async\" width=\"600\" height=\"600\" src=\"https:\/\/quickshot.com.br\/es\/wp-content\/uploads\/2024\/04\/retentores_18mm_01.jpg\" class=\"attachment-full size-full wp-image-1180\" alt=\"Ferramenta para instala\u00e7\u00e3o bucha \u2013 retentores 18mm\" srcset=\"https:\/\/quickshot.com.br\/es\/wp-content\/uploads\/2024\/04\/retentores_18mm_01.jpg 600w, https:\/\/quickshot.com.br\/es\/wp-content\/uploads\/2024\/04\/retentores_18mm_01-300x300.jpg 300w, https:\/\/quickshot.com.br\/es\/wp-content\/uploads\/2024\/04\/retentores_18mm_01-150x150.jpg 150w\" sizes=\"(max-width: 600px) 100vw, 600px\" \/>\t\t\t\t\t\t\t\t<\/a>\n\t\t\t\t\t\t\t\t\t\t\t<figcaption class=\"widget-image-caption wp-caption-text\">Ferramenta para instala\u00e7\u00e3o bucha \u2013 retentores 18mm<\/figcaption>\n\t\t\t\t\t\t\t\t\t\t<\/figure>\n\t\t\t\t\t\t\t\t\t<\/div>\n\t\t\t\t<\/div>\n\t\t\t\t<\/div>\n\t\t<div class=\"elementor-element elementor-element-0cb3589 e-con-full e-flex e-con e-child\" data-id=\"0cb3589\" data-element_type=\"container\" data-e-type=\"container\">\n\t\t\t\t<div class=\"elementor-element elementor-element-d3e323a elementor-widget elementor-widget-image\" data-id=\"d3e323a\" data-element_type=\"widget\" data-e-type=\"widget\" data-widget_type=\"image.default\">\n\t\t\t\t<div class=\"elementor-widget-container\">\n\t\t\t\t\t\t\t\t\t\t\t\t<figure class=\"wp-caption\">\n\t\t\t\t\t\t\t\t\t\t\t<a href=\"https:\/\/quickshot.com.br\/es\/wp-content\/uploads\/2024\/04\/retentores_18mm_02.jpg\" data-elementor-open-lightbox=\"yes\" data-elementor-lightbox-title=\"Ferramenta para instala\u00e7\u00e3o bucha \u2013 retentores 18mm\" data-elementor-lightbox-description=\"Ferramenta para instala\u00e7\u00e3o bucha \u2013 retentores 18mm\" data-e-action-hash=\"#elementor-action%3Aaction%3Dlightbox%26settings%3DeyJpZCI6MTE4MSwidXJsIjoiaHR0cHM6XC9cL3F1aWNrc2hvdC5jb20uYnJcL2VzXC93cC1jb250ZW50XC91cGxvYWRzXC8yMDI0XC8wNFwvcmV0ZW50b3Jlc18xOG1tXzAyLmpwZyJ9\">\n\t\t\t\t\t\t\t<img decoding=\"async\" width=\"600\" height=\"600\" src=\"https:\/\/quickshot.com.br\/es\/wp-content\/uploads\/2024\/04\/retentores_18mm_02.jpg\" class=\"attachment-full size-full wp-image-1181\" alt=\"Ferramenta para instala\u00e7\u00e3o bucha \u2013 retentores 18mm\" srcset=\"https:\/\/quickshot.com.br\/es\/wp-content\/uploads\/2024\/04\/retentores_18mm_02.jpg 600w, https:\/\/quickshot.com.br\/es\/wp-content\/uploads\/2024\/04\/retentores_18mm_02-300x300.jpg 300w, https:\/\/quickshot.com.br\/es\/wp-content\/uploads\/2024\/04\/retentores_18mm_02-150x150.jpg 150w\" sizes=\"(max-width: 600px) 100vw, 600px\" \/>\t\t\t\t\t\t\t\t<\/a>\n\t\t\t\t\t\t\t\t\t\t\t<figcaption class=\"widget-image-caption wp-caption-text\">Ferramenta para instala\u00e7\u00e3o bucha \u2013 retentores 18mm<\/figcaption>\n\t\t\t\t\t\t\t\t\t\t<\/figure>\n\t\t\t\t\t\t\t\t\t<\/div>\n\t\t\t\t<\/div>\n\t\t\t\t<\/div>\n\t\t\t\t\t<\/div>\n\t\t\t\t<\/div>\n\t\t\t\t<\/div>\n\t\t","protected":false},"excerpt":{"rendered":"<p>La herramienta para colocar sellos le permite colocar el sello m\u00e1s f\u00e1cilmente en el pist\u00f3n, evitando posibles cortes o fisuras en el sello. Tenemos disponibles herramientas para sellos de pist\u00f3n de: 14mm (FMA.RET14), 16mm (FMA.RET16) y 18mm (FMA.RET18). NOTA:\u00a0No es necesario calentar el sello para usar la herramienta. Ferramenta para instala\u00e7\u00e3o bucha \u2013 retentores 14mm [&hellip;]<\/p>\n","protected":false},"author":1,"featured_media":676,"parent":611,"menu_order":0,"comment_status":"closed","ping_status":"closed","template":"","meta":{"footnotes":""},"class_list":["post-685","page","type-page","status-publish","has-post-thumbnail","hentry"],"yoast_head":"<!-- This site is optimized with the Yoast SEO plugin v27.4 - https:\/\/yoast.com\/product\/yoast-seo-wordpress\/ -->\n<title>Quick Shot | Art\u00edculos deportivos | Cont\u00e1ctenos: +55 19 3801-1000 | Herramienta de Montaje de Sellos<\/title>\n<meta name=\"description\" content=\"Uno de los mayores fabricantes de Ram Gas y accesorios para pistolas de aire comprimido del pa\u00eds. Accesorios exclusivos para Carabina y Airsoft. Componentes que se adaptan a diferentes marcas y modelos de armas a\u00e9reas. La \u00faltima tecnolog\u00eda en repuestos y accesorios para pistolas de aire comprimido.\" \/>\n<meta name=\"robots\" content=\"index, follow, max-snippet:-1, max-image-preview:large, max-video-preview:-1\" \/>\n<link rel=\"canonical\" href=\"https:\/\/quickshot.com.br\/es\/airgun\/mantenimiento\/herramienta-de-montaje-de-sellos\/\" \/>\n<meta property=\"og:locale\" content=\"en_US\" \/>\n<meta property=\"og:type\" content=\"article\" \/>\n<meta property=\"og:title\" content=\"Quick Shot | Art\u00edculos deportivos | Cont\u00e1ctenos: +55 19 3801-1000 | Herramienta de Montaje de Sellos\" \/>\n<meta property=\"og:description\" content=\"Uno de los mayores fabricantes de Ram Gas y accesorios para pistolas de aire comprimido del pa\u00eds. Accesorios exclusivos para Carabina y Airsoft. Componentes que se adaptan a diferentes marcas y modelos de armas a\u00e9reas. La \u00faltima tecnolog\u00eda en repuestos y accesorios para pistolas de aire comprimido.\" \/>\n<meta property=\"og:url\" content=\"https:\/\/quickshot.com.br\/es\/airgun\/mantenimiento\/herramienta-de-montaje-de-sellos\/\" \/>\n<meta property=\"og:site_name\" content=\"Quick Shot\" \/>\n<meta property=\"article:modified_time\" content=\"2024-05-02T05:07:18+00:00\" \/>\n<meta property=\"og:image\" content=\"https:\/\/quickshot.com.br\/es\/wp-content\/uploads\/2024\/04\/bucha-retentores.jpg\" \/>\n\t<meta property=\"og:image:width\" content=\"1000\" \/>\n\t<meta property=\"og:image:height\" content=\"1000\" \/>\n\t<meta property=\"og:image:type\" content=\"image\/jpeg\" \/>\n<meta name=\"twitter:card\" content=\"summary_large_image\" \/>\n<meta name=\"twitter:label1\" content=\"Est. reading time\" \/>\n\t<meta name=\"twitter:data1\" content=\"2 minutes\" \/>\n<script type=\"application\/ld+json\" class=\"yoast-schema-graph\">{\"@context\":\"https:\\\/\\\/schema.org\",\"@graph\":[{\"@type\":\"WebPage\",\"@id\":\"https:\\\/\\\/quickshot.com.br\\\/es\\\/airgun\\\/mantenimiento\\\/herramienta-de-montaje-de-sellos\\\/\",\"url\":\"https:\\\/\\\/quickshot.com.br\\\/es\\\/airgun\\\/mantenimiento\\\/herramienta-de-montaje-de-sellos\\\/\",\"name\":\"Quick Shot | Art\u00edculos deportivos | Cont\u00e1ctenos: +55 19 3801-1000 | Herramienta de Montaje de Sellos\",\"isPartOf\":{\"@id\":\"https:\\\/\\\/quickshot.com.br\\\/es\\\/#website\"},\"primaryImageOfPage\":{\"@id\":\"https:\\\/\\\/quickshot.com.br\\\/es\\\/airgun\\\/mantenimiento\\\/herramienta-de-montaje-de-sellos\\\/#primaryimage\"},\"image\":{\"@id\":\"https:\\\/\\\/quickshot.com.br\\\/es\\\/airgun\\\/mantenimiento\\\/herramienta-de-montaje-de-sellos\\\/#primaryimage\"},\"thumbnailUrl\":\"https:\\\/\\\/quickshot.com.br\\\/es\\\/wp-content\\\/uploads\\\/2024\\\/04\\\/bucha-retentores.jpg\",\"datePublished\":\"2024-04-26T15:01:46+00:00\",\"dateModified\":\"2024-05-02T05:07:18+00:00\",\"description\":\"Uno de los mayores fabricantes de Ram Gas y accesorios para pistolas de aire comprimido del pa\u00eds. Accesorios exclusivos para Carabina y Airsoft. Componentes que se adaptan a diferentes marcas y modelos de armas a\u00e9reas. La \u00faltima tecnolog\u00eda en repuestos y accesorios para pistolas de aire comprimido.\",\"breadcrumb\":{\"@id\":\"https:\\\/\\\/quickshot.com.br\\\/es\\\/airgun\\\/mantenimiento\\\/herramienta-de-montaje-de-sellos\\\/#breadcrumb\"},\"inLanguage\":\"en-US\",\"potentialAction\":[{\"@type\":\"ReadAction\",\"target\":[\"https:\\\/\\\/quickshot.com.br\\\/es\\\/airgun\\\/mantenimiento\\\/herramienta-de-montaje-de-sellos\\\/\"]}]},{\"@type\":\"ImageObject\",\"inLanguage\":\"en-US\",\"@id\":\"https:\\\/\\\/quickshot.com.br\\\/es\\\/airgun\\\/mantenimiento\\\/herramienta-de-montaje-de-sellos\\\/#primaryimage\",\"url\":\"https:\\\/\\\/quickshot.com.br\\\/es\\\/wp-content\\\/uploads\\\/2024\\\/04\\\/bucha-retentores.jpg\",\"contentUrl\":\"https:\\\/\\\/quickshot.com.br\\\/es\\\/wp-content\\\/uploads\\\/2024\\\/04\\\/bucha-retentores.jpg\",\"width\":1000,\"height\":1000},{\"@type\":\"BreadcrumbList\",\"@id\":\"https:\\\/\\\/quickshot.com.br\\\/es\\\/airgun\\\/mantenimiento\\\/herramienta-de-montaje-de-sellos\\\/#breadcrumb\",\"itemListElement\":[{\"@type\":\"ListItem\",\"position\":1,\"name\":\"Home\",\"item\":\"https:\\\/\\\/quickshot.com.br\\\/es\\\/\"},{\"@type\":\"ListItem\",\"position\":2,\"name\":\"Airgun\",\"item\":\"https:\\\/\\\/quickshot.com.br\\\/es\\\/airgun\\\/\"},{\"@type\":\"ListItem\",\"position\":3,\"name\":\"Mantenimiento\",\"item\":\"https:\\\/\\\/quickshot.com.br\\\/es\\\/airgun\\\/mantenimiento\\\/\"},{\"@type\":\"ListItem\",\"position\":4,\"name\":\"Herramienta de Montaje de Sellos\"}]},{\"@type\":\"WebSite\",\"@id\":\"https:\\\/\\\/quickshot.com.br\\\/es\\\/#website\",\"url\":\"https:\\\/\\\/quickshot.com.br\\\/es\\\/\",\"name\":\"Quick Shot\",\"description\":\"Uno de los mayores fabricantes de Ram Gas y accesorios para pistolas de aire comprimido del pa\u00eds. Accesorios exclusivos para Carabina y Airsoft. Componentes que se adaptan a diferentes marcas y modelos de armas a\u00e9reas. La \u00faltima tecnolog\u00eda en repuestos y accesorios para pistolas de aire comprimido.\",\"publisher\":{\"@id\":\"https:\\\/\\\/quickshot.com.br\\\/es\\\/#organization\"},\"alternateName\":\"Quick Shot | Art\u00edculos deportivos | Cont\u00e1ctenos: +55 19 3801-1000\",\"potentialAction\":[{\"@type\":\"SearchAction\",\"target\":{\"@type\":\"EntryPoint\",\"urlTemplate\":\"https:\\\/\\\/quickshot.com.br\\\/es\\\/?s={search_term_string}\"},\"query-input\":{\"@type\":\"PropertyValueSpecification\",\"valueRequired\":true,\"valueName\":\"search_term_string\"}}],\"inLanguage\":\"en-US\"},{\"@type\":\"Organization\",\"@id\":\"https:\\\/\\\/quickshot.com.br\\\/es\\\/#organization\",\"name\":\"Quick Shot\",\"alternateName\":\"Quick Shot | Art\u00edculos deportivos | Cont\u00e1ctenos: +55 19 3801-1000\",\"url\":\"https:\\\/\\\/quickshot.com.br\\\/es\\\/\",\"logo\":{\"@type\":\"ImageObject\",\"inLanguage\":\"en-US\",\"@id\":\"https:\\\/\\\/quickshot.com.br\\\/es\\\/#\\\/schema\\\/logo\\\/image\\\/\",\"url\":\"https:\\\/\\\/quickshot.com.br\\\/es\\\/wp-content\\\/uploads\\\/2024\\\/04\\\/logo.jpg\",\"contentUrl\":\"https:\\\/\\\/quickshot.com.br\\\/es\\\/wp-content\\\/uploads\\\/2024\\\/04\\\/logo.jpg\",\"width\":450,\"height\":156,\"caption\":\"Quick Shot\"},\"image\":{\"@id\":\"https:\\\/\\\/quickshot.com.br\\\/es\\\/#\\\/schema\\\/logo\\\/image\\\/\"}}]}<\/script>\n<!-- \/ Yoast SEO plugin. -->","yoast_head_json":{"title":"Quick Shot | Art\u00edculos deportivos | Cont\u00e1ctenos: +55 19 3801-1000 | Herramienta de Montaje de Sellos","description":"Uno de los mayores fabricantes de Ram Gas y accesorios para pistolas de aire comprimido del pa\u00eds. Accesorios exclusivos para Carabina y Airsoft. Componentes que se adaptan a diferentes marcas y modelos de armas a\u00e9reas. La \u00faltima tecnolog\u00eda en repuestos y accesorios para pistolas de aire comprimido.","robots":{"index":"index","follow":"follow","max-snippet":"max-snippet:-1","max-image-preview":"max-image-preview:large","max-video-preview":"max-video-preview:-1"},"canonical":"https:\/\/quickshot.com.br\/es\/airgun\/mantenimiento\/herramienta-de-montaje-de-sellos\/","og_locale":"en_US","og_type":"article","og_title":"Quick Shot | Art\u00edculos deportivos | Cont\u00e1ctenos: +55 19 3801-1000 | Herramienta de Montaje de Sellos","og_description":"Uno de los mayores fabricantes de Ram Gas y accesorios para pistolas de aire comprimido del pa\u00eds. Accesorios exclusivos para Carabina y Airsoft. Componentes que se adaptan a diferentes marcas y modelos de armas a\u00e9reas. La \u00faltima tecnolog\u00eda en repuestos y accesorios para pistolas de aire comprimido.","og_url":"https:\/\/quickshot.com.br\/es\/airgun\/mantenimiento\/herramienta-de-montaje-de-sellos\/","og_site_name":"Quick Shot","article_modified_time":"2024-05-02T05:07:18+00:00","og_image":[{"width":1000,"height":1000,"url":"https:\/\/quickshot.com.br\/es\/wp-content\/uploads\/2024\/04\/bucha-retentores.jpg","type":"image\/jpeg"}],"twitter_card":"summary_large_image","twitter_misc":{"Est. reading time":"2 minutes"},"schema":{"@context":"https:\/\/schema.org","@graph":[{"@type":"WebPage","@id":"https:\/\/quickshot.com.br\/es\/airgun\/mantenimiento\/herramienta-de-montaje-de-sellos\/","url":"https:\/\/quickshot.com.br\/es\/airgun\/mantenimiento\/herramienta-de-montaje-de-sellos\/","name":"Quick Shot | Art\u00edculos deportivos | Cont\u00e1ctenos: +55 19 3801-1000 | Herramienta de Montaje de Sellos","isPartOf":{"@id":"https:\/\/quickshot.com.br\/es\/#website"},"primaryImageOfPage":{"@id":"https:\/\/quickshot.com.br\/es\/airgun\/mantenimiento\/herramienta-de-montaje-de-sellos\/#primaryimage"},"image":{"@id":"https:\/\/quickshot.com.br\/es\/airgun\/mantenimiento\/herramienta-de-montaje-de-sellos\/#primaryimage"},"thumbnailUrl":"https:\/\/quickshot.com.br\/es\/wp-content\/uploads\/2024\/04\/bucha-retentores.jpg","datePublished":"2024-04-26T15:01:46+00:00","dateModified":"2024-05-02T05:07:18+00:00","description":"Uno de los mayores fabricantes de Ram Gas y accesorios para pistolas de aire comprimido del pa\u00eds. Accesorios exclusivos para Carabina y Airsoft. Componentes que se adaptan a diferentes marcas y modelos de armas a\u00e9reas. La \u00faltima tecnolog\u00eda en repuestos y accesorios para pistolas de aire comprimido.","breadcrumb":{"@id":"https:\/\/quickshot.com.br\/es\/airgun\/mantenimiento\/herramienta-de-montaje-de-sellos\/#breadcrumb"},"inLanguage":"en-US","potentialAction":[{"@type":"ReadAction","target":["https:\/\/quickshot.com.br\/es\/airgun\/mantenimiento\/herramienta-de-montaje-de-sellos\/"]}]},{"@type":"ImageObject","inLanguage":"en-US","@id":"https:\/\/quickshot.com.br\/es\/airgun\/mantenimiento\/herramienta-de-montaje-de-sellos\/#primaryimage","url":"https:\/\/quickshot.com.br\/es\/wp-content\/uploads\/2024\/04\/bucha-retentores.jpg","contentUrl":"https:\/\/quickshot.com.br\/es\/wp-content\/uploads\/2024\/04\/bucha-retentores.jpg","width":1000,"height":1000},{"@type":"BreadcrumbList","@id":"https:\/\/quickshot.com.br\/es\/airgun\/mantenimiento\/herramienta-de-montaje-de-sellos\/#breadcrumb","itemListElement":[{"@type":"ListItem","position":1,"name":"Home","item":"https:\/\/quickshot.com.br\/es\/"},{"@type":"ListItem","position":2,"name":"Airgun","item":"https:\/\/quickshot.com.br\/es\/airgun\/"},{"@type":"ListItem","position":3,"name":"Mantenimiento","item":"https:\/\/quickshot.com.br\/es\/airgun\/mantenimiento\/"},{"@type":"ListItem","position":4,"name":"Herramienta de Montaje de Sellos"}]},{"@type":"WebSite","@id":"https:\/\/quickshot.com.br\/es\/#website","url":"https:\/\/quickshot.com.br\/es\/","name":"Quick Shot","description":"Uno de los mayores fabricantes de Ram Gas y accesorios para pistolas de aire comprimido del pa\u00eds. Accesorios exclusivos para Carabina y Airsoft. Componentes que se adaptan a diferentes marcas y modelos de armas a\u00e9reas. La \u00faltima tecnolog\u00eda en repuestos y accesorios para pistolas de aire comprimido.","publisher":{"@id":"https:\/\/quickshot.com.br\/es\/#organization"},"alternateName":"Quick Shot | Art\u00edculos deportivos | Cont\u00e1ctenos: +55 19 3801-1000","potentialAction":[{"@type":"SearchAction","target":{"@type":"EntryPoint","urlTemplate":"https:\/\/quickshot.com.br\/es\/?s={search_term_string}"},"query-input":{"@type":"PropertyValueSpecification","valueRequired":true,"valueName":"search_term_string"}}],"inLanguage":"en-US"},{"@type":"Organization","@id":"https:\/\/quickshot.com.br\/es\/#organization","name":"Quick Shot","alternateName":"Quick Shot | Art\u00edculos deportivos | Cont\u00e1ctenos: +55 19 3801-1000","url":"https:\/\/quickshot.com.br\/es\/","logo":{"@type":"ImageObject","inLanguage":"en-US","@id":"https:\/\/quickshot.com.br\/es\/#\/schema\/logo\/image\/","url":"https:\/\/quickshot.com.br\/es\/wp-content\/uploads\/2024\/04\/logo.jpg","contentUrl":"https:\/\/quickshot.com.br\/es\/wp-content\/uploads\/2024\/04\/logo.jpg","width":450,"height":156,"caption":"Quick Shot"},"image":{"@id":"https:\/\/quickshot.com.br\/es\/#\/schema\/logo\/image\/"}}]}},"_links":{"self":[{"href":"https:\/\/quickshot.com.br\/es\/wp-json\/wp\/v2\/pages\/685","targetHints":{"allow":["GET"]}}],"collection":[{"href":"https:\/\/quickshot.com.br\/es\/wp-json\/wp\/v2\/pages"}],"about":[{"href":"https:\/\/quickshot.com.br\/es\/wp-json\/wp\/v2\/types\/page"}],"author":[{"embeddable":true,"href":"https:\/\/quickshot.com.br\/es\/wp-json\/wp\/v2\/users\/1"}],"replies":[{"embeddable":true,"href":"https:\/\/quickshot.com.br\/es\/wp-json\/wp\/v2\/comments?post=685"}],"version-history":[{"count":5,"href":"https:\/\/quickshot.com.br\/es\/wp-json\/wp\/v2\/pages\/685\/revisions"}],"predecessor-version":[{"id":1702,"href":"https:\/\/quickshot.com.br\/es\/wp-json\/wp\/v2\/pages\/685\/revisions\/1702"}],"up":[{"embeddable":true,"href":"https:\/\/quickshot.com.br\/es\/wp-json\/wp\/v2\/pages\/611"}],"wp:featuredmedia":[{"embeddable":true,"href":"https:\/\/quickshot.com.br\/es\/wp-json\/wp\/v2\/media\/676"}],"wp:attachment":[{"href":"https:\/\/quickshot.com.br\/es\/wp-json\/wp\/v2\/media?parent=685"}],"curies":[{"name":"wp","href":"https:\/\/api.w.org\/{rel}","templated":true}]}}